{"id":3702,"date":"2015-04-25T17:26:41","date_gmt":"2015-04-25T17:26:41","guid":{"rendered":"http:\/\/www2.caladimola.it\/caladimola\/?page_id=3702"},"modified":"2015-05-11T09:37:29","modified_gmt":"2015-05-11T09:37:29","slug":"kayak-tretboote-und-schiffsausfluege","status":"publish","type":"page","link":"https:\/\/www.caladimola.it\/de\/kayak-tretboote-und-schiffsausfluege\/","title":{"rendered":"Kayak, Tretboote Und Schiffsausfluege"},"content":{"rendered":"<div id='full_slider_1'  class='avia-fullwidth-slider main_color avia-shadow   avia-builder-el-0  el_before_av_one_half  avia-builder-el-first   container_wrap sidebar_right'  ><div  class='avia-slideshow av-av_slideshow_full-071fb7913eeee76b3207232edfa9da98 avia-slideshow-featured_large av_slideshow_full avia-slide-slider av-slideshow-ui av-control-default av-slideshow-manual av-loop-once av-loop-manual-endless av-default-height-applied   avia-slideshow-1' data-slideshow-options=\"{&quot;animation&quot;:&quot;slide&quot;,&quot;autoplay&quot;:false,&quot;loop_autoplay&quot;:&quot;once&quot;,&quot;interval&quot;:5,&quot;loop_manual&quot;:&quot;manual-endless&quot;,&quot;autoplay_stopper&quot;:false,&quot;noNavigation&quot;:false,&quot;bg_slider&quot;:false,&quot;keep_padding&quot;:false,&quot;hoverpause&quot;:false,&quot;show_slide_delay&quot;:0}\"  itemprop=\"image\" itemscope=\"itemscope\" itemtype=\"https:\/\/schema.org\/ImageObject\" ><ul class='avia-slideshow-inner ' style='padding-bottom: 42%;'><li  class='avia-slideshow-slide av-av_slideshow_full-071fb7913eeee76b3207232edfa9da98__0  av-single-slide slide-1 slide-odd'><div data-rel='slideshow-1' class='avia-slide-wrap '   ><img decoding=\"async\" fetchpriority=\"high\" class=\"wp-image-2047 avia-img-lazy-loading-not-2047\"  src=\"https:\/\/www.caladimola.it\/wp-content\/uploads\/sites\/2\/2014\/12\/ACF_2113-1500x630.jpg\" width=\"1500\" height=\"630\" title='ACF_2113' alt=''  itemprop=\"thumbnailUrl\"   \/><\/div><\/li><\/ul><\/div><\/div><div id='after_full_slider_1'  class='main_color av_default_container_wrap container_wrap sidebar_right'  ><div class='container av-section-cont-open' ><div class='template-page content  av-content-small alpha units'><div class='post-entry post-entry-type-page post-entry-3702'><div class='entry-content-wrapper clearfix'>\n<div  class='flex_column av-av_one_half-2a9015ff38129c418a3f2eafba3e9512 av_one_half  avia-builder-el-1  el_after_av_slideshow_full  el_before_av_one_half  avia-builder-el-first  first flex_column_div  '     ><style type=\"text\/css\" data-created_by=\"avia_inline_auto\" id=\"style-css-av-av_textblock-fae8699d538200a543ba402659dba9b0\">\n#top .av_textblock_section.av-av_textblock-fae8699d538200a543ba402659dba9b0 .avia_textblock{\nfont-size:16px;\n}\n<\/style>\n<section  class='av_textblock_section av-av_textblock-fae8699d538200a543ba402659dba9b0 '   itemscope=\"itemscope\" itemtype=\"https:\/\/schema.org\/CreativeWork\" ><div class='avia_textblock'  itemprop=\"text\" ><p>F\u00fcr unsere sportlichen G\u00e4ste und Meerliebhaber besteht die M\u00f6glichkeit direkt an unserem privaten Anlegesteg Kajaks, Tretboote und Schlauchboote zu mieten, um die ansonsten unerreichbaren Sch\u00f6nheiten der Mola Bucht und der angrenzenden K\u00fcste zu erkunden.<\/p>\n<\/div><\/section><\/div><div  class='flex_column av-av_one_half-1c47c10d9dd6b9bc0b68f292c1cf5942 av_one_half  avia-builder-el-3  el_after_av_one_half  el_before_av_masonry_gallery  avia-builder-el-last  flex_column_div  '     ><style type=\"text\/css\" data-created_by=\"avia_inline_auto\" id=\"style-css-av-av_textblock-fae8699d538200a543ba402659dba9b0\">\n#top .av_textblock_section.av-av_textblock-fae8699d538200a543ba402659dba9b0 .avia_textblock{\nfont-size:16px;\n}\n<\/style>\n<section  class='av_textblock_section av-av_textblock-fae8699d538200a543ba402659dba9b0 '   itemscope=\"itemscope\" itemtype=\"https:\/\/schema.org\/CreativeWork\" ><div class='avia_textblock'  itemprop=\"text\" ><p>Und ausserdem, f\u00fcr die Entdeckungslustigen organisieren wir Schiffsausfl\u00fcge die Sie zu unber\u00fcrhten Orten, wie die alten Minen und Bergwerken und die M\u00f6wenk\u00fcste, begleiten werden.<\/p>\n<\/div><\/section><\/div><div id='av-masonry-1' class='av-masonry av-av_masonry_gallery-95c02191350e0259ec4ab5e6fc1bb8f0 noHover av-fixed-size av-no-gap av-hover-overlay-active av-masonry-animation-active av-masonry-col-flexible av-caption-on-hover av-caption-style- av-masonry-gallery ' data-post_id=\"3702\"><div class=\"av-masonry-container isotope av-js-disabled\"><div class='av-masonry-entry isotope-item av-masonry-item-no-image '><\/div><a href=\"https:\/\/www.caladimola.it\/wp-content\/uploads\/sites\/2\/2015\/03\/IMG_4322.jpg\" data-srcset=\"https:\/\/www.caladimola.it\/wp-content\/uploads\/sites\/2\/2015\/03\/IMG_4322.jpg 816w, https:\/\/www.caladimola.it\/wp-content\/uploads\/sites\/2\/2015\/03\/IMG_4322-300x169.jpg 300w, https:\/\/www.caladimola.it\/wp-content\/uploads\/sites\/2\/2015\/03\/IMG_4322-705x397.jpg 705w, https:\/\/www.caladimola.it\/wp-content\/uploads\/sites\/2\/2015\/03\/IMG_4322-450x253.jpg 450w\" data-sizes=\"(max-width: 816px) 100vw, 816px\"  aria-label=\"Bild IMG_4322\"  id='av-masonry-1-item-2522' data-av-masonry-item='2522' class='av-masonry-entry isotope-item post-2522 attachment type-attachment status-inherit hentry  av-masonry-item-with-image' title=\"IMG_4322\" alt=\"\"    itemprop=\"thumbnailUrl\" ><div class='av-inner-masonry-sizer'><\/div><figure class='av-inner-masonry main_color'><div class=\"av-masonry-outerimage-container\"><div class='av-masonry-image-container' style=\"background-image: url(https:\/\/www.caladimola.it\/wp-content\/uploads\/sites\/2\/2015\/03\/IMG_4322-705x397.jpg);\"  title=\"IMG_4322\" ><\/div><\/div><\/figure><\/a><!--end av-masonry entry--><a href=\"https:\/\/www.caladimola.it\/wp-content\/uploads\/sites\/2\/2014\/12\/ACF_2116-1030x684.jpg\" data-srcset=\"https:\/\/www.caladimola.it\/wp-content\/uploads\/sites\/2\/2014\/12\/ACF_2116-1030x684.jpg 1030w, https:\/\/www.caladimola.it\/wp-content\/uploads\/sites\/2\/2014\/12\/ACF_2116-300x199.jpg 300w, https:\/\/www.caladimola.it\/wp-content\/uploads\/sites\/2\/2014\/12\/ACF_2116-705x468.jpg 705w, https:\/\/www.caladimola.it\/wp-content\/uploads\/sites\/2\/2014\/12\/ACF_2116-450x299.jpg 450w, https:\/\/www.caladimola.it\/wp-content\/uploads\/sites\/2\/2014\/12\/ACF_2116.jpg 1200w\" data-sizes=\"(max-width: 1030px) 100vw, 1030px\"  aria-label=\"Bild ACF_2116\"  id='av-masonry-1-item-2051' data-av-masonry-item='2051' class='av-masonry-entry isotope-item post-2051 attachment type-attachment status-inherit hentry  av-masonry-item-with-image' title=\"ACF_2116\" alt=\"\"    itemprop=\"thumbnailUrl\" ><div class='av-inner-masonry-sizer'><\/div><figure class='av-inner-masonry main_color'><div class=\"av-masonry-outerimage-container\"><div class='av-masonry-image-container' style=\"background-image: url(https:\/\/www.caladimola.it\/wp-content\/uploads\/sites\/2\/2014\/12\/ACF_2116-705x468.jpg);\"  title=\"ACF_2116\" ><\/div><\/div><\/figure><\/a><!--end av-masonry entry--><a href=\"https:\/\/www.caladimola.it\/wp-content\/uploads\/sites\/2\/2014\/12\/ACF_2113-1030x684.jpg\" data-srcset=\"https:\/\/www.caladimola.it\/wp-content\/uploads\/sites\/2\/2014\/12\/ACF_2113-1030x684.jpg 1030w, https:\/\/www.caladimola.it\/wp-content\/uploads\/sites\/2\/2014\/12\/ACF_2113-300x199.jpg 300w, https:\/\/www.caladimola.it\/wp-content\/uploads\/sites\/2\/2014\/12\/ACF_2113-1500x997.jpg 1500w, https:\/\/www.caladimola.it\/wp-content\/uploads\/sites\/2\/2014\/12\/ACF_2113-705x468.jpg 705w, https:\/\/www.caladimola.it\/wp-content\/uploads\/sites\/2\/2014\/12\/ACF_2113-450x299.jpg 450w, https:\/\/www.caladimola.it\/wp-content\/uploads\/sites\/2\/2014\/12\/ACF_2113.jpg 1600w\" data-sizes=\"(max-width: 1030px) 100vw, 1030px\"  aria-label=\"Bild ACF_2113\"  id='av-masonry-1-item-2047' data-av-masonry-item='2047' class='av-masonry-entry isotope-item post-2047 attachment type-attachment status-inherit hentry  av-masonry-item-with-image' title=\"ACF_2113\" alt=\"\"    itemprop=\"thumbnailUrl\" ><div class='av-inner-masonry-sizer'><\/div><figure class='av-inner-masonry main_color'><div class=\"av-masonry-outerimage-container\"><div class='av-masonry-image-container' style=\"background-image: url(https:\/\/www.caladimola.it\/wp-content\/uploads\/sites\/2\/2014\/12\/ACF_2113-705x468.jpg);\"  title=\"ACF_2113\" ><\/div><\/div><\/figure><\/a><!--end av-masonry entry--><a href=\"https:\/\/www.caladimola.it\/wp-content\/uploads\/sites\/2\/2015\/03\/DSCN1750-1030x576.jpg\" data-srcset=\"https:\/\/www.caladimola.it\/wp-content\/uploads\/sites\/2\/2015\/03\/DSCN1750-1030x576.jpg 1030w, https:\/\/www.caladimola.it\/wp-content\/uploads\/sites\/2\/2015\/03\/DSCN1750-300x168.jpg 300w, https:\/\/www.caladimola.it\/wp-content\/uploads\/sites\/2\/2015\/03\/DSCN1750-705x394.jpg 705w, https:\/\/www.caladimola.it\/wp-content\/uploads\/sites\/2\/2015\/03\/DSCN1750-450x252.jpg 450w, https:\/\/www.caladimola.it\/wp-content\/uploads\/sites\/2\/2015\/03\/DSCN1750.jpg 1280w\" data-sizes=\"(max-width: 1030px) 100vw, 1030px\"  aria-label=\"Bild DSCN1750\"  id='av-masonry-1-item-2831' data-av-masonry-item='2831' class='av-masonry-entry isotope-item post-2831 attachment type-attachment status-inherit hentry  av-masonry-item-with-image' title=\"DSCN1750\" alt=\"\"    itemprop=\"thumbnailUrl\" ><div class='av-inner-masonry-sizer'><\/div><figure class='av-inner-masonry main_color'><div class=\"av-masonry-outerimage-container\"><div class='av-masonry-image-container' style=\"background-image: url(https:\/\/www.caladimola.it\/wp-content\/uploads\/sites\/2\/2015\/03\/DSCN1750-705x394.jpg);\"  title=\"DSCN1750\" ><\/div><\/div><\/figure><\/a><!--end av-masonry entry--><a href=\"https:\/\/www.caladimola.it\/wp-content\/uploads\/sites\/2\/2015\/03\/DSCN1752-1030x592.jpg\" data-srcset=\"https:\/\/www.caladimola.it\/wp-content\/uploads\/sites\/2\/2015\/03\/DSCN1752-1030x592.jpg 1030w, https:\/\/www.caladimola.it\/wp-content\/uploads\/sites\/2\/2015\/03\/DSCN1752-300x173.jpg 300w, https:\/\/www.caladimola.it\/wp-content\/uploads\/sites\/2\/2015\/03\/DSCN1752-705x405.jpg 705w, https:\/\/www.caladimola.it\/wp-content\/uploads\/sites\/2\/2015\/03\/DSCN1752-450x259.jpg 450w, https:\/\/www.caladimola.it\/wp-content\/uploads\/sites\/2\/2015\/03\/DSCN1752.jpg 1280w\" data-sizes=\"(max-width: 1030px) 100vw, 1030px\"  aria-label=\"Bild DSCN1752\"  id='av-masonry-1-item-2835' data-av-masonry-item='2835' class='av-masonry-entry isotope-item post-2835 attachment type-attachment status-inherit hentry  av-masonry-item-with-image' title=\"DSCN1752\" alt=\"\"    itemprop=\"thumbnailUrl\" ><div class='av-inner-masonry-sizer'><\/div><figure class='av-inner-masonry main_color'><div class=\"av-masonry-outerimage-container\"><div class='av-masonry-image-container' style=\"background-image: url(https:\/\/www.caladimola.it\/wp-content\/uploads\/sites\/2\/2015\/03\/DSCN1752-705x405.jpg);\"  title=\"DSCN1752\" ><\/div><\/div><\/figure><\/a><!--end av-masonry entry--><a href=\"https:\/\/www.caladimola.it\/wp-content\/uploads\/sites\/2\/2015\/03\/DSCN1755-1030x635.jpg\" data-srcset=\"https:\/\/www.caladimola.it\/wp-content\/uploads\/sites\/2\/2015\/03\/DSCN1755-1030x635.jpg 1030w, https:\/\/www.caladimola.it\/wp-content\/uploads\/sites\/2\/2015\/03\/DSCN1755-300x185.jpg 300w, https:\/\/www.caladimola.it\/wp-content\/uploads\/sites\/2\/2015\/03\/DSCN1755-705x435.jpg 705w, https:\/\/www.caladimola.it\/wp-content\/uploads\/sites\/2\/2015\/03\/DSCN1755-450x277.jpg 450w, https:\/\/www.caladimola.it\/wp-content\/uploads\/sites\/2\/2015\/03\/DSCN1755.jpg 1280w\" data-sizes=\"(max-width: 1030px) 100vw, 1030px\"  aria-label=\"Bild DSCN1755\"  id='av-masonry-1-item-2839' data-av-masonry-item='2839' class='av-masonry-entry isotope-item post-2839 attachment type-attachment status-inherit hentry  av-masonry-item-with-image' title=\"DSCN1755\" alt=\"\"    itemprop=\"thumbnailUrl\" ><div class='av-inner-masonry-sizer'><\/div><figure class='av-inner-masonry main_color'><div class=\"av-masonry-outerimage-container\"><div class='av-masonry-image-container' style=\"background-image: url(https:\/\/www.caladimola.it\/wp-content\/uploads\/sites\/2\/2015\/03\/DSCN1755-705x435.jpg);\"  title=\"DSCN1755\" ><\/div><\/div><\/figure><\/a><!--end av-masonry entry--><a href=\"https:\/\/www.caladimola.it\/wp-content\/uploads\/sites\/2\/2015\/03\/DSCN1768-1030x672.jpg\" data-srcset=\"https:\/\/www.caladimola.it\/wp-content\/uploads\/sites\/2\/2015\/03\/DSCN1768-1030x672.jpg 1030w, https:\/\/www.caladimola.it\/wp-content\/uploads\/sites\/2\/2015\/03\/DSCN1768-300x196.jpg 300w, https:\/\/www.caladimola.it\/wp-content\/uploads\/sites\/2\/2015\/03\/DSCN1768-705x460.jpg 705w, https:\/\/www.caladimola.it\/wp-content\/uploads\/sites\/2\/2015\/03\/DSCN1768-450x294.jpg 450w, https:\/\/www.caladimola.it\/wp-content\/uploads\/sites\/2\/2015\/03\/DSCN1768.jpg 1280w\" data-sizes=\"(max-width: 1030px) 100vw, 1030px\"  aria-label=\"Bild DSCN1768\"  id='av-masonry-1-item-2843' data-av-masonry-item='2843' class='av-masonry-entry isotope-item post-2843 attachment type-attachment status-inherit hentry  av-masonry-item-with-image' title=\"DSCN1768\" alt=\"\"    itemprop=\"thumbnailUrl\" ><div class='av-inner-masonry-sizer'><\/div><figure class='av-inner-masonry main_color'><div class=\"av-masonry-outerimage-container\"><div class='av-masonry-image-container' style=\"background-image: url(https:\/\/www.caladimola.it\/wp-content\/uploads\/sites\/2\/2015\/03\/DSCN1768-705x460.jpg);\"  title=\"DSCN1768\" ><\/div><\/div><\/figure><\/a><!--end av-masonry entry--><\/div><\/div><\/p>\n","protected":false},"excerpt":{"rendered":"","protected":false},"author":1,"featured_media":0,"parent":0,"menu_order":0,"comment_status":"open","ping_status":"open","template":"","meta":{"footnotes":""},"class_list":["post-3702","page","type-page","status-publish","hentry"],"yoast_head":"<!-- This site is optimized with the Yoast SEO plugin v26.7 - https:\/\/yoast.com\/wordpress\/plugins\/seo\/ -->\n<title>Kayak, Tretboote Und Schiffsausfluege - Hotel e Residence Cala di Mola<\/title>\n<meta name=\"robots\" content=\"index, follow, max-snippet:-1, max-image-preview:large, max-video-preview:-1\" \/>\n<link rel=\"canonical\" href=\"https:\/\/www.caladimola.it\/de\/kayak-tretboote-und-schiffsausfluege\/\" \/>\n<meta property=\"og:locale\" content=\"de_DE\" \/>\n<meta property=\"og:type\" content=\"article\" \/>\n<meta property=\"og:title\" content=\"Kayak, Tretboote Und Schiffsausfluege - Hotel e Residence Cala di Mola\" \/>\n<meta property=\"og:url\" content=\"https:\/\/www.caladimola.it\/de\/kayak-tretboote-und-schiffsausfluege\/\" \/>\n<meta property=\"og:site_name\" content=\"Hotel e Residence Cala di Mola\" \/>\n<meta property=\"article:modified_time\" content=\"2015-05-11T09:37:29+00:00\" \/>\n<meta name=\"twitter:card\" content=\"summary_large_image\" \/>\n<meta name=\"twitter:label1\" content=\"Gesch\u00e4tzte Lesezeit\" \/>\n\t<meta name=\"twitter:data1\" content=\"1\u00a0Minute\" \/>\n<script type=\"application\/ld+json\" class=\"yoast-schema-graph\">{\"@context\":\"https:\/\/schema.org\",\"@graph\":[{\"@type\":\"WebPage\",\"@id\":\"https:\/\/www.caladimola.it\/de\/kayak-tretboote-und-schiffsausfluege\/\",\"url\":\"https:\/\/www.caladimola.it\/de\/kayak-tretboote-und-schiffsausfluege\/\",\"name\":\"Kayak, Tretboote Und Schiffsausfluege - Hotel e Residence Cala di Mola\",\"isPartOf\":{\"@id\":\"https:\/\/www.caladimola.it\/#website\"},\"datePublished\":\"2015-04-25T17:26:41+00:00\",\"dateModified\":\"2015-05-11T09:37:29+00:00\",\"breadcrumb\":{\"@id\":\"https:\/\/www.caladimola.it\/de\/kayak-tretboote-und-schiffsausfluege\/#breadcrumb\"},\"inLanguage\":\"de\",\"potentialAction\":[{\"@type\":\"ReadAction\",\"target\":[\"https:\/\/www.caladimola.it\/de\/kayak-tretboote-und-schiffsausfluege\/\"]}]},{\"@type\":\"BreadcrumbList\",\"@id\":\"https:\/\/www.caladimola.it\/de\/kayak-tretboote-und-schiffsausfluege\/#breadcrumb\",\"itemListElement\":[{\"@type\":\"ListItem\",\"position\":1,\"name\":\"Home\",\"item\":\"https:\/\/www.caladimola.it\/de\/homedeu\/\"},{\"@type\":\"ListItem\",\"position\":2,\"name\":\"Kayak, Tretboote Und Schiffsausfluege\"}]},{\"@type\":\"WebSite\",\"@id\":\"https:\/\/www.caladimola.it\/#website\",\"url\":\"https:\/\/www.caladimola.it\/\",\"name\":\"Hotel e Residence Cala di Mola\",\"description\":\"Hotel e Residence a Porto Azzurro Isola D&#039;Elba\",\"publisher\":{\"@id\":\"https:\/\/www.caladimola.it\/#organization\"},\"potentialAction\":[{\"@type\":\"SearchAction\",\"target\":{\"@type\":\"EntryPoint\",\"urlTemplate\":\"https:\/\/www.caladimola.it\/?s={search_term_string}\"},\"query-input\":{\"@type\":\"PropertyValueSpecification\",\"valueRequired\":true,\"valueName\":\"search_term_string\"}}],\"inLanguage\":\"de\"},{\"@type\":\"Organization\",\"@id\":\"https:\/\/www.caladimola.it\/#organization\",\"name\":\"Hotel & Residence Cala di Mola\",\"url\":\"https:\/\/www.caladimola.it\/\",\"logo\":{\"@type\":\"ImageObject\",\"inLanguage\":\"de\",\"@id\":\"https:\/\/www.caladimola.it\/#\/schema\/logo\/image\/\",\"url\":\"https:\/\/www.caladimola.it\/wp-content\/uploads\/sites\/2\/2015\/03\/logo-cala-di-mola-blu.png\",\"contentUrl\":\"https:\/\/www.caladimola.it\/wp-content\/uploads\/sites\/2\/2015\/03\/logo-cala-di-mola-blu.png\",\"width\":250,\"height\":148,\"caption\":\"Hotel & Residence Cala di Mola\"},\"image\":{\"@id\":\"https:\/\/www.caladimola.it\/#\/schema\/logo\/image\/\"}}]}<\/script>\n<!-- \/ Yoast SEO plugin. -->","yoast_head_json":{"title":"Kayak, Tretboote Und Schiffsausfluege - Hotel e Residence Cala di Mola","robots":{"index":"index","follow":"follow","max-snippet":"max-snippet:-1","max-image-preview":"max-image-preview:large","max-video-preview":"max-video-preview:-1"},"canonical":"https:\/\/www.caladimola.it\/de\/kayak-tretboote-und-schiffsausfluege\/","og_locale":"de_DE","og_type":"article","og_title":"Kayak, Tretboote Und Schiffsausfluege - Hotel e Residence Cala di Mola","og_url":"https:\/\/www.caladimola.it\/de\/kayak-tretboote-und-schiffsausfluege\/","og_site_name":"Hotel e Residence Cala di Mola","article_modified_time":"2015-05-11T09:37:29+00:00","twitter_card":"summary_large_image","twitter_misc":{"Gesch\u00e4tzte Lesezeit":"1\u00a0Minute"},"schema":{"@context":"https:\/\/schema.org","@graph":[{"@type":"WebPage","@id":"https:\/\/www.caladimola.it\/de\/kayak-tretboote-und-schiffsausfluege\/","url":"https:\/\/www.caladimola.it\/de\/kayak-tretboote-und-schiffsausfluege\/","name":"Kayak, Tretboote Und Schiffsausfluege - Hotel e Residence Cala di Mola","isPartOf":{"@id":"https:\/\/www.caladimola.it\/#website"},"datePublished":"2015-04-25T17:26:41+00:00","dateModified":"2015-05-11T09:37:29+00:00","breadcrumb":{"@id":"https:\/\/www.caladimola.it\/de\/kayak-tretboote-und-schiffsausfluege\/#breadcrumb"},"inLanguage":"de","potentialAction":[{"@type":"ReadAction","target":["https:\/\/www.caladimola.it\/de\/kayak-tretboote-und-schiffsausfluege\/"]}]},{"@type":"BreadcrumbList","@id":"https:\/\/www.caladimola.it\/de\/kayak-tretboote-und-schiffsausfluege\/#breadcrumb","itemListElement":[{"@type":"ListItem","position":1,"name":"Home","item":"https:\/\/www.caladimola.it\/de\/homedeu\/"},{"@type":"ListItem","position":2,"name":"Kayak, Tretboote Und Schiffsausfluege"}]},{"@type":"WebSite","@id":"https:\/\/www.caladimola.it\/#website","url":"https:\/\/www.caladimola.it\/","name":"Hotel e Residence Cala di Mola","description":"Hotel e Residence a Porto Azzurro Isola D&#039;Elba","publisher":{"@id":"https:\/\/www.caladimola.it\/#organization"},"potentialAction":[{"@type":"SearchAction","target":{"@type":"EntryPoint","urlTemplate":"https:\/\/www.caladimola.it\/?s={search_term_string}"},"query-input":{"@type":"PropertyValueSpecification","valueRequired":true,"valueName":"search_term_string"}}],"inLanguage":"de"},{"@type":"Organization","@id":"https:\/\/www.caladimola.it\/#organization","name":"Hotel & Residence Cala di Mola","url":"https:\/\/www.caladimola.it\/","logo":{"@type":"ImageObject","inLanguage":"de","@id":"https:\/\/www.caladimola.it\/#\/schema\/logo\/image\/","url":"https:\/\/www.caladimola.it\/wp-content\/uploads\/sites\/2\/2015\/03\/logo-cala-di-mola-blu.png","contentUrl":"https:\/\/www.caladimola.it\/wp-content\/uploads\/sites\/2\/2015\/03\/logo-cala-di-mola-blu.png","width":250,"height":148,"caption":"Hotel & Residence Cala di Mola"},"image":{"@id":"https:\/\/www.caladimola.it\/#\/schema\/logo\/image\/"}}]}},"_links":{"self":[{"href":"https:\/\/www.caladimola.it\/de\/wp-json\/wp\/v2\/pages\/3702","targetHints":{"allow":["GET"]}}],"collection":[{"href":"https:\/\/www.caladimola.it\/de\/wp-json\/wp\/v2\/pages"}],"about":[{"href":"https:\/\/www.caladimola.it\/de\/wp-json\/wp\/v2\/types\/page"}],"author":[{"embeddable":true,"href":"https:\/\/www.caladimola.it\/de\/wp-json\/wp\/v2\/users\/1"}],"replies":[{"embeddable":true,"href":"https:\/\/www.caladimola.it\/de\/wp-json\/wp\/v2\/comments?post=3702"}],"version-history":[{"count":2,"href":"https:\/\/www.caladimola.it\/de\/wp-json\/wp\/v2\/pages\/3702\/revisions"}],"predecessor-version":[{"id":4108,"href":"https:\/\/www.caladimola.it\/de\/wp-json\/wp\/v2\/pages\/3702\/revisions\/4108"}],"wp:attachment":[{"href":"https:\/\/www.caladimola.it\/de\/wp-json\/wp\/v2\/media?parent=3702"}],"curies":[{"name":"wp","href":"https:\/\/api.w.org\/{rel}","templated":true}]}}