{"id":3710,"date":"2015-04-25T17:33:54","date_gmt":"2015-04-25T17:33:54","guid":{"rendered":"http:\/\/www2.caladimola.it\/caladimola\/?page_id=3710"},"modified":"2016-01-03T13:09:10","modified_gmt":"2016-01-03T13:09:10","slug":"zimmer","status":"publish","type":"page","link":"https:\/\/www.caladimola.it\/de\/zimmer\/","title":{"rendered":"Zimmer"},"content":{"rendered":"\n<style type=\"text\/css\" data-created_by=\"avia_inline_auto\" id=\"style-css-av-av_heading-731621ae34c5b8c5c5f965580e5d455c\">\n#top .av-special-heading.av-av_heading-731621ae34c5b8c5c5f965580e5d455c{\npadding-bottom:10px;\nfont-size:24px;\n}\nbody .av-special-heading.av-av_heading-731621ae34c5b8c5c5f965580e5d455c .av-special-heading-tag .heading-char{\nfont-size:25px;\n}\n#top #wrap_all .av-special-heading.av-av_heading-731621ae34c5b8c5c5f965580e5d455c .av-special-heading-tag{\nfont-size:24px;\n}\n.av-special-heading.av-av_heading-731621ae34c5b8c5c5f965580e5d455c .av-subheading{\nfont-size:15px;\n}\n\n@media only screen and (min-width: 480px) and (max-width: 767px){ \n#top #wrap_all .av-special-heading.av-av_heading-731621ae34c5b8c5c5f965580e5d455c .av-special-heading-tag{\nfont-size:0.8em;\n}\n}\n\n@media only screen and (max-width: 479px){ \n#top #wrap_all .av-special-heading.av-av_heading-731621ae34c5b8c5c5f965580e5d455c .av-special-heading-tag{\nfont-size:0.8em;\n}\n}\n<\/style>\n<div  class='av-special-heading av-av_heading-731621ae34c5b8c5c5f965580e5d455c av-special-heading-h6 blockquote modern-quote  avia-builder-el-0  el_before_av_textblock  avia-builder-el-first  av-inherit-size'><h6 class='av-special-heading-tag '  itemprop=\"headline\"  >Hotel 4 Sterne Cala di Mola<\/h6><div class=\"special-heading-border\"><div class=\"special-heading-inner-border\"><\/div><\/div><\/div>\n\n<style type=\"text\/css\" data-created_by=\"avia_inline_auto\" id=\"style-css-av-av_textblock-fae8699d538200a543ba402659dba9b0\">\n#top .av_textblock_section.av-av_textblock-fae8699d538200a543ba402659dba9b0 .avia_textblock{\nfont-size:16px;\n}\n<\/style>\n<section  class='av_textblock_section av-av_textblock-fae8699d538200a543ba402659dba9b0 '   itemscope=\"itemscope\" itemtype=\"https:\/\/schema.org\/CreativeWork\" ><div class='avia_textblock'  itemprop=\"text\" ><p>Alle Hotelzimmer haben Blick aufs Meer, einen Balkon oder einen kleinen Garten und einen selbst\u00e4ndigen Eingang. Einige gehen direkt auf die \u201cPiazzetta\u201d hinaus, die restlichen sind in mehrere Pavillons eingeteilt: \u201cPergole\u201d, \u201cPino\u201d, \u201cGinestre\u201d und \u201cAquilotto\u201d.<\/p>\n<p>Sind ger\u00e4umig, einfach und elegant eingerichtet, verf\u00fcgen \u00fcber komfortable Badezimmer, Haartrockner, Telefon mit Direktdurchwahl, Sat Tv, W-Lan, Minibar und Klimaanlage.<\/p>\n<p>Das Hotel bietet ger\u00e4umige Familienzimmer (26 Quadratmeter) mit Meerblick. Ideal f\u00fcr einen Familienurlaub.<\/p>\n<p>Alle Zimmer sind von Mittelmeerpflanzen und Blumenbeete umgeben.<\/p>\n<p>Unbewachter Parkplatz<\/p>\n<\/div><\/section>\n\n<style type=\"text\/css\" data-created_by=\"avia_inline_auto\" id=\"style-css-av-av_hr-c714f512e4ba2cc09aedeb3d2900dfd6\">\n#top .hr.av-av_hr-c714f512e4ba2cc09aedeb3d2900dfd6{\nmargin-top:30px;\nmargin-bottom:30px;\n}\n.hr.av-av_hr-c714f512e4ba2cc09aedeb3d2900dfd6 .hr-inner{\nwidth:350px;\nmax-width:45%;\n}\n.hr.av-av_hr-c714f512e4ba2cc09aedeb3d2900dfd6 .av-seperator-icon{\ncolor:#679be0;\n}\n.hr.av-av_hr-c714f512e4ba2cc09aedeb3d2900dfd6 .av-seperator-icon.avia-svg-icon svg:first-child{\nfill:#679be0;\nstroke:#679be0;\n}\n<\/style>\n<div  class='hr av-av_hr-c714f512e4ba2cc09aedeb3d2900dfd6 hr-custom  avia-builder-el-2  el_after_av_textblock  el_before_av_one_half  hr-center hr-icon-yes'><span class='hr-inner inner-border-av-border-thin'><span class=\"hr-inner-style\"><\/span><\/span><span class='av-seperator-icon avia-iconfont avia-font-entypo-fontello' data-av_icon='\ue887' data-av_iconfont='entypo-fontello' ><\/span><span class='hr-inner inner-border-av-border-thin'><span class=\"hr-inner-style\"><\/span><\/span><\/div>\n<div  class='flex_column av-av_one_half-2a9015ff38129c418a3f2eafba3e9512 av_one_half  avia-builder-el-3  el_after_av_hr  el_before_av_one_half  first flex_column_div  '     ><p>\n<style type=\"text\/css\" data-created_by=\"avia_inline_auto\" id=\"style-css-av-av_heading-afb73aca706a4c3d68a56344af8ac1e2\">\n#top .av-special-heading.av-av_heading-afb73aca706a4c3d68a56344af8ac1e2{\npadding-bottom:20px;\n}\nbody .av-special-heading.av-av_heading-afb73aca706a4c3d68a56344af8ac1e2 .av-special-heading-tag .heading-char{\nfont-size:25px;\n}\n.av-special-heading.av-av_heading-afb73aca706a4c3d68a56344af8ac1e2 .av-subheading{\nfont-size:15px;\n}\n<\/style>\n<div  class='av-special-heading av-av_heading-afb73aca706a4c3d68a56344af8ac1e2 av-special-heading-h6 blockquote modern-quote modern-centered  avia-builder-el-4  el_before_av_image  avia-builder-el-first '><h6 class='av-special-heading-tag '  itemprop=\"headline\"  >Superiorzimmer<\/h6><div class=\"special-heading-border\"><div class=\"special-heading-inner-border\"><\/div><\/div><\/div><br \/>\n\n<style type=\"text\/css\" data-created_by=\"avia_inline_auto\" id=\"style-css-av-av_image-5ff8ac96af3aace62908334e5f2b1c2d\">\n.avia-image-container.av-av_image-5ff8ac96af3aace62908334e5f2b1c2d img.avia_image{\nbox-shadow:none;\n}\n.avia-image-container.av-av_image-5ff8ac96af3aace62908334e5f2b1c2d .av-caption-image-overlay-bg{\nopacity:0.4;\nbackground-color:#000000;\n}\n.avia-image-container.av-av_image-5ff8ac96af3aace62908334e5f2b1c2d .av-image-caption-overlay-center{\ncolor:#ffffff;\n}\n<\/style>\n<div  class='avia-image-container av-av_image-5ff8ac96af3aace62908334e5f2b1c2d av-styling- av-img-linked avia_animated_image av-animated-when-visible-95 pop-up avia-align-center  avia-builder-el-5  el_after_av_heading  el_before_av_button  noHover av-overlay-on-hover'   itemprop=\"image\" itemscope=\"itemscope\" itemtype=\"https:\/\/schema.org\/ImageObject\" ><div class=\"avia-image-container-inner\"><div class=\"avia-image-overlay-wrap\"><a href=\"https:\/\/www.caladimola.it\/en\/la-caletta-restaurant-pizza\/\" class='avia_image '  aria-label='Cala di Mola-alessandro vasari foto_ALV0814'><div class=\"av-image-caption-overlay\"><div class=\"av-caption-image-overlay-bg\"><\/div><div class=\"av-image-caption-overlay-position\"><div class=\"av-image-caption-overlay-center\"><p>Alle Einzelheiten zu den Superiorzimmer<\/p>\n<\/div><\/div><\/div><img decoding=\"async\" fetchpriority=\"high\" class='wp-image-4957 avia-img-lazy-loading-not-4957 avia_image ' src=\"https:\/\/www.caladimola.it\/wp-content\/uploads\/sites\/2\/2015\/03\/Cala-di-Mola-alessandro-vasari-foto_ALV0814.jpg\" alt='superior room' title='Cala di Mola-alessandro vasari foto_ALV0814'  height=\"988\" width=\"1500\"  itemprop=\"thumbnailUrl\" srcset=\"https:\/\/www.caladimola.it\/wp-content\/uploads\/sites\/2\/2015\/03\/Cala-di-Mola-alessandro-vasari-foto_ALV0814.jpg 1500w, https:\/\/www.caladimola.it\/wp-content\/uploads\/sites\/2\/2015\/03\/Cala-di-Mola-alessandro-vasari-foto_ALV0814-300x198.jpg 300w, https:\/\/www.caladimola.it\/wp-content\/uploads\/sites\/2\/2015\/03\/Cala-di-Mola-alessandro-vasari-foto_ALV0814-1030x678.jpg 1030w, https:\/\/www.caladimola.it\/wp-content\/uploads\/sites\/2\/2015\/03\/Cala-di-Mola-alessandro-vasari-foto_ALV0814-705x464.jpg 705w, https:\/\/www.caladimola.it\/wp-content\/uploads\/sites\/2\/2015\/03\/Cala-di-Mola-alessandro-vasari-foto_ALV0814-450x296.jpg 450w\" sizes=\"(max-width: 1500px) 100vw, 1500px\" \/><\/a><\/div><\/div><\/div><br \/>\n<div  class='avia-button-wrap av-av_button-9808619bfd4afadf12edaf7a57a81cd9-wrap avia-button-center  avia-builder-el-6  el_after_av_image  avia-builder-el-last '><a href='https:\/\/www.caladimola.it\/de\/superiorzimmer\/'  class='avia-button av-av_button-9808619bfd4afadf12edaf7a57a81cd9 av-link-btn avia-icon_select-yes-left-icon avia-size-x-large avia-position-center av-icon-on-hover avia-color-theme-color'   aria-label=\"Entdecken Sie die Details der Superior-Zimmer\"><span class='avia_button_icon avia_button_icon_left avia-iconfont avia-font-entypo-fontello' data-av_icon='\ue881' data-av_iconfont='entypo-fontello' ><\/span><span class='avia_iconbox_title' >Entdecken Sie die Details der Superior-Zimmer<\/span><\/a><\/div><\/p><\/div>\n<style type=\"text\/css\" data-created_by=\"avia_inline_auto\" id=\"style-css-av-av_one_half-2a64de42b738552fe666ca889af77e28\">\n.flex_column.av-av_one_half-2a64de42b738552fe666ca889af77e28{\nborder-radius:0px 0px 0px 0px;\npadding:0px 0px 0px 0px;\n}\n<\/style>\n<div  class='flex_column av-av_one_half-2a64de42b738552fe666ca889af77e28 av_one_half  avia-builder-el-7  el_after_av_one_half  avia-builder-el-last  flex_column_div av-zero-column-padding  '     ><p>\n<style type=\"text\/css\" data-created_by=\"avia_inline_auto\" id=\"style-css-av-av_heading-259c40c611a9e0bfbee64c8b87957e34\">\n#top .av-special-heading.av-av_heading-259c40c611a9e0bfbee64c8b87957e34{\npadding-bottom:20px;\n}\nbody .av-special-heading.av-av_heading-259c40c611a9e0bfbee64c8b87957e34 .av-special-heading-tag .heading-char{\nfont-size:25px;\n}\n.av-special-heading.av-av_heading-259c40c611a9e0bfbee64c8b87957e34 .av-subheading{\nfont-size:15px;\n}\n<\/style>\n<div  class='av-special-heading av-av_heading-259c40c611a9e0bfbee64c8b87957e34 av-special-heading-h6 blockquote modern-quote modern-centered  avia-builder-el-8  el_before_av_image  avia-builder-el-first '><h6 class='av-special-heading-tag '  itemprop=\"headline\"  >Standardzimmer<\/h6><div class=\"special-heading-border\"><div class=\"special-heading-inner-border\"><\/div><\/div><\/div><br \/>\n\n<style type=\"text\/css\" data-created_by=\"avia_inline_auto\" id=\"style-css-av-av_image-1e3c71f188d5a647dfe65ae414bc85c5\">\n.avia-image-container.av-av_image-1e3c71f188d5a647dfe65ae414bc85c5 img.avia_image{\nbox-shadow:none;\n}\n.avia-image-container.av-av_image-1e3c71f188d5a647dfe65ae414bc85c5 .av-caption-image-overlay-bg{\nopacity:0.4;\nbackground-color:#000000;\n}\n.avia-image-container.av-av_image-1e3c71f188d5a647dfe65ae414bc85c5 .av-image-caption-overlay-center{\ncolor:#ffffff;\n}\n<\/style>\n<div  class='avia-image-container av-av_image-1e3c71f188d5a647dfe65ae414bc85c5 av-styling- av-img-linked avia_animated_image av-animated-when-visible-95 pop-up avia-align-center  avia-builder-el-9  el_after_av_heading  el_before_av_button  noHover av-overlay-on-hover'   itemprop=\"image\" itemscope=\"itemscope\" itemtype=\"https:\/\/schema.org\/ImageObject\" ><div class=\"avia-image-container-inner\"><div class=\"avia-image-overlay-wrap\"><a href=\"https:\/\/www.caladimola.it\/en\/la-caletta-restaurant-pizza\/\" class='avia_image '  aria-label='Cala di Mola-alessandro vasari foto_ALV0765'><div class=\"av-image-caption-overlay\"><div class=\"av-caption-image-overlay-bg\"><\/div><div class=\"av-image-caption-overlay-position\"><div class=\"av-image-caption-overlay-center\"><p>Alle Einzelheiten zu den Standardzimmer<\/p>\n<\/div><\/div><\/div><img decoding=\"async\" fetchpriority=\"high\" class='wp-image-4992 avia-img-lazy-loading-not-4992 avia_image ' src=\"https:\/\/www.caladimola.it\/wp-content\/uploads\/sites\/2\/2015\/03\/Cala-di-Mola-alessandro-vasari-foto_ALV07651.jpg\" alt='standard room' title='Cala di Mola-alessandro vasari foto_ALV0765'  height=\"1000\" width=\"1500\"  itemprop=\"thumbnailUrl\" srcset=\"https:\/\/www.caladimola.it\/wp-content\/uploads\/sites\/2\/2015\/03\/Cala-di-Mola-alessandro-vasari-foto_ALV07651.jpg 1500w, https:\/\/www.caladimola.it\/wp-content\/uploads\/sites\/2\/2015\/03\/Cala-di-Mola-alessandro-vasari-foto_ALV07651-300x200.jpg 300w, https:\/\/www.caladimola.it\/wp-content\/uploads\/sites\/2\/2015\/03\/Cala-di-Mola-alessandro-vasari-foto_ALV07651-1030x687.jpg 1030w, https:\/\/www.caladimola.it\/wp-content\/uploads\/sites\/2\/2015\/03\/Cala-di-Mola-alessandro-vasari-foto_ALV07651-705x470.jpg 705w, https:\/\/www.caladimola.it\/wp-content\/uploads\/sites\/2\/2015\/03\/Cala-di-Mola-alessandro-vasari-foto_ALV07651-450x300.jpg 450w\" sizes=\"(max-width: 1500px) 100vw, 1500px\" \/><\/a><\/div><\/div><\/div><br \/>\n<div  class='avia-button-wrap av-av_button-9bb7ac855d0bc8573f12bc9809601bcd-wrap avia-button-center  avia-builder-el-10  el_after_av_image  avia-builder-el-last '><a href='https:\/\/www.caladimola.it\/de\/standardzimmer\/'  class='avia-button av-av_button-9bb7ac855d0bc8573f12bc9809601bcd av-link-btn avia-icon_select-yes-left-icon avia-size-x-large avia-position-center av-icon-on-hover avia-color-theme-color'   aria-label=\"Entdecken Sie die Details der Standard-Zimmer\"><span class='avia_button_icon avia_button_icon_left avia-iconfont avia-font-entypo-fontello' data-av_icon='\ue881' data-av_iconfont='entypo-fontello' ><\/span><span class='avia_iconbox_title' >Entdecken Sie die Details der Standard-Zimmer<\/span><\/a><\/div><\/p><\/div><\/p>\n","protected":false},"excerpt":{"rendered":"","protected":false},"author":1,"featured_media":0,"parent":0,"menu_order":0,"comment_status":"open","ping_status":"open","template":"","meta":{"footnotes":""},"class_list":["post-3710","page","type-page","status-publish","hentry"],"yoast_head":"<!-- This site is optimized with the Yoast SEO plugin v26.7 - https:\/\/yoast.com\/wordpress\/plugins\/seo\/ -->\n<title>Zimmer - Hotel e Residence Cala di Mola<\/title>\n<meta name=\"robots\" content=\"index, follow, max-snippet:-1, max-image-preview:large, max-video-preview:-1\" \/>\n<link rel=\"canonical\" href=\"https:\/\/www.caladimola.it\/de\/zimmer\/\" \/>\n<meta property=\"og:locale\" content=\"de_DE\" \/>\n<meta property=\"og:type\" content=\"article\" \/>\n<meta property=\"og:title\" content=\"Zimmer - Hotel e Residence Cala di Mola\" \/>\n<meta property=\"og:url\" content=\"https:\/\/www.caladimola.it\/de\/zimmer\/\" \/>\n<meta property=\"og:site_name\" content=\"Hotel e Residence Cala di Mola\" \/>\n<meta property=\"article:modified_time\" content=\"2016-01-03T13:09:10+00:00\" \/>\n<meta name=\"twitter:card\" content=\"summary_large_image\" \/>\n<meta name=\"twitter:label1\" content=\"Gesch\u00e4tzte Lesezeit\" \/>\n\t<meta name=\"twitter:data1\" content=\"2\u00a0Minuten\" \/>\n<script type=\"application\/ld+json\" class=\"yoast-schema-graph\">{\"@context\":\"https:\/\/schema.org\",\"@graph\":[{\"@type\":\"WebPage\",\"@id\":\"https:\/\/www.caladimola.it\/de\/zimmer\/\",\"url\":\"https:\/\/www.caladimola.it\/de\/zimmer\/\",\"name\":\"Zimmer - Hotel e Residence Cala di Mola\",\"isPartOf\":{\"@id\":\"https:\/\/www.caladimola.it\/#website\"},\"datePublished\":\"2015-04-25T17:33:54+00:00\",\"dateModified\":\"2016-01-03T13:09:10+00:00\",\"breadcrumb\":{\"@id\":\"https:\/\/www.caladimola.it\/de\/zimmer\/#breadcrumb\"},\"inLanguage\":\"de\",\"potentialAction\":[{\"@type\":\"ReadAction\",\"target\":[\"https:\/\/www.caladimola.it\/de\/zimmer\/\"]}]},{\"@type\":\"BreadcrumbList\",\"@id\":\"https:\/\/www.caladimola.it\/de\/zimmer\/#breadcrumb\",\"itemListElement\":[{\"@type\":\"ListItem\",\"position\":1,\"name\":\"Home\",\"item\":\"https:\/\/www.caladimola.it\/de\/homedeu\/\"},{\"@type\":\"ListItem\",\"position\":2,\"name\":\"Zimmer\"}]},{\"@type\":\"WebSite\",\"@id\":\"https:\/\/www.caladimola.it\/#website\",\"url\":\"https:\/\/www.caladimola.it\/\",\"name\":\"Hotel e Residence Cala di Mola\",\"description\":\"Hotel e Residence a Porto Azzurro Isola D&#039;Elba\",\"publisher\":{\"@id\":\"https:\/\/www.caladimola.it\/#organization\"},\"potentialAction\":[{\"@type\":\"SearchAction\",\"target\":{\"@type\":\"EntryPoint\",\"urlTemplate\":\"https:\/\/www.caladimola.it\/?s={search_term_string}\"},\"query-input\":{\"@type\":\"PropertyValueSpecification\",\"valueRequired\":true,\"valueName\":\"search_term_string\"}}],\"inLanguage\":\"de\"},{\"@type\":\"Organization\",\"@id\":\"https:\/\/www.caladimola.it\/#organization\",\"name\":\"Hotel & Residence Cala di Mola\",\"url\":\"https:\/\/www.caladimola.it\/\",\"logo\":{\"@type\":\"ImageObject\",\"inLanguage\":\"de\",\"@id\":\"https:\/\/www.caladimola.it\/#\/schema\/logo\/image\/\",\"url\":\"https:\/\/www.caladimola.it\/wp-content\/uploads\/sites\/2\/2015\/03\/logo-cala-di-mola-blu.png\",\"contentUrl\":\"https:\/\/www.caladimola.it\/wp-content\/uploads\/sites\/2\/2015\/03\/logo-cala-di-mola-blu.png\",\"width\":250,\"height\":148,\"caption\":\"Hotel & Residence Cala di Mola\"},\"image\":{\"@id\":\"https:\/\/www.caladimola.it\/#\/schema\/logo\/image\/\"}}]}<\/script>\n<!-- \/ Yoast SEO plugin. -->","yoast_head_json":{"title":"Zimmer - Hotel e Residence Cala di Mola","robots":{"index":"index","follow":"follow","max-snippet":"max-snippet:-1","max-image-preview":"max-image-preview:large","max-video-preview":"max-video-preview:-1"},"canonical":"https:\/\/www.caladimola.it\/de\/zimmer\/","og_locale":"de_DE","og_type":"article","og_title":"Zimmer - Hotel e Residence Cala di Mola","og_url":"https:\/\/www.caladimola.it\/de\/zimmer\/","og_site_name":"Hotel e Residence Cala di Mola","article_modified_time":"2016-01-03T13:09:10+00:00","twitter_card":"summary_large_image","twitter_misc":{"Gesch\u00e4tzte Lesezeit":"2\u00a0Minuten"},"schema":{"@context":"https:\/\/schema.org","@graph":[{"@type":"WebPage","@id":"https:\/\/www.caladimola.it\/de\/zimmer\/","url":"https:\/\/www.caladimola.it\/de\/zimmer\/","name":"Zimmer - Hotel e Residence Cala di Mola","isPartOf":{"@id":"https:\/\/www.caladimola.it\/#website"},"datePublished":"2015-04-25T17:33:54+00:00","dateModified":"2016-01-03T13:09:10+00:00","breadcrumb":{"@id":"https:\/\/www.caladimola.it\/de\/zimmer\/#breadcrumb"},"inLanguage":"de","potentialAction":[{"@type":"ReadAction","target":["https:\/\/www.caladimola.it\/de\/zimmer\/"]}]},{"@type":"BreadcrumbList","@id":"https:\/\/www.caladimola.it\/de\/zimmer\/#breadcrumb","itemListElement":[{"@type":"ListItem","position":1,"name":"Home","item":"https:\/\/www.caladimola.it\/de\/homedeu\/"},{"@type":"ListItem","position":2,"name":"Zimmer"}]},{"@type":"WebSite","@id":"https:\/\/www.caladimola.it\/#website","url":"https:\/\/www.caladimola.it\/","name":"Hotel e Residence Cala di Mola","description":"Hotel e Residence a Porto Azzurro Isola D&#039;Elba","publisher":{"@id":"https:\/\/www.caladimola.it\/#organization"},"potentialAction":[{"@type":"SearchAction","target":{"@type":"EntryPoint","urlTemplate":"https:\/\/www.caladimola.it\/?s={search_term_string}"},"query-input":{"@type":"PropertyValueSpecification","valueRequired":true,"valueName":"search_term_string"}}],"inLanguage":"de"},{"@type":"Organization","@id":"https:\/\/www.caladimola.it\/#organization","name":"Hotel & Residence Cala di Mola","url":"https:\/\/www.caladimola.it\/","logo":{"@type":"ImageObject","inLanguage":"de","@id":"https:\/\/www.caladimola.it\/#\/schema\/logo\/image\/","url":"https:\/\/www.caladimola.it\/wp-content\/uploads\/sites\/2\/2015\/03\/logo-cala-di-mola-blu.png","contentUrl":"https:\/\/www.caladimola.it\/wp-content\/uploads\/sites\/2\/2015\/03\/logo-cala-di-mola-blu.png","width":250,"height":148,"caption":"Hotel & Residence Cala di Mola"},"image":{"@id":"https:\/\/www.caladimola.it\/#\/schema\/logo\/image\/"}}]}},"_links":{"self":[{"href":"https:\/\/www.caladimola.it\/de\/wp-json\/wp\/v2\/pages\/3710","targetHints":{"allow":["GET"]}}],"collection":[{"href":"https:\/\/www.caladimola.it\/de\/wp-json\/wp\/v2\/pages"}],"about":[{"href":"https:\/\/www.caladimola.it\/de\/wp-json\/wp\/v2\/types\/page"}],"author":[{"embeddable":true,"href":"https:\/\/www.caladimola.it\/de\/wp-json\/wp\/v2\/users\/1"}],"replies":[{"embeddable":true,"href":"https:\/\/www.caladimola.it\/de\/wp-json\/wp\/v2\/comments?post=3710"}],"version-history":[{"count":9,"href":"https:\/\/www.caladimola.it\/de\/wp-json\/wp\/v2\/pages\/3710\/revisions"}],"predecessor-version":[{"id":5063,"href":"https:\/\/www.caladimola.it\/de\/wp-json\/wp\/v2\/pages\/3710\/revisions\/5063"}],"wp:attachment":[{"href":"https:\/\/www.caladimola.it\/de\/wp-json\/wp\/v2\/media?parent=3710"}],"curies":[{"name":"wp","href":"https:\/\/api.w.org\/{rel}","templated":true}]}}