{"id":3712,"date":"2015-04-25T17:36:10","date_gmt":"2015-04-25T17:36:10","guid":{"rendered":"http:\/\/www2.caladimola.it\/caladimola\/?page_id=3712"},"modified":"2024-05-01T14:03:18","modified_gmt":"2024-05-01T14:03:18","slug":"hotelleistungen","status":"publish","type":"page","link":"https:\/\/www.caladimola.it\/de\/hotelleistungen\/","title":{"rendered":"Hotelleistungen"},"content":{"rendered":"<div id='full_slider_1'  class='avia-fullwidth-slider main_color avia-shadow   avia-builder-el-0  el_before_av_one_full  avia-builder-el-first   container_wrap sidebar_right'  ><div  class='avia-slideshow av-av_slideshow_full-071fb7913eeee76b3207232edfa9da98 avia-slideshow-featured_large av_slideshow_full avia-slide-slider av-slideshow-ui av-control-default av-slideshow-manual av-loop-once av-loop-manual-endless av-default-height-applied   avia-slideshow-1' data-slideshow-options=\"{&quot;animation&quot;:&quot;slide&quot;,&quot;autoplay&quot;:false,&quot;loop_autoplay&quot;:&quot;once&quot;,&quot;interval&quot;:5,&quot;loop_manual&quot;:&quot;manual-endless&quot;,&quot;autoplay_stopper&quot;:false,&quot;noNavigation&quot;:false,&quot;bg_slider&quot;:false,&quot;keep_padding&quot;:false,&quot;hoverpause&quot;:false,&quot;show_slide_delay&quot;:0}\"  itemprop=\"image\" itemscope=\"itemscope\" itemtype=\"https:\/\/schema.org\/ImageObject\" ><ul class='avia-slideshow-inner ' style='padding-bottom: 42%;'><li  class='avia-slideshow-slide av-av_slideshow_full-071fb7913eeee76b3207232edfa9da98__0  av-single-slide slide-1 slide-odd'><div data-rel='slideshow-1' class='avia-slide-wrap '   ><img decoding=\"async\" fetchpriority=\"high\" class=\"wp-image-1795 avia-img-lazy-loading-not-1795\"  src=\"https:\/\/www.caladimola.it\/wp-content\/uploads\/sites\/2\/2014\/12\/staff-cala-di-mola-1500x630.jpg\" width=\"1500\" height=\"630\" title='Cala di Mola - Isola d&#039;Elba' alt=''  itemprop=\"thumbnailUrl\"   \/><\/div><\/li><\/ul><\/div><\/div><div id='after_full_slider_1'  class='main_color av_default_container_wrap container_wrap sidebar_right'  ><div class='container av-section-cont-open' ><div class='template-page content  av-content-small alpha units'><div class='post-entry post-entry-type-page post-entry-3712'><div class='entry-content-wrapper clearfix'>\n<div  class='flex_column av-av_one_full-2a9015ff38129c418a3f2eafba3e9512 av_one_full  avia-builder-el-1  el_after_av_slideshow_full  el_before_av_hr  avia-builder-el-first  first flex_column_div  '     ><style type=\"text\/css\" data-created_by=\"avia_inline_auto\" id=\"style-css-av-lvnw0jrl-b7aed2b8e00000280ec8a4c8ecded2a3\">\n#top .av_textblock_section.av-lvnw0jrl-b7aed2b8e00000280ec8a4c8ecded2a3 .avia_textblock{\nfont-size:16px;\n}\n<\/style>\n<section  class='av_textblock_section av-lvnw0jrl-b7aed2b8e00000280ec8a4c8ecded2a3 '   itemscope=\"itemscope\" itemtype=\"https:\/\/schema.org\/CreativeWork\" ><div class='avia_textblock'  itemprop=\"text\" ><ul>\n<li>Miniclub ab 4 Jahren.<\/li>\n<li>Animation von Mitte Juni bis Anfang September.<\/li>\n<li>Privater Bereich am Meeresufer ausgettatet zum Teil mit Rasen zum Teil mit Sand.<\/li>\n<li>Auf Grund der besonderen Struktur des Hotels k\u00f6nnen wir leider keine Getr\u00e4nke oder Speisen im Zimmer servieren<\/li>\n<li>W-Lan kostenlos<\/li>\n<li>Tiere auf Anfrage (Extrageb\u00fchr).<\/li>\n<li>Privater Bootanlegesteg f\u00fcr Boote mit geringem Tiefgang f\u00fcr den Alleingebrauch unserer G\u00e4ste.<\/li>\n<li>Aussenstehender organisierter Hafen f\u00fcr die Verankerung von Boote mit weitreichendem Tiefgang in unmittelbarer N\u00e4he.<\/li>\n<li>F\u00e4hrverbindungvermittlung (Sonderpreis).<\/li>\n<li>Restaurant-Pizzeria \u201cLa Caletta\u201d, ausserhalb der Anlage, fuer suggestive Abendessen direkt aufs Meer, Men\u00f9 \u2018a la cart\u2019.<\/li>\n<li>Lounge Bar \u201cBay Sound Caf\u00e8\u201d f\u00fcr Aperitifs und Afterdinners bis sp\u00e4t in die Nacht.<\/li>\n<\/ul>\n<\/div><\/section><\/div>\n<style type=\"text\/css\" data-created_by=\"avia_inline_auto\" id=\"style-css-av-av_hr-2cbb168f430c2703d7334a37c20dcc76\">\n#top .hr.hr-invisible.av-av_hr-2cbb168f430c2703d7334a37c20dcc76{\nheight:100px;\n}\n<\/style>\n<div  class='hr av-av_hr-2cbb168f430c2703d7334a37c20dcc76 hr-invisible  avia-builder-el-3  el_after_av_one_full  el_before_av_button '><span class='hr-inner '><span class=\"hr-inner-style\"><\/span><\/span><\/div><\/p>\n<div  class='avia-button-wrap av-av_button-8d2932242e50d5af701118005a409b6e-wrap avia-button-center  avia-builder-el-4  el_after_av_hr  avia-builder-el-last '><a href='https:\/\/www.caladimola.it\/prenotazioni\/'  class='avia-button av-av_button-8d2932242e50d5af701118005a409b6e av-link-btn avia-icon_select-yes-left-icon avia-size-x-large avia-position-center av-icon-on-hover avia-color-theme-color'   aria-label=\"Prenota Subito\"><span class='avia_button_icon avia_button_icon_left avia-iconfont avia-font-entypo-fontello' data-av_icon='\ue836' data-av_iconfont='entypo-fontello' ><\/span><span class='avia_iconbox_title' >Prenota Subito<\/span><\/a><\/div>\n","protected":false},"excerpt":{"rendered":"","protected":false},"author":1,"featured_media":0,"parent":0,"menu_order":0,"comment_status":"open","ping_status":"open","template":"","meta":{"footnotes":""},"class_list":["post-3712","page","type-page","status-publish","hentry"],"yoast_head":"<!-- This site is optimized with the Yoast SEO plugin v26.7 - https:\/\/yoast.com\/wordpress\/plugins\/seo\/ -->\n<title>Hotelleistungen - Hotel e Residence Cala di Mola<\/title>\n<meta name=\"robots\" content=\"index, follow, max-snippet:-1, max-image-preview:large, max-video-preview:-1\" \/>\n<link rel=\"canonical\" href=\"https:\/\/www.caladimola.it\/de\/hotelleistungen\/\" \/>\n<meta property=\"og:locale\" content=\"de_DE\" \/>\n<meta property=\"og:type\" content=\"article\" \/>\n<meta property=\"og:title\" content=\"Hotelleistungen - Hotel e Residence Cala di Mola\" \/>\n<meta property=\"og:url\" content=\"https:\/\/www.caladimola.it\/de\/hotelleistungen\/\" \/>\n<meta property=\"og:site_name\" content=\"Hotel e Residence Cala di Mola\" \/>\n<meta property=\"article:modified_time\" content=\"2024-05-01T14:03:18+00:00\" \/>\n<meta name=\"twitter:card\" content=\"summary_large_image\" \/>\n<meta name=\"twitter:label1\" content=\"Gesch\u00e4tzte Lesezeit\" \/>\n\t<meta name=\"twitter:data1\" content=\"2\u00a0Minuten\" \/>\n<script type=\"application\/ld+json\" class=\"yoast-schema-graph\">{\"@context\":\"https:\/\/schema.org\",\"@graph\":[{\"@type\":\"WebPage\",\"@id\":\"https:\/\/www.caladimola.it\/de\/hotelleistungen\/\",\"url\":\"https:\/\/www.caladimola.it\/de\/hotelleistungen\/\",\"name\":\"Hotelleistungen - Hotel e Residence Cala di Mola\",\"isPartOf\":{\"@id\":\"https:\/\/www.caladimola.it\/#website\"},\"datePublished\":\"2015-04-25T17:36:10+00:00\",\"dateModified\":\"2024-05-01T14:03:18+00:00\",\"breadcrumb\":{\"@id\":\"https:\/\/www.caladimola.it\/de\/hotelleistungen\/#breadcrumb\"},\"inLanguage\":\"de\",\"potentialAction\":[{\"@type\":\"ReadAction\",\"target\":[\"https:\/\/www.caladimola.it\/de\/hotelleistungen\/\"]}]},{\"@type\":\"BreadcrumbList\",\"@id\":\"https:\/\/www.caladimola.it\/de\/hotelleistungen\/#breadcrumb\",\"itemListElement\":[{\"@type\":\"ListItem\",\"position\":1,\"name\":\"Home\",\"item\":\"https:\/\/www.caladimola.it\/de\/homedeu\/\"},{\"@type\":\"ListItem\",\"position\":2,\"name\":\"Hotelleistungen\"}]},{\"@type\":\"WebSite\",\"@id\":\"https:\/\/www.caladimola.it\/#website\",\"url\":\"https:\/\/www.caladimola.it\/\",\"name\":\"Hotel e Residence Cala di Mola\",\"description\":\"Hotel e Residence a Porto Azzurro Isola D&#039;Elba\",\"publisher\":{\"@id\":\"https:\/\/www.caladimola.it\/#organization\"},\"potentialAction\":[{\"@type\":\"SearchAction\",\"target\":{\"@type\":\"EntryPoint\",\"urlTemplate\":\"https:\/\/www.caladimola.it\/?s={search_term_string}\"},\"query-input\":{\"@type\":\"PropertyValueSpecification\",\"valueRequired\":true,\"valueName\":\"search_term_string\"}}],\"inLanguage\":\"de\"},{\"@type\":\"Organization\",\"@id\":\"https:\/\/www.caladimola.it\/#organization\",\"name\":\"Hotel & Residence Cala di Mola\",\"url\":\"https:\/\/www.caladimola.it\/\",\"logo\":{\"@type\":\"ImageObject\",\"inLanguage\":\"de\",\"@id\":\"https:\/\/www.caladimola.it\/#\/schema\/logo\/image\/\",\"url\":\"https:\/\/www.caladimola.it\/wp-content\/uploads\/sites\/2\/2015\/03\/logo-cala-di-mola-blu.png\",\"contentUrl\":\"https:\/\/www.caladimola.it\/wp-content\/uploads\/sites\/2\/2015\/03\/logo-cala-di-mola-blu.png\",\"width\":250,\"height\":148,\"caption\":\"Hotel & Residence Cala di Mola\"},\"image\":{\"@id\":\"https:\/\/www.caladimola.it\/#\/schema\/logo\/image\/\"}}]}<\/script>\n<!-- \/ Yoast SEO plugin. -->","yoast_head_json":{"title":"Hotelleistungen - Hotel e Residence Cala di Mola","robots":{"index":"index","follow":"follow","max-snippet":"max-snippet:-1","max-image-preview":"max-image-preview:large","max-video-preview":"max-video-preview:-1"},"canonical":"https:\/\/www.caladimola.it\/de\/hotelleistungen\/","og_locale":"de_DE","og_type":"article","og_title":"Hotelleistungen - Hotel e Residence Cala di Mola","og_url":"https:\/\/www.caladimola.it\/de\/hotelleistungen\/","og_site_name":"Hotel e Residence Cala di Mola","article_modified_time":"2024-05-01T14:03:18+00:00","twitter_card":"summary_large_image","twitter_misc":{"Gesch\u00e4tzte Lesezeit":"2\u00a0Minuten"},"schema":{"@context":"https:\/\/schema.org","@graph":[{"@type":"WebPage","@id":"https:\/\/www.caladimola.it\/de\/hotelleistungen\/","url":"https:\/\/www.caladimola.it\/de\/hotelleistungen\/","name":"Hotelleistungen - Hotel e Residence Cala di Mola","isPartOf":{"@id":"https:\/\/www.caladimola.it\/#website"},"datePublished":"2015-04-25T17:36:10+00:00","dateModified":"2024-05-01T14:03:18+00:00","breadcrumb":{"@id":"https:\/\/www.caladimola.it\/de\/hotelleistungen\/#breadcrumb"},"inLanguage":"de","potentialAction":[{"@type":"ReadAction","target":["https:\/\/www.caladimola.it\/de\/hotelleistungen\/"]}]},{"@type":"BreadcrumbList","@id":"https:\/\/www.caladimola.it\/de\/hotelleistungen\/#breadcrumb","itemListElement":[{"@type":"ListItem","position":1,"name":"Home","item":"https:\/\/www.caladimola.it\/de\/homedeu\/"},{"@type":"ListItem","position":2,"name":"Hotelleistungen"}]},{"@type":"WebSite","@id":"https:\/\/www.caladimola.it\/#website","url":"https:\/\/www.caladimola.it\/","name":"Hotel e Residence Cala di Mola","description":"Hotel e Residence a Porto Azzurro Isola D&#039;Elba","publisher":{"@id":"https:\/\/www.caladimola.it\/#organization"},"potentialAction":[{"@type":"SearchAction","target":{"@type":"EntryPoint","urlTemplate":"https:\/\/www.caladimola.it\/?s={search_term_string}"},"query-input":{"@type":"PropertyValueSpecification","valueRequired":true,"valueName":"search_term_string"}}],"inLanguage":"de"},{"@type":"Organization","@id":"https:\/\/www.caladimola.it\/#organization","name":"Hotel & Residence Cala di Mola","url":"https:\/\/www.caladimola.it\/","logo":{"@type":"ImageObject","inLanguage":"de","@id":"https:\/\/www.caladimola.it\/#\/schema\/logo\/image\/","url":"https:\/\/www.caladimola.it\/wp-content\/uploads\/sites\/2\/2015\/03\/logo-cala-di-mola-blu.png","contentUrl":"https:\/\/www.caladimola.it\/wp-content\/uploads\/sites\/2\/2015\/03\/logo-cala-di-mola-blu.png","width":250,"height":148,"caption":"Hotel & Residence Cala di Mola"},"image":{"@id":"https:\/\/www.caladimola.it\/#\/schema\/logo\/image\/"}}]}},"_links":{"self":[{"href":"https:\/\/www.caladimola.it\/de\/wp-json\/wp\/v2\/pages\/3712","targetHints":{"allow":["GET"]}}],"collection":[{"href":"https:\/\/www.caladimola.it\/de\/wp-json\/wp\/v2\/pages"}],"about":[{"href":"https:\/\/www.caladimola.it\/de\/wp-json\/wp\/v2\/types\/page"}],"author":[{"embeddable":true,"href":"https:\/\/www.caladimola.it\/de\/wp-json\/wp\/v2\/users\/1"}],"replies":[{"embeddable":true,"href":"https:\/\/www.caladimola.it\/de\/wp-json\/wp\/v2\/comments?post=3712"}],"version-history":[{"count":7,"href":"https:\/\/www.caladimola.it\/de\/wp-json\/wp\/v2\/pages\/3712\/revisions"}],"predecessor-version":[{"id":6086,"href":"https:\/\/www.caladimola.it\/de\/wp-json\/wp\/v2\/pages\/3712\/revisions\/6086"}],"wp:attachment":[{"href":"https:\/\/www.caladimola.it\/de\/wp-json\/wp\/v2\/media?parent=3712"}],"curies":[{"name":"wp","href":"https:\/\/api.w.org\/{rel}","templated":true}]}}