{"id":3728,"date":"2015-04-26T08:01:55","date_gmt":"2015-04-26T08:01:55","guid":{"rendered":"http:\/\/www2.caladimola.it\/caladimola\/?page_id=3728"},"modified":"2019-03-22T10:55:49","modified_gmt":"2019-03-22T10:55:49","slug":"anreise","status":"publish","type":"page","link":"https:\/\/www.caladimola.it\/de\/anreise\/","title":{"rendered":"Anreise"},"content":{"rendered":"<div  class='av_gmaps_sc_main_wrap av_gmaps_main_wrap '><div id='av_gmap_0' class='avia-google-map-container avia-google-map-sc av_gmaps_show_unconditionally av-no-fallback-img ' data-mapid='av_gmap_0'  style='height: 500px;'><a class=\"av_gmaps_browser_disabled av_text_confirm_link av_text_confirm_link_visible\" href=\"https:\/\/www.google.com\/maps\/search\/?api=1&#038;query=Strada%20Provinciale%20Ovest,%20131%20%20Porto%20Azzurro\" target=\"_blank\">Aufgrund deiner Datenschutz-Einstellungen k\u00f6nnen wir Ihnen die Karte nicht anzeigen. Klicken Sie hier, um die Karte in einem neuen Fenster zu \u00f6ffnen.<\/a><\/div><\/div>\n<article  class='iconbox iconbox_top av-av_icon_box-8533e70bae14087de17449dde64359ca  avia-builder-el-1  el_after_av_google_map  el_before_av_heading  avia-builder-el-first  main_color'  itemscope=\"itemscope\" itemtype=\"https:\/\/schema.org\/CreativeWork\" ><div class=\"iconbox_content\"><header class=\"entry-content-header\" aria-label=\"Icon: Hotel &amp; Residence Cala di Mola \"><div class='iconbox_icon heading-color avia-iconfont avia-font-entypo-fontello' data-av_icon='\ue81e' data-av_iconfont='entypo-fontello'  ><\/div><h3 class='iconbox_content_title '  itemprop=\"headline\" >Hotel &amp; Residence Cala di Mola <\/h3><\/header><div class='iconbox_content_container '  itemprop=\"text\" ><p>Via Provinciale Ovest, 131 57036 Porto Azzurro (LI) Telefono +39 0565 95225 o +39 0565 95449 Telefax +39 0565 958395 E-mail:\u00a0info@caladimola.it<\/p>\n<\/div><\/div><footer class=\"entry-footer\"><\/footer><\/article>\n\n<style type=\"text\/css\" data-created_by=\"avia_inline_auto\" id=\"style-css-av-av_heading-8fe02df84872ef7966e34a9205dfc613\">\n#top .av-special-heading.av-av_heading-8fe02df84872ef7966e34a9205dfc613{\npadding-bottom:5px;\n}\nbody .av-special-heading.av-av_heading-8fe02df84872ef7966e34a9205dfc613 .av-special-heading-tag .heading-char{\nfont-size:25px;\n}\n.av-special-heading.av-av_heading-8fe02df84872ef7966e34a9205dfc613 .av-subheading{\nfont-size:15px;\n}\n<\/style>\n<div  class='av-special-heading av-av_heading-8fe02df84872ef7966e34a9205dfc613 av-special-heading-h1 blockquote modern-quote modern-centered  avia-builder-el-2  el_after_av_icon_box  el_before_av_textblock '><h1 class='av-special-heading-tag '  itemprop=\"headline\"  >WIE SIE CALA DI MOLA ERREICHEN K\u00d6NNEN<\/h1><div class=\"special-heading-border\"><div class=\"special-heading-inner-border\"><\/div><\/div><\/div>\n\n<style type=\"text\/css\" data-created_by=\"avia_inline_auto\" id=\"style-css-av-av_textblock-fae8699d538200a543ba402659dba9b0\">\n#top .av_textblock_section.av-av_textblock-fae8699d538200a543ba402659dba9b0 .avia_textblock{\nfont-size:16px;\n}\n<\/style>\n<section  class='av_textblock_section av-av_textblock-fae8699d538200a543ba402659dba9b0 '   itemscope=\"itemscope\" itemtype=\"https:\/\/schema.org\/CreativeWork\" ><div class='avia_textblock'  itemprop=\"text\" ><p>Insel Elba, die gr\u00f6sste Insel des Archipels der Toskana, ist nur 10 km vom Festland entfernt und ist folgendermassen erreichbar:<\/p>\n<ol>\n<li><strong>Auto + <strong>F\u00e4hre\u00a0(Einschiffen in Piombino)<\/strong><\/strong><\/li>\n<li><strong>Zug + F\u00e4hre\u00a0(Einschiffen in Piombino)<\/strong><\/li>\n<li><strong>Flugzeug<\/strong><\/li>\n<\/ol>\n<\/div><\/section>\n\n<style type=\"text\/css\" data-created_by=\"avia_inline_auto\" id=\"style-css-av-av_hr-83aa2fb8ad6d49f898e81d0772ccea63\">\n#top .hr.av-av_hr-83aa2fb8ad6d49f898e81d0772ccea63{\nmargin-top:30px;\nmargin-bottom:30px;\n}\n.hr.av-av_hr-83aa2fb8ad6d49f898e81d0772ccea63 .hr-inner{\nwidth:350px;\nmax-width:45%;\n}\n<\/style>\n<div  class='hr av-av_hr-83aa2fb8ad6d49f898e81d0772ccea63 hr-custom  avia-builder-el-4  el_after_av_textblock  el_before_av_heading  hr-center hr-icon-yes'><span class='hr-inner inner-border-av-border-thin'><span class=\"hr-inner-style\"><\/span><\/span><span class='av-seperator-icon avia-iconfont avia-font-entypo-fontello' data-av_icon='\ue8bd' data-av_iconfont='entypo-fontello' ><\/span><span class='hr-inner inner-border-av-border-thin'><span class=\"hr-inner-style\"><\/span><\/span><\/div>\n\n<style type=\"text\/css\" data-created_by=\"avia_inline_auto\" id=\"style-css-av-av_heading-97fbdbef3696636aa2a6b64ec1c2ed8d\">\n#top .av-special-heading.av-av_heading-97fbdbef3696636aa2a6b64ec1c2ed8d{\npadding-bottom:10px;\n}\nbody .av-special-heading.av-av_heading-97fbdbef3696636aa2a6b64ec1c2ed8d .av-special-heading-tag .heading-char{\nfont-size:25px;\n}\n.av-special-heading.av-av_heading-97fbdbef3696636aa2a6b64ec1c2ed8d .av-subheading{\nfont-size:15px;\n}\n<\/style>\n<div  class='av-special-heading av-av_heading-97fbdbef3696636aa2a6b64ec1c2ed8d av-special-heading-h3 blockquote modern-quote  avia-builder-el-5  el_after_av_hr  el_before_av_textblock '><h3 class='av-special-heading-tag '  itemprop=\"headline\"  >Auto + F\u00e4hre<\/h3><div class=\"special-heading-border\"><div class=\"special-heading-inner-border\"><\/div><\/div><\/div>\n\n<style type=\"text\/css\" data-created_by=\"avia_inline_auto\" id=\"style-css-av-jtjy80hd-bb13b932b4701bf145b2057857ac2ed7\">\n#top .av_textblock_section.av-jtjy80hd-bb13b932b4701bf145b2057857ac2ed7 .avia_textblock{\nfont-size:16px;\n}\n<\/style>\n<section  class='av_textblock_section av-jtjy80hd-bb13b932b4701bf145b2057857ac2ed7 '   itemscope=\"itemscope\" itemtype=\"https:\/\/schema.org\/CreativeWork\" ><div class='avia_textblock'  itemprop=\"text\" ><p>Falls sie mit dem Auto anreisen, m\u00fcssen sie die Via Aurelia entlang fahren (Richtung Rom wenn man vom Norden kommt oder Livorno wenn man vom S\u00fcden kommt) und das Hafen von Piombino erreichen, Ausgang Venturina.<br \/>\nWeitere Hinweise und Informationen \u00fcber Entfernungen und Strecken finden sie auf der Webseite <a href=\"http:\/\/www.viamichelin.it\" target=\"_blank\" rel=\"noopener\">www.viamichelin.it<\/a>.<img loading=\"lazy\" decoding=\"async\" class=\"alignright size-medium wp-image-298\" title=\"portoferraio\" src=\"http:\/\/www.caladimola.it\/wp-content\/uploads\/2012\/03\/portoferraio-300x200.jpg\" alt=\"\" width=\"300\" height=\"200\" \/> Am Hafen von Piombino kann man sich entweder auf \u201eToremar\u201c- F\u00e4hren oder \u201eMobylines\u201c- F\u00e4hren oder \u201cBlu Navy\u201d einschiffen:\u00dcberfahrt: ungef\u00e4hr eine Stunde. Ankunftshafen: Portoferraio, Rio Marina.<br \/>\nF\u00fcr Ausk\u00fcnfte \u00fcber Fahrplan, Tarife und Buchungen:<\/p>\n<ul>\n<li>TOREMAR: sito:<a href=\"http:\/\/www.toremar.it\" target=\"_blank\" rel=\"noopener\"> www.toremar.it<\/a>,\u00a0e-mail: <a href=\"mailto:callcenter@toremar.it\" target=\"_blank\" rel=\"noopener\">callcenter@toremar.it<\/a>,\u00a0call center: 800304035 Toremar B\u00fcros: Piombino \u2013 nuova stazione marittima\u00a0\u00a0\u00a0\u00a0 Tel 0565 31100 \u2013 Fax 0565 35294 Portoferraio \u2013 calata italia 36\u00a0\u00a0\u00a0\u00a0\u00a0\u00a0\u00a0\u00a0 \u00a0\u00a0\u00a0\u00a0\u00a0\u00a0\u00a0 Tel 0565 918080 \u2013 Fax 0565 914717 Rio Marina \u2013 banchina dei voltoni 2\u00a0\u00a0\u00a0\u00a0\u00a0\u00a0 Tel 0565 962073 &#8211; Fax 0565 962568<\/li>\n<li>MOBY LINES: sito: <a href=\"http:\/\/www.moby.it\" target=\"_blank\" rel=\"noopener\">www.moby.it<\/a>,\u00a0e-mail: <a href=\"mailto:info@moby.it\" target=\"_blank\" rel=\"noopener\">info@moby.it<\/a>Moby B\u00fcros: Piombino \u2013 nuova stazione marittima\u00a0\u00a0 Tel 0565 221212 \u2013 Fax 0565 220781 Portoferraio \u2013stazione marittima\u00a0\u00a0 \u00a0\u00a0\u00a0\u00a0\u00a0\u00a0\u00a0Tel 0565 914133 \u2013 Fax 0565 917652<\/li>\n<li>BLU NAVY: sito: <a href=\"http:\/\/www.blunavytraghetti.com\" target=\"_blank\" rel=\"noopener\">www.blunavytraghetti.com<\/a>,\u00a0e-mail: <a href=\"mailto:info@blunavytraghetti.com\" target=\"_blank\" rel=\"noopener\">info@blunavytraghetti.com<\/a>,\u00a0Call Center 0565 225833 Blu Navy B\u00fcros: Piombino \u2013 nuova stazione marittima\u00a0\u00a0 Tel 0565 229014 \u2013 Fax 0565 227557 Portoferraio \u2013 calata italia 8\u00a0\u00a0\u00a0\u00a0\u00a0\u00a0\u00a0\u00a0\u00a0\u00a0\u00a0\u00a0\u00a0\u00a0\u00a0\u00a0 Tel 0565 919797 \u2013 Fax 0565 919894<\/li>\n<\/ul>\n<\/div><\/section>\n\n<style type=\"text\/css\" data-created_by=\"avia_inline_auto\" id=\"style-css-av-av_hr-6a7e5c3a4468fb6fa408080095c6af93\">\n#top .hr.av-av_hr-6a7e5c3a4468fb6fa408080095c6af93{\nmargin-top:30px;\nmargin-bottom:30px;\n}\n.hr.av-av_hr-6a7e5c3a4468fb6fa408080095c6af93 .hr-inner{\nwidth:350px;\nmax-width:45%;\n}\n<\/style>\n<div  class='hr av-av_hr-6a7e5c3a4468fb6fa408080095c6af93 hr-custom  avia-builder-el-7  el_after_av_textblock  el_before_av_heading  hr-center hr-icon-yes'><span class='hr-inner inner-border-av-border-thin'><span class=\"hr-inner-style\"><\/span><\/span><span class='av-seperator-icon avia-iconfont avia-font-entypo-fontello' data-av_icon='\ue8be' data-av_iconfont='entypo-fontello' ><\/span><span class='hr-inner inner-border-av-border-thin'><span class=\"hr-inner-style\"><\/span><\/span><\/div>\n\n<style type=\"text\/css\" data-created_by=\"avia_inline_auto\" id=\"style-css-av-av_heading-9d6ef9829bd4e88ff09c4d2d51a42e1e\">\n#top .av-special-heading.av-av_heading-9d6ef9829bd4e88ff09c4d2d51a42e1e{\npadding-bottom:10px;\n}\nbody .av-special-heading.av-av_heading-9d6ef9829bd4e88ff09c4d2d51a42e1e .av-special-heading-tag .heading-char{\nfont-size:25px;\n}\n.av-special-heading.av-av_heading-9d6ef9829bd4e88ff09c4d2d51a42e1e .av-subheading{\nfont-size:15px;\n}\n<\/style>\n<div  class='av-special-heading av-av_heading-9d6ef9829bd4e88ff09c4d2d51a42e1e av-special-heading-h3 blockquote modern-quote  avia-builder-el-8  el_after_av_hr  el_before_av_textblock '><h3 class='av-special-heading-tag '  itemprop=\"headline\"  >Zug + F\u00e4hre<\/h3><div class=\"special-heading-border\"><div class=\"special-heading-inner-border\"><\/div><\/div><\/div>\n\n<style type=\"text\/css\" data-created_by=\"avia_inline_auto\" id=\"style-css-av-av_textblock-fae8699d538200a543ba402659dba9b0\">\n#top .av_textblock_section.av-av_textblock-fae8699d538200a543ba402659dba9b0 .avia_textblock{\nfont-size:16px;\n}\n<\/style>\n<section  class='av_textblock_section av-av_textblock-fae8699d538200a543ba402659dba9b0 '   itemscope=\"itemscope\" itemtype=\"https:\/\/schema.org\/CreativeWork\" ><div class='avia_textblock'  itemprop=\"text\" ><p>Falls sie bevorzugen mit dem Zug zu reisen, m\u00fcssen sie die Strecke Roma-Livorno-Genova durchfahren (wenn sie vom S\u00fcden kommen) oder die Strecke Genova-Livorno-Roma (wenn sie vom Norden kommen). Aussteigen in Campiglia Marittima.<\/p>\n<p>Von dort aus gibt es Zug- und Busverbindungen bis zum Hafen von Piombino in unmittelbarer Kain\u00e4he.<\/p>\n<p>F\u00fcr Ausk\u00fcnfte \u00fcber den Zugfahrplan: <a href=\"http:\/\/www.trenitalia.it\" target=\"_blank\" rel=\"noopener\">www.trenitalia.it<\/a>.<\/p>\n<p>Am Hafen von Piombino kann man sich entweder auf \u201eToremar\u201c- F\u00e4hren oder \u201eMobylines\u201c- F\u00e4hren oder \u201cBlu Navy\u201d einschiffen.<\/p>\n<p>\u00dcberfahrt: ungef\u00e4hr eine Stunde. Ankunftshafen: Portoferraio, Rio Marina.<\/p>\n<p>F\u00fcr Ausk\u00fcnfte \u00fcber Fahrplan, Tarife und Buchungen:<\/p>\n<p>TOREMAR: sito: <a href=\"http:\/\/www.toremar.it\" target=\"_blank\" rel=\"noopener\">www.toremar.it<\/a>,\u00a0e-mail: <a href=\"mailto:callcenter@toremar.it\" target=\"_blank\" rel=\"noopener\">callcenter@toremar.it<\/a>,\u00a0call center: 199 117 733 Toremar B\u00fcros: Piombino \u2013 nuova stazione marittima Tel 0565 31100 \u2013 Fax 0565 35294 Portoferraio \u2013 calata italia 36 Tel 0565 918080 \u2013 Fax 0565 914717 Rio Marina \u2013 banchina dei voltoni 2 Tel 0565 962073 &#8211; Fax 0565 962568 MOBY LINES: sito: <a href=\"http:\/\/www.moby.it\" target=\"_blank\" rel=\"noopener\">www.moby.it<\/a>,\u00a0e-mail: <a href=\"mailto:info@moby.it\" target=\"_blank\" rel=\"noopener\">info@moby.it<\/a>\u00a0Moby B\u00fcros: Piombino \u2013 nuova stazione marittima Tel 0565 221212 \u2013 Fax 0565 220781 Portoferraio \u2013stazione marittima Tel 0565 914133 \u2013 Fax 0565 917652 BLU NAVY: Sito: <a href=\"http:\/\/www.blunavytraghetti.com\" target=\"_blank\" rel=\"noopener\">www.blunavytraghetti.com<\/a>,\u00a0e-mail: <a href=\"mailto:info@blunavytraghetti.com\" target=\"_blank\" rel=\"noopener\">info@blunavytraghetti.com<\/a>,\u00a0Call Center 0565 225833 Blu Navy B\u00fcros: Piombino \u2013 nuova stazione marittima Tel 0565 229014 \u2013 Fax 0565 227557 Portoferraio \u2013 calata italia 8 Tel 0565 919797 \u2013 Fax 0565 919894<\/p>\n<\/div><\/section>\n\n<style type=\"text\/css\" data-created_by=\"avia_inline_auto\" id=\"style-css-av-av_hr-13351c4225ddff39202194037d76967e\">\n#top .hr.av-av_hr-13351c4225ddff39202194037d76967e{\nmargin-top:30px;\nmargin-bottom:30px;\n}\n.hr.av-av_hr-13351c4225ddff39202194037d76967e .hr-inner{\nwidth:350px;\nmax-width:45%;\n}\n<\/style>\n<div  class='hr av-av_hr-13351c4225ddff39202194037d76967e hr-custom  avia-builder-el-10  el_after_av_textblock  el_before_av_heading  hr-center hr-icon-yes'><span class='hr-inner inner-border-av-border-thin'><span class=\"hr-inner-style\"><\/span><\/span><span class='av-seperator-icon avia-iconfont avia-font-entypo-fontello' data-av_icon='\ue8bf' data-av_iconfont='entypo-fontello' ><\/span><span class='hr-inner inner-border-av-border-thin'><span class=\"hr-inner-style\"><\/span><\/span><\/div>\n\n<style type=\"text\/css\" data-created_by=\"avia_inline_auto\" id=\"style-css-av-av_heading-168bd624f736264e80ed1680ebbf5f4a\">\n#top .av-special-heading.av-av_heading-168bd624f736264e80ed1680ebbf5f4a{\npadding-bottom:10px;\n}\nbody .av-special-heading.av-av_heading-168bd624f736264e80ed1680ebbf5f4a .av-special-heading-tag .heading-char{\nfont-size:25px;\n}\n.av-special-heading.av-av_heading-168bd624f736264e80ed1680ebbf5f4a .av-subheading{\nfont-size:15px;\n}\n<\/style>\n<div  class='av-special-heading av-av_heading-168bd624f736264e80ed1680ebbf5f4a av-special-heading-h3 blockquote modern-quote  avia-builder-el-11  el_after_av_hr  el_before_av_textblock '><h3 class='av-special-heading-tag '  itemprop=\"headline\"  >Flugzeug<\/h3><div class=\"special-heading-border\"><div class=\"special-heading-inner-border\"><\/div><\/div><\/div>\n\n<style type=\"text\/css\" data-created_by=\"avia_inline_auto\" id=\"style-css-av-jin9m0m2-e1dcd0de5f34d5fd38f6100a7b888843\">\n#top .av_textblock_section.av-jin9m0m2-e1dcd0de5f34d5fd38f6100a7b888843 .avia_textblock{\nfont-size:16px;\n}\n<\/style>\n<section  class='av_textblock_section av-jin9m0m2-e1dcd0de5f34d5fd38f6100a7b888843 '   itemscope=\"itemscope\" itemtype=\"https:\/\/schema.org\/CreativeWork\" ><div class='avia_textblock'  itemprop=\"text\" ><p><a href=\"https:\/\/www.caladimola.it\/wp-content\/uploads\/sites\/2\/2018\/06\/aeroporto_2010-400x300.jpg\"><img loading=\"lazy\" decoding=\"async\" class=\"alignleft size-medium wp-image-5526\" src=\"https:\/\/www.caladimola.it\/wp-content\/uploads\/sites\/2\/2018\/06\/aeroporto_2010-400x300-300x225.jpg\" alt=\"\" width=\"300\" height=\"225\" srcset=\"https:\/\/www.caladimola.it\/wp-content\/uploads\/sites\/2\/2018\/06\/aeroporto_2010-400x300-300x225.jpg 300w, https:\/\/www.caladimola.it\/wp-content\/uploads\/sites\/2\/2018\/06\/aeroporto_2010-400x300.jpg 400w\" sizes=\"auto, (max-width: 300px) 100vw, 300px\" \/><\/a><br \/>\nFalls sie nach Elba fliegen m\u00f6chten ist auf der Insel ein kleiner Flughafen in Betrieb in \u201cLa Pila\u201d nur 2 Km von Marina di Campo entfernt. Die Fluggesellschaft Silver Air verbindet ganzj\u00e4hrlich die Insel mit Pisa, Florenz, Mailand Linate und Lugan mit praktische Verbindungen zu den meisten europ\u00e4ischen St\u00e4dte. <a href=\"https:\/\/www.silverairitalia.it\/index.php?option=com_content&lt;emid=525&amp;id=287&amp;lang=it&amp;view=article\" target=\"_blank\" rel=\"noopener\"><img loading=\"lazy\" decoding=\"async\" class=\"alignleft\" src=\"https:\/\/www.silverairitalia.it\/images\/banner\/bnr-silverairitalia-468x60-it.gif\" alt=\"\" width=\"0\" height=\"0\" \/><\/a> F\u00fcr Infos: Aeroporto\u201dLa Pila\u201d Tel 0565 976011 e-mail: <a href=\"mailto:alatoscana@elba-airport.it\">alatoscana@elba-airport.it<\/a><\/p>\n<\/div><\/section>\n","protected":false},"excerpt":{"rendered":"","protected":false},"author":1,"featured_media":0,"parent":0,"menu_order":0,"comment_status":"open","ping_status":"open","template":"","meta":{"footnotes":""},"class_list":["post-3728","page","type-page","status-publish","hentry"],"yoast_head":"<!-- This site is optimized with the Yoast SEO plugin v26.7 - https:\/\/yoast.com\/wordpress\/plugins\/seo\/ -->\n<title>Anreise - Hotel e Residence Cala di Mola<\/title>\n<meta name=\"robots\" content=\"index, follow, max-snippet:-1, max-image-preview:large, max-video-preview:-1\" \/>\n<link rel=\"canonical\" href=\"https:\/\/www.caladimola.it\/de\/anreise\/\" \/>\n<meta property=\"og:locale\" content=\"de_DE\" \/>\n<meta property=\"og:type\" content=\"article\" \/>\n<meta property=\"og:title\" content=\"Anreise - Hotel e Residence Cala di Mola\" \/>\n<meta property=\"og:url\" content=\"https:\/\/www.caladimola.it\/de\/anreise\/\" \/>\n<meta property=\"og:site_name\" content=\"Hotel e Residence Cala di Mola\" \/>\n<meta property=\"article:modified_time\" content=\"2019-03-22T10:55:49+00:00\" \/>\n<meta property=\"og:image\" content=\"http:\/\/www.caladimola.it\/wp-content\/uploads\/2012\/03\/portoferraio-300x200.jpg\" \/>\n<meta name=\"twitter:card\" content=\"summary_large_image\" \/>\n<meta name=\"twitter:label1\" content=\"Gesch\u00e4tzte Lesezeit\" \/>\n\t<meta name=\"twitter:data1\" content=\"5\u00a0Minuten\" \/>\n<script type=\"application\/ld+json\" class=\"yoast-schema-graph\">{\"@context\":\"https:\/\/schema.org\",\"@graph\":[{\"@type\":\"WebPage\",\"@id\":\"https:\/\/www.caladimola.it\/de\/anreise\/\",\"url\":\"https:\/\/www.caladimola.it\/de\/anreise\/\",\"name\":\"Anreise - Hotel e Residence Cala di Mola\",\"isPartOf\":{\"@id\":\"https:\/\/www.caladimola.it\/#website\"},\"primaryImageOfPage\":{\"@id\":\"https:\/\/www.caladimola.it\/de\/anreise\/#primaryimage\"},\"image\":{\"@id\":\"https:\/\/www.caladimola.it\/de\/anreise\/#primaryimage\"},\"thumbnailUrl\":\"http:\/\/www.caladimola.it\/wp-content\/uploads\/2012\/03\/portoferraio-300x200.jpg\",\"datePublished\":\"2015-04-26T08:01:55+00:00\",\"dateModified\":\"2019-03-22T10:55:49+00:00\",\"breadcrumb\":{\"@id\":\"https:\/\/www.caladimola.it\/de\/anreise\/#breadcrumb\"},\"inLanguage\":\"de\",\"potentialAction\":[{\"@type\":\"ReadAction\",\"target\":[\"https:\/\/www.caladimola.it\/de\/anreise\/\"]}]},{\"@type\":\"ImageObject\",\"inLanguage\":\"de\",\"@id\":\"https:\/\/www.caladimola.it\/de\/anreise\/#primaryimage\",\"url\":\"http:\/\/www.caladimola.it\/wp-content\/uploads\/2012\/03\/portoferraio-300x200.jpg\",\"contentUrl\":\"http:\/\/www.caladimola.it\/wp-content\/uploads\/2012\/03\/portoferraio-300x200.jpg\"},{\"@type\":\"BreadcrumbList\",\"@id\":\"https:\/\/www.caladimola.it\/de\/anreise\/#breadcrumb\",\"itemListElement\":[{\"@type\":\"ListItem\",\"position\":1,\"name\":\"Home\",\"item\":\"https:\/\/www.caladimola.it\/de\/homedeu\/\"},{\"@type\":\"ListItem\",\"position\":2,\"name\":\"Anreise\"}]},{\"@type\":\"WebSite\",\"@id\":\"https:\/\/www.caladimola.it\/#website\",\"url\":\"https:\/\/www.caladimola.it\/\",\"name\":\"Hotel e Residence Cala di Mola\",\"description\":\"Hotel e Residence a Porto Azzurro Isola D&#039;Elba\",\"publisher\":{\"@id\":\"https:\/\/www.caladimola.it\/#organization\"},\"potentialAction\":[{\"@type\":\"SearchAction\",\"target\":{\"@type\":\"EntryPoint\",\"urlTemplate\":\"https:\/\/www.caladimola.it\/?s={search_term_string}\"},\"query-input\":{\"@type\":\"PropertyValueSpecification\",\"valueRequired\":true,\"valueName\":\"search_term_string\"}}],\"inLanguage\":\"de\"},{\"@type\":\"Organization\",\"@id\":\"https:\/\/www.caladimola.it\/#organization\",\"name\":\"Hotel & Residence Cala di Mola\",\"url\":\"https:\/\/www.caladimola.it\/\",\"logo\":{\"@type\":\"ImageObject\",\"inLanguage\":\"de\",\"@id\":\"https:\/\/www.caladimola.it\/#\/schema\/logo\/image\/\",\"url\":\"https:\/\/www.caladimola.it\/wp-content\/uploads\/sites\/2\/2015\/03\/logo-cala-di-mola-blu.png\",\"contentUrl\":\"https:\/\/www.caladimola.it\/wp-content\/uploads\/sites\/2\/2015\/03\/logo-cala-di-mola-blu.png\",\"width\":250,\"height\":148,\"caption\":\"Hotel & Residence Cala di Mola\"},\"image\":{\"@id\":\"https:\/\/www.caladimola.it\/#\/schema\/logo\/image\/\"}}]}<\/script>\n<!-- \/ Yoast SEO plugin. -->","yoast_head_json":{"title":"Anreise - Hotel e Residence Cala di Mola","robots":{"index":"index","follow":"follow","max-snippet":"max-snippet:-1","max-image-preview":"max-image-preview:large","max-video-preview":"max-video-preview:-1"},"canonical":"https:\/\/www.caladimola.it\/de\/anreise\/","og_locale":"de_DE","og_type":"article","og_title":"Anreise - Hotel e Residence Cala di Mola","og_url":"https:\/\/www.caladimola.it\/de\/anreise\/","og_site_name":"Hotel e Residence Cala di Mola","article_modified_time":"2019-03-22T10:55:49+00:00","og_image":[{"url":"http:\/\/www.caladimola.it\/wp-content\/uploads\/2012\/03\/portoferraio-300x200.jpg","type":"","width":"","height":""}],"twitter_card":"summary_large_image","twitter_misc":{"Gesch\u00e4tzte Lesezeit":"5\u00a0Minuten"},"schema":{"@context":"https:\/\/schema.org","@graph":[{"@type":"WebPage","@id":"https:\/\/www.caladimola.it\/de\/anreise\/","url":"https:\/\/www.caladimola.it\/de\/anreise\/","name":"Anreise - Hotel e Residence Cala di Mola","isPartOf":{"@id":"https:\/\/www.caladimola.it\/#website"},"primaryImageOfPage":{"@id":"https:\/\/www.caladimola.it\/de\/anreise\/#primaryimage"},"image":{"@id":"https:\/\/www.caladimola.it\/de\/anreise\/#primaryimage"},"thumbnailUrl":"http:\/\/www.caladimola.it\/wp-content\/uploads\/2012\/03\/portoferraio-300x200.jpg","datePublished":"2015-04-26T08:01:55+00:00","dateModified":"2019-03-22T10:55:49+00:00","breadcrumb":{"@id":"https:\/\/www.caladimola.it\/de\/anreise\/#breadcrumb"},"inLanguage":"de","potentialAction":[{"@type":"ReadAction","target":["https:\/\/www.caladimola.it\/de\/anreise\/"]}]},{"@type":"ImageObject","inLanguage":"de","@id":"https:\/\/www.caladimola.it\/de\/anreise\/#primaryimage","url":"http:\/\/www.caladimola.it\/wp-content\/uploads\/2012\/03\/portoferraio-300x200.jpg","contentUrl":"http:\/\/www.caladimola.it\/wp-content\/uploads\/2012\/03\/portoferraio-300x200.jpg"},{"@type":"BreadcrumbList","@id":"https:\/\/www.caladimola.it\/de\/anreise\/#breadcrumb","itemListElement":[{"@type":"ListItem","position":1,"name":"Home","item":"https:\/\/www.caladimola.it\/de\/homedeu\/"},{"@type":"ListItem","position":2,"name":"Anreise"}]},{"@type":"WebSite","@id":"https:\/\/www.caladimola.it\/#website","url":"https:\/\/www.caladimola.it\/","name":"Hotel e Residence Cala di Mola","description":"Hotel e Residence a Porto Azzurro Isola D&#039;Elba","publisher":{"@id":"https:\/\/www.caladimola.it\/#organization"},"potentialAction":[{"@type":"SearchAction","target":{"@type":"EntryPoint","urlTemplate":"https:\/\/www.caladimola.it\/?s={search_term_string}"},"query-input":{"@type":"PropertyValueSpecification","valueRequired":true,"valueName":"search_term_string"}}],"inLanguage":"de"},{"@type":"Organization","@id":"https:\/\/www.caladimola.it\/#organization","name":"Hotel & Residence Cala di Mola","url":"https:\/\/www.caladimola.it\/","logo":{"@type":"ImageObject","inLanguage":"de","@id":"https:\/\/www.caladimola.it\/#\/schema\/logo\/image\/","url":"https:\/\/www.caladimola.it\/wp-content\/uploads\/sites\/2\/2015\/03\/logo-cala-di-mola-blu.png","contentUrl":"https:\/\/www.caladimola.it\/wp-content\/uploads\/sites\/2\/2015\/03\/logo-cala-di-mola-blu.png","width":250,"height":148,"caption":"Hotel & Residence Cala di Mola"},"image":{"@id":"https:\/\/www.caladimola.it\/#\/schema\/logo\/image\/"}}]}},"_links":{"self":[{"href":"https:\/\/www.caladimola.it\/de\/wp-json\/wp\/v2\/pages\/3728","targetHints":{"allow":["GET"]}}],"collection":[{"href":"https:\/\/www.caladimola.it\/de\/wp-json\/wp\/v2\/pages"}],"about":[{"href":"https:\/\/www.caladimola.it\/de\/wp-json\/wp\/v2\/types\/page"}],"author":[{"embeddable":true,"href":"https:\/\/www.caladimola.it\/de\/wp-json\/wp\/v2\/users\/1"}],"replies":[{"embeddable":true,"href":"https:\/\/www.caladimola.it\/de\/wp-json\/wp\/v2\/comments?post=3728"}],"version-history":[{"count":13,"href":"https:\/\/www.caladimola.it\/de\/wp-json\/wp\/v2\/pages\/3728\/revisions"}],"predecessor-version":[{"id":5594,"href":"https:\/\/www.caladimola.it\/de\/wp-json\/wp\/v2\/pages\/3728\/revisions\/5594"}],"wp:attachment":[{"href":"https:\/\/www.caladimola.it\/de\/wp-json\/wp\/v2\/media?parent=3728"}],"curies":[{"name":"wp","href":"https:\/\/api.w.org\/{rel}","templated":true}]}}