{"id":3833,"date":"2015-04-27T08:50:27","date_gmt":"2015-04-27T08:50:27","guid":{"rendered":"http:\/\/www2.caladimola.it\/caladimola\/?page_id=3833"},"modified":"2024-10-14T09:19:28","modified_gmt":"2024-10-14T09:19:28","slug":"residence-preise","status":"publish","type":"page","link":"https:\/\/www.caladimola.it\/de\/residence-preise\/","title":{"rendered":"Residence Preise"},"content":{"rendered":"\n<style type=\"text\/css\" data-created_by=\"avia_inline_auto\" id=\"style-css-av-jmhem0h5-593fb1fcdec3344bfd0aeaf7fbe18d7e\">\n#top .av_textblock_section.av-jmhem0h5-593fb1fcdec3344bfd0aeaf7fbe18d7e .avia_textblock{\nfont-size:15px;\n}\n<\/style>\n<section  class='av_textblock_section av-jmhem0h5-593fb1fcdec3344bfd0aeaf7fbe18d7e '   itemscope=\"itemscope\" itemtype=\"https:\/\/schema.org\/CreativeWork\" ><div class='avia_textblock'  itemprop=\"text\" ><p>Alle Studiowohungen in den Gebaeuden\u00a0 &#8222;BELVEDERE&#8220; &#8211; \u201cLE TERRAZZE\u201d, sind mit Bettw\u00e4sche und Handtuecher versehen (keine K\u00fcchen und Tischwaesche vorhanden). Taegliche Reinigung w\u00e4hrend des Aufenthaltes ist nicht inbegriffen . Typ A Studio-Apartment auf der unteren Etage mit kleinem Garten. Typ B Wohnung im Obergeschoss besteht aus Wohnzimmer mit 2 Betten, Gallerie mit Doppelbett, Terrasse.\u00a0 Alle Studios sind mit Klimaanlage ausgestattet.<\/p>\n<\/div><\/section>\n\n<style type=\"text\/css\" data-created_by=\"avia_inline_auto\" id=\"style-css-av-av_hr-b023c723dac43ec512ce434042388d92\">\n#top .hr.av-av_hr-b023c723dac43ec512ce434042388d92{\nmargin-top:30px;\nmargin-bottom:30px;\n}\n.hr.av-av_hr-b023c723dac43ec512ce434042388d92 .hr-inner{\nwidth:350px;\nmax-width:45%;\n}\n.hr.av-av_hr-b023c723dac43ec512ce434042388d92 .av-seperator-icon{\ncolor:#679be0;\n}\n.hr.av-av_hr-b023c723dac43ec512ce434042388d92 .av-seperator-icon.avia-svg-icon svg:first-child{\nfill:#679be0;\nstroke:#679be0;\n}\n<\/style>\n<div  class='hr av-av_hr-b023c723dac43ec512ce434042388d92 hr-custom  avia-builder-el-1  el_after_av_textblock  el_before_av_table  hr-center hr-icon-yes'><span class='hr-inner inner-border-av-border-thin'><span class=\"hr-inner-style\"><\/span><\/span><span class='av-seperator-icon avia-iconfont avia-font-entypo-fontello' data-av_icon='\ue81f' data-av_iconfont='entypo-fontello' ><\/span><span class='hr-inner inner-border-av-border-thin'><span class=\"hr-inner-style\"><\/span><\/span><\/div>\n<div  class='avia-table av-av_table-7a9a0e158fcc6df500be32f1d2023605 main_color avia-pricing-table-container avia_pricing_default  avia-builder-el-2  el_after_av_hr  el_before_av_hr  avia-table-1'  itemscope=\"itemscope\" itemtype=\"https:\/\/schema.org\/Table\" ><div class=\"pricing-table-wrap\"><ul class='pricing-table avia-highlight-col'><li class='avia-heading-row'><div class='first-table-item'>SAISON<\/div><span class='pricing-extra'><\/span><\/li><li class=''>Preise<br \/>\npro Apartment<br \/>\npro Tag<\/li><li class=''>Typ A fuer 2 Personen<\/li><li class=''>Typ A fuer 3 Personen<\/li><li class=''>Typ B fuer 4 Personen<\/li><\/ul><\/div><div class=\"pricing-table-wrap\"><ul class='pricing-table '><li class='avia-heading-row'><div class='first-table-item'>NEBEN<\/div><span class='pricing-extra'><\/span><\/li><li class=''>vom 24.4. bis zum 25.5. und<br \/>\nvom 14.9. bis zum 30.9.<\/li><li class=''>85\u20ac<\/li><li class=''>105\u20ac<\/li><li class=''>130\u20ac<\/li><\/ul><\/div><div class=\"pricing-table-wrap\"><ul class='pricing-table '><li class='avia-heading-row'><div class='first-table-item'>MITTEL 1<\/div><span class='pricing-extra'><\/span><\/li><li class=''>vom 25.5. bis zum 15.6. und<br \/>\nvom 7.9. bis zum 14.9.<br \/><\/li><li class=''>120\u20ac<\/li><li class=''>140\u20ac<\/li><li class=''>165\u20ac<\/li><\/ul><\/div><div class=\"pricing-table-wrap\"><ul class='pricing-table '><li class='avia-heading-row'><div class='first-table-item'>HOCH 1<\/div><span class='pricing-extra'><\/span><\/li><li class=''>vom 15.6. bis zum 13.7.<br \/>\nund vom 31.8. bis zum 7.9.<br \/><\/li><li class=''>145\u20ac<\/li><li class=''>165\u20ac<\/li><li class=''>190\u20ac<\/li><\/ul><\/div><div class=\"pricing-table-wrap\"><ul class='pricing-table '><li class='avia-heading-row'><div class='first-table-item'>HOCH 2<\/div><span class='pricing-extra'><\/span><\/li><li class=''>vom 13.7. bis zum 10.8. und<br \/>\nvom 24.8. bis zum 31.8.<\/li><li class=''>165\u20ac<\/li><li class=''>185\u20ac<\/li><li class=''>210\u20ac<\/li><\/ul><\/div><div class=\"pricing-table-wrap\"><ul class='pricing-table '><li class='avia-heading-row'><div class='first-table-item'>HAUPT<\/div><span class='pricing-extra'><\/span><\/li><li class=''>vom 10.8.<br \/>\nbis zum 24.8.<br \/><\/li><li class=''>205\u20ac<\/li><li class=''>225\u20ac<\/li><li class=''>250\u20ac<\/li><\/ul><\/div><\/div>\n\n<style type=\"text\/css\" data-created_by=\"avia_inline_auto\" id=\"style-css-av-av_hr-b023c723dac43ec512ce434042388d92\">\n#top .hr.av-av_hr-b023c723dac43ec512ce434042388d92{\nmargin-top:30px;\nmargin-bottom:30px;\n}\n.hr.av-av_hr-b023c723dac43ec512ce434042388d92 .hr-inner{\nwidth:350px;\nmax-width:45%;\n}\n.hr.av-av_hr-b023c723dac43ec512ce434042388d92 .av-seperator-icon{\ncolor:#679be0;\n}\n.hr.av-av_hr-b023c723dac43ec512ce434042388d92 .av-seperator-icon.avia-svg-icon svg:first-child{\nfill:#679be0;\nstroke:#679be0;\n}\n<\/style>\n<div  class='hr av-av_hr-b023c723dac43ec512ce434042388d92 hr-custom  avia-builder-el-3  el_after_av_table  el_before_av_textblock  hr-center hr-icon-yes'><span class='hr-inner inner-border-av-border-thin'><span class=\"hr-inner-style\"><\/span><\/span><span class='av-seperator-icon avia-iconfont avia-font-entypo-fontello' data-av_icon='\ue81f' data-av_iconfont='entypo-fontello' ><\/span><span class='hr-inner inner-border-av-border-thin'><span class=\"hr-inner-style\"><\/span><\/span><\/div>\n\n<style type=\"text\/css\" data-created_by=\"avia_inline_auto\" id=\"style-css-av-jmhemufn-5e1cb25e0bf0c285a0b42a5a72269db2\">\n#top .av_textblock_section.av-jmhemufn-5e1cb25e0bf0c285a0b42a5a72269db2 .avia_textblock{\nfont-size:15px;\n}\n<\/style>\n<section  class='av_textblock_section av-jmhemufn-5e1cb25e0bf0c285a0b42a5a72269db2 '   itemscope=\"itemscope\" itemtype=\"https:\/\/schema.org\/CreativeWork\" ><div class='avia_textblock'  itemprop=\"text\" ><p><strong>Endreinigung: Typ A, \u20ac 40,00 &#8211; Typ B \u20ac 50,00<\/strong><\/p>\n<p>vom 15. Juni bis 7. September Animation tags\u00fcber und abends<\/p>\n<p>f\u00fcr die G\u00e4ste des Hotels und Residenzen, Clubkarte von \u20ac 5,00 pro Person pro Tag obligatorisch ab 6 Jahren. Kinder: Mini Club von 4 bis 10 Jahren.<\/p>\n<p>Mindestaufenthalt von 4 Tagen , alle Preise sind inklusive Mehrwertsteuer, \u00a0Nutzung des Pools mit Ausr\u00fcstung.<\/p>\n<p>Zusatz-bett\/ -Person \u20ac 20,00 pro Tag.<\/p>\n<p>Privater Anlegesteg\u00a0Euro 10,00 pro Tag.<\/p>\n<p>Anzahlung 30% fuer eine Endgueltige Buchung. Restbetrag am Ankunftstag direkt im Hotel zu begleichen.<\/p>\n<p>Apartement Abgabe am Ankunftstag\u00a0ab 17.00 Uhr. Rueckgabe des Apartements am Abreisetag\u00a0\u00a09:00 Uhr.<\/p>\n<\/div><\/section>\n","protected":false},"excerpt":{"rendered":"","protected":false},"author":1,"featured_media":0,"parent":0,"menu_order":0,"comment_status":"open","ping_status":"open","template":"","meta":{"footnotes":""},"class_list":["post-3833","page","type-page","status-publish","hentry"],"yoast_head":"<!-- This site is optimized with the Yoast SEO plugin v26.7 - https:\/\/yoast.com\/wordpress\/plugins\/seo\/ -->\n<title>Residence Preise - Hotel e Residence Cala di Mola<\/title>\n<meta name=\"robots\" content=\"index, follow, max-snippet:-1, max-image-preview:large, max-video-preview:-1\" \/>\n<link rel=\"canonical\" href=\"https:\/\/www.caladimola.it\/de\/residence-preise\/\" \/>\n<meta property=\"og:locale\" content=\"de_DE\" \/>\n<meta property=\"og:type\" content=\"article\" \/>\n<meta property=\"og:title\" content=\"Residence Preise - Hotel e Residence Cala di Mola\" \/>\n<meta property=\"og:url\" content=\"https:\/\/www.caladimola.it\/de\/residence-preise\/\" \/>\n<meta property=\"og:site_name\" content=\"Hotel e Residence Cala di Mola\" \/>\n<meta property=\"article:modified_time\" content=\"2024-10-14T09:19:28+00:00\" \/>\n<meta name=\"twitter:card\" content=\"summary_large_image\" \/>\n<meta name=\"twitter:label1\" content=\"Gesch\u00e4tzte Lesezeit\" \/>\n\t<meta name=\"twitter:data1\" content=\"2\u00a0Minuten\" \/>\n<script type=\"application\/ld+json\" class=\"yoast-schema-graph\">{\"@context\":\"https:\/\/schema.org\",\"@graph\":[{\"@type\":\"WebPage\",\"@id\":\"https:\/\/www.caladimola.it\/de\/residence-preise\/\",\"url\":\"https:\/\/www.caladimola.it\/de\/residence-preise\/\",\"name\":\"Residence Preise - Hotel e Residence Cala di Mola\",\"isPartOf\":{\"@id\":\"https:\/\/www.caladimola.it\/#website\"},\"datePublished\":\"2015-04-27T08:50:27+00:00\",\"dateModified\":\"2024-10-14T09:19:28+00:00\",\"breadcrumb\":{\"@id\":\"https:\/\/www.caladimola.it\/de\/residence-preise\/#breadcrumb\"},\"inLanguage\":\"de\",\"potentialAction\":[{\"@type\":\"ReadAction\",\"target\":[\"https:\/\/www.caladimola.it\/de\/residence-preise\/\"]}]},{\"@type\":\"BreadcrumbList\",\"@id\":\"https:\/\/www.caladimola.it\/de\/residence-preise\/#breadcrumb\",\"itemListElement\":[{\"@type\":\"ListItem\",\"position\":1,\"name\":\"Home\",\"item\":\"https:\/\/www.caladimola.it\/de\/homedeu\/\"},{\"@type\":\"ListItem\",\"position\":2,\"name\":\"Residence Preise\"}]},{\"@type\":\"WebSite\",\"@id\":\"https:\/\/www.caladimola.it\/#website\",\"url\":\"https:\/\/www.caladimola.it\/\",\"name\":\"Hotel e Residence Cala di Mola\",\"description\":\"Hotel e Residence a Porto Azzurro Isola D&#039;Elba\",\"publisher\":{\"@id\":\"https:\/\/www.caladimola.it\/#organization\"},\"potentialAction\":[{\"@type\":\"SearchAction\",\"target\":{\"@type\":\"EntryPoint\",\"urlTemplate\":\"https:\/\/www.caladimola.it\/?s={search_term_string}\"},\"query-input\":{\"@type\":\"PropertyValueSpecification\",\"valueRequired\":true,\"valueName\":\"search_term_string\"}}],\"inLanguage\":\"de\"},{\"@type\":\"Organization\",\"@id\":\"https:\/\/www.caladimola.it\/#organization\",\"name\":\"Hotel & Residence Cala di Mola\",\"url\":\"https:\/\/www.caladimola.it\/\",\"logo\":{\"@type\":\"ImageObject\",\"inLanguage\":\"de\",\"@id\":\"https:\/\/www.caladimola.it\/#\/schema\/logo\/image\/\",\"url\":\"https:\/\/www.caladimola.it\/wp-content\/uploads\/sites\/2\/2015\/03\/logo-cala-di-mola-blu.png\",\"contentUrl\":\"https:\/\/www.caladimola.it\/wp-content\/uploads\/sites\/2\/2015\/03\/logo-cala-di-mola-blu.png\",\"width\":250,\"height\":148,\"caption\":\"Hotel & Residence Cala di Mola\"},\"image\":{\"@id\":\"https:\/\/www.caladimola.it\/#\/schema\/logo\/image\/\"}}]}<\/script>\n<!-- \/ Yoast SEO plugin. -->","yoast_head_json":{"title":"Residence Preise - Hotel e Residence Cala di Mola","robots":{"index":"index","follow":"follow","max-snippet":"max-snippet:-1","max-image-preview":"max-image-preview:large","max-video-preview":"max-video-preview:-1"},"canonical":"https:\/\/www.caladimola.it\/de\/residence-preise\/","og_locale":"de_DE","og_type":"article","og_title":"Residence Preise - Hotel e Residence Cala di Mola","og_url":"https:\/\/www.caladimola.it\/de\/residence-preise\/","og_site_name":"Hotel e Residence Cala di Mola","article_modified_time":"2024-10-14T09:19:28+00:00","twitter_card":"summary_large_image","twitter_misc":{"Gesch\u00e4tzte Lesezeit":"2\u00a0Minuten"},"schema":{"@context":"https:\/\/schema.org","@graph":[{"@type":"WebPage","@id":"https:\/\/www.caladimola.it\/de\/residence-preise\/","url":"https:\/\/www.caladimola.it\/de\/residence-preise\/","name":"Residence Preise - Hotel e Residence Cala di Mola","isPartOf":{"@id":"https:\/\/www.caladimola.it\/#website"},"datePublished":"2015-04-27T08:50:27+00:00","dateModified":"2024-10-14T09:19:28+00:00","breadcrumb":{"@id":"https:\/\/www.caladimola.it\/de\/residence-preise\/#breadcrumb"},"inLanguage":"de","potentialAction":[{"@type":"ReadAction","target":["https:\/\/www.caladimola.it\/de\/residence-preise\/"]}]},{"@type":"BreadcrumbList","@id":"https:\/\/www.caladimola.it\/de\/residence-preise\/#breadcrumb","itemListElement":[{"@type":"ListItem","position":1,"name":"Home","item":"https:\/\/www.caladimola.it\/de\/homedeu\/"},{"@type":"ListItem","position":2,"name":"Residence Preise"}]},{"@type":"WebSite","@id":"https:\/\/www.caladimola.it\/#website","url":"https:\/\/www.caladimola.it\/","name":"Hotel e Residence Cala di Mola","description":"Hotel e Residence a Porto Azzurro Isola D&#039;Elba","publisher":{"@id":"https:\/\/www.caladimola.it\/#organization"},"potentialAction":[{"@type":"SearchAction","target":{"@type":"EntryPoint","urlTemplate":"https:\/\/www.caladimola.it\/?s={search_term_string}"},"query-input":{"@type":"PropertyValueSpecification","valueRequired":true,"valueName":"search_term_string"}}],"inLanguage":"de"},{"@type":"Organization","@id":"https:\/\/www.caladimola.it\/#organization","name":"Hotel & Residence Cala di Mola","url":"https:\/\/www.caladimola.it\/","logo":{"@type":"ImageObject","inLanguage":"de","@id":"https:\/\/www.caladimola.it\/#\/schema\/logo\/image\/","url":"https:\/\/www.caladimola.it\/wp-content\/uploads\/sites\/2\/2015\/03\/logo-cala-di-mola-blu.png","contentUrl":"https:\/\/www.caladimola.it\/wp-content\/uploads\/sites\/2\/2015\/03\/logo-cala-di-mola-blu.png","width":250,"height":148,"caption":"Hotel & Residence Cala di Mola"},"image":{"@id":"https:\/\/www.caladimola.it\/#\/schema\/logo\/image\/"}}]}},"_links":{"self":[{"href":"https:\/\/www.caladimola.it\/de\/wp-json\/wp\/v2\/pages\/3833","targetHints":{"allow":["GET"]}}],"collection":[{"href":"https:\/\/www.caladimola.it\/de\/wp-json\/wp\/v2\/pages"}],"about":[{"href":"https:\/\/www.caladimola.it\/de\/wp-json\/wp\/v2\/types\/page"}],"author":[{"embeddable":true,"href":"https:\/\/www.caladimola.it\/de\/wp-json\/wp\/v2\/users\/1"}],"replies":[{"embeddable":true,"href":"https:\/\/www.caladimola.it\/de\/wp-json\/wp\/v2\/comments?post=3833"}],"version-history":[{"count":37,"href":"https:\/\/www.caladimola.it\/de\/wp-json\/wp\/v2\/pages\/3833\/revisions"}],"predecessor-version":[{"id":6183,"href":"https:\/\/www.caladimola.it\/de\/wp-json\/wp\/v2\/pages\/3833\/revisions\/6183"}],"wp:attachment":[{"href":"https:\/\/www.caladimola.it\/de\/wp-json\/wp\/v2\/media?parent=3833"}],"curies":[{"name":"wp","href":"https:\/\/api.w.org\/{rel}","templated":true}]}}