{"id":4416,"date":"2015-09-29T16:24:40","date_gmt":"2015-09-29T16:24:40","guid":{"rendered":"http:\/\/www.caladimola.it\/?page_id=4416"},"modified":"2015-10-12T14:24:20","modified_gmt":"2015-10-12T14:24:20","slug":"autres-plages","status":"publish","type":"page","link":"https:\/\/www.caladimola.it\/fr\/autres-plages\/","title":{"rendered":"Autres plages"},"content":{"rendered":"<div id='full_slider_1'  class='avia-fullwidth-slider main_color avia-shadow   avia-builder-el-0  el_before_av_one_half  avia-builder-el-first   container_wrap sidebar_right'  ><div  class='avia-slideshow av-av_slideshow_full-7c89eef234b705e7a4d2de62d66c7ebb avia-slideshow-no scaling av_slideshow_full avia-slide-slider av-slideshow-ui av-control-default av-slideshow-manual av-loop-once av-loop-manual-endless av-default-height-applied   avia-slideshow-1' data-slideshow-options=\"{&quot;animation&quot;:&quot;slide&quot;,&quot;autoplay&quot;:false,&quot;loop_autoplay&quot;:&quot;once&quot;,&quot;interval&quot;:5,&quot;loop_manual&quot;:&quot;manual-endless&quot;,&quot;autoplay_stopper&quot;:false,&quot;noNavigation&quot;:false,&quot;bg_slider&quot;:false,&quot;keep_padding&quot;:false,&quot;hoverpause&quot;:false,&quot;show_slide_delay&quot;:0}\"  itemprop=\"image\" itemscope=\"itemscope\" itemtype=\"https:\/\/schema.org\/ImageObject\" ><ul class='avia-slideshow-inner ' style='padding-bottom: 37.666666666667%;'><li  class='avia-slideshow-slide av-av_slideshow_full-7c89eef234b705e7a4d2de62d66c7ebb__0  av-single-slide slide-1 slide-odd'><div data-rel='slideshow-1' class='avia-slide-wrap '   ><img decoding=\"async\" fetchpriority=\"high\" class=\"wp-image-1385 avia-img-lazy-loading-not-1385\"  src=\"https:\/\/www.caladimola.it\/wp-content\/uploads\/sites\/2\/2014\/12\/elba-italy-desktop-background-516920.jpg\" width=\"1500\" height=\"565\" title='elba-italy-desktop-background-516920' alt=''  itemprop=\"thumbnailUrl\" srcset=\"https:\/\/www.caladimola.it\/wp-content\/uploads\/sites\/2\/2014\/12\/elba-italy-desktop-background-516920.jpg 1500w, https:\/\/www.caladimola.it\/wp-content\/uploads\/sites\/2\/2014\/12\/elba-italy-desktop-background-516920-300x113.jpg 300w, https:\/\/www.caladimola.it\/wp-content\/uploads\/sites\/2\/2014\/12\/elba-italy-desktop-background-516920-1030x388.jpg 1030w, https:\/\/www.caladimola.it\/wp-content\/uploads\/sites\/2\/2014\/12\/elba-italy-desktop-background-516920-705x266.jpg 705w, https:\/\/www.caladimola.it\/wp-content\/uploads\/sites\/2\/2014\/12\/elba-italy-desktop-background-516920-450x170.jpg 450w\" sizes=\"(max-width: 1500px) 100vw, 1500px\" \/><\/div><\/li><\/ul><\/div><\/div><div id='after_full_slider_1'  class='main_color av_default_container_wrap container_wrap sidebar_right'  ><div class='container av-section-cont-open' ><div class='template-page content  av-content-small alpha units'><div class='post-entry post-entry-type-page post-entry-4416'><div class='entry-content-wrapper clearfix'>\n<div  class='flex_column av-av_one_half-2a9015ff38129c418a3f2eafba3e9512 av_one_half  avia-builder-el-1  el_after_av_slideshow_full  el_before_av_one_half  avia-builder-el-first  first flex_column_div  '     ><style type=\"text\/css\" data-created_by=\"avia_inline_auto\" id=\"style-css-av-av_textblock-fae8699d538200a543ba402659dba9b0\">\n#top .av_textblock_section.av-av_textblock-fae8699d538200a543ba402659dba9b0 .avia_textblock{\nfont-size:16px;\n}\n<\/style>\n<section  class='av_textblock_section av-av_textblock-fae8699d538200a543ba402659dba9b0 '   itemscope=\"itemscope\" itemtype=\"https:\/\/schema.org\/CreativeWork\" ><div class='avia_textblock'  itemprop=\"text\" ><p>Pour les h\u00f4tes qui appr\u00e9cient l\u2019\u00eele pour sa diversit\u00e9 des c\u00f4tes, de nombreuses et merveilleuses criques sont \u00e0 leur disposition, des plages et des baies, entour\u00e9es de v\u00e9g\u00e9tation spontan\u00e9e typiquement m\u00e9diterran\u00e9enne tels que\u00a0: agaves, lentisques, myrte, romarin, gen\u00eat.<\/p>\n<p>Des eaux cristallines et transparentes sont accessibles, aussi bien en bateau qu\u2019en auto, \u00e0\u00a0 la d\u00e9couverte de toute l\u2019\u00eele.<\/p>\n<\/div><\/section><\/div>\n<style type=\"text\/css\" data-created_by=\"avia_inline_auto\" id=\"style-css-av-av_one_half-2a64de42b738552fe666ca889af77e28\">\n.flex_column.av-av_one_half-2a64de42b738552fe666ca889af77e28{\nborder-radius:0px 0px 0px 0px;\npadding:0px 0px 0px 0px;\n}\n<\/style>\n<div  class='flex_column av-av_one_half-2a64de42b738552fe666ca889af77e28 av_one_half  avia-builder-el-3  el_after_av_one_half  el_before_av_masonry_gallery  avia-builder-el-last  flex_column_div av-zero-column-padding  '     ><style type=\"text\/css\" data-created_by=\"avia_inline_auto\" id=\"style-css-av-av_textblock-fae8699d538200a543ba402659dba9b0\">\n#top .av_textblock_section.av-av_textblock-fae8699d538200a543ba402659dba9b0 .avia_textblock{\nfont-size:16px;\n}\n<\/style>\n<section  class='av_textblock_section av-av_textblock-fae8699d538200a543ba402659dba9b0 '   itemscope=\"itemscope\" itemtype=\"https:\/\/schema.org\/CreativeWork\" ><div class='avia_textblock'  itemprop=\"text\" ><p>Les nombreuses et charmantes criques existantes pr\u00e8s du complexe sont \u00e0 voir absolument\u00a0: Barabarca, Zuccale, L\u2019Innamorata, Felciao, Reale et de nombreuses autres.<\/p>\n<p>Pour ceux qui n\u2019ont\u00a0 pas envie de se d\u00e9placer avec leur propre auto, l\u2019h\u00f4tel-r\u00e9sidence met \u00e0 disposition un service de bus gratuit pour la plage du Lido de Capoliveri, o\u00f9 on peut louer des parasols et des chaises longues.<\/p>\n<\/div><\/section><\/div><div id='av-masonry-1' class='av-masonry av-av_masonry_gallery-9c14710bba42951950195250256bae37 noHover av-fixed-size av-1px-gap av-hover-overlay-active av-masonry-animation-active av-masonry-col-flexible av-caption-on-hover av-caption-style- av-masonry-gallery ' data-post_id=\"4416\"><div class=\"av-masonry-container isotope av-js-disabled\"><div class='av-masonry-entry isotope-item av-masonry-item-no-image '><\/div><a href=\"https:\/\/www.caladimola.it\/wp-content\/uploads\/sites\/2\/2015\/03\/barabarca.jpg\" data-srcset=\"https:\/\/www.caladimola.it\/wp-content\/uploads\/sites\/2\/2015\/03\/barabarca.jpg 560w, https:\/\/www.caladimola.it\/wp-content\/uploads\/sites\/2\/2015\/03\/barabarca-300x193.jpg 300w, https:\/\/www.caladimola.it\/wp-content\/uploads\/sites\/2\/2015\/03\/barabarca-450x290.jpg 450w\" data-sizes=\"(max-width: 560px) 100vw, 560px\"  aria-label=\"image barabarca\"  id='av-masonry-1-item-2661' data-av-masonry-item='2661' class='av-masonry-entry isotope-item post-2661 attachment type-attachment status-inherit hentry  av-masonry-item-with-image' title=\"barabarca\" alt=\"\"    itemprop=\"thumbnailUrl\" ><div class='av-inner-masonry-sizer'><\/div><figure class='av-inner-masonry main_color'><div class=\"av-masonry-outerimage-container\"><div class='av-masonry-image-container' style=\"background-image: url(https:\/\/www.caladimola.it\/wp-content\/uploads\/sites\/2\/2015\/03\/barabarca.jpg);\"  title=\"barabarca\" ><\/div><\/div><figcaption class='av-inner-masonry-content site-background'><div class='av-inner-masonry-content-pos'><div class='av-inner-masonry-content-pos-content'><div class='avia-arrow'><\/div><h3 class='av-masonry-entry-title entry-title '  itemprop=\"headline\" >barabarca<\/h3><\/div><\/div><\/figcaption><\/figure><\/a><!--end av-masonry entry--><a href=\"https:\/\/www.caladimola.it\/wp-content\/uploads\/sites\/2\/2015\/03\/felciaio.jpg\" data-srcset=\"https:\/\/www.caladimola.it\/wp-content\/uploads\/sites\/2\/2015\/03\/felciaio.jpg 560w, https:\/\/www.caladimola.it\/wp-content\/uploads\/sites\/2\/2015\/03\/felciaio-300x199.jpg 300w, https:\/\/www.caladimola.it\/wp-content\/uploads\/sites\/2\/2015\/03\/felciaio-450x298.jpg 450w\" data-sizes=\"(max-width: 560px) 100vw, 560px\"  aria-label=\"image felciaio\"  id='av-masonry-1-item-2665' data-av-masonry-item='2665' class='av-masonry-entry isotope-item post-2665 attachment type-attachment status-inherit hentry  av-masonry-item-with-image' title=\"felciaio\" alt=\"\"    itemprop=\"thumbnailUrl\" ><div class='av-inner-masonry-sizer'><\/div><figure class='av-inner-masonry main_color'><div class=\"av-masonry-outerimage-container\"><div class='av-masonry-image-container' style=\"background-image: url(https:\/\/www.caladimola.it\/wp-content\/uploads\/sites\/2\/2015\/03\/felciaio.jpg);\"  title=\"felciaio\" ><\/div><\/div><figcaption class='av-inner-masonry-content site-background'><div class='av-inner-masonry-content-pos'><div class='av-inner-masonry-content-pos-content'><div class='avia-arrow'><\/div><h3 class='av-masonry-entry-title entry-title '  itemprop=\"headline\" >felciaio<\/h3><\/div><\/div><\/figcaption><\/figure><\/a><!--end av-masonry entry--><a href=\"https:\/\/www.caladimola.it\/wp-content\/uploads\/sites\/2\/2015\/03\/lido1.jpg\" data-srcset=\"https:\/\/www.caladimola.it\/wp-content\/uploads\/sites\/2\/2015\/03\/lido1.jpg 1024w, https:\/\/www.caladimola.it\/wp-content\/uploads\/sites\/2\/2015\/03\/lido1-300x201.jpg 300w, https:\/\/www.caladimola.it\/wp-content\/uploads\/sites\/2\/2015\/03\/lido1-705x472.jpg 705w, https:\/\/www.caladimola.it\/wp-content\/uploads\/sites\/2\/2015\/03\/lido1-450x301.jpg 450w\" data-sizes=\"(max-width: 1024px) 100vw, 1024px\"  aria-label=\"image lido\"  id='av-masonry-1-item-2669' data-av-masonry-item='2669' class='av-masonry-entry isotope-item post-2669 attachment type-attachment status-inherit hentry  av-masonry-item-with-image' title=\"lido\" alt=\"\"    itemprop=\"thumbnailUrl\" ><div class='av-inner-masonry-sizer'><\/div><figure class='av-inner-masonry main_color'><div class=\"av-masonry-outerimage-container\"><div class='av-masonry-image-container' style=\"background-image: url(https:\/\/www.caladimola.it\/wp-content\/uploads\/sites\/2\/2015\/03\/lido1-705x472.jpg);\"  title=\"lido\" ><\/div><\/div><figcaption class='av-inner-masonry-content site-background'><div class='av-inner-masonry-content-pos'><div class='av-inner-masonry-content-pos-content'><div class='avia-arrow'><\/div><h3 class='av-masonry-entry-title entry-title '  itemprop=\"headline\" >lido<\/h3><\/div><\/div><\/figcaption><\/figure><\/a><!--end av-masonry entry--><a href=\"https:\/\/www.caladimola.it\/wp-content\/uploads\/sites\/2\/2015\/03\/naregno1.jpg\" data-srcset=\"https:\/\/www.caladimola.it\/wp-content\/uploads\/sites\/2\/2015\/03\/naregno1.jpg 468w, https:\/\/www.caladimola.it\/wp-content\/uploads\/sites\/2\/2015\/03\/naregno1-300x191.jpg 300w, https:\/\/www.caladimola.it\/wp-content\/uploads\/sites\/2\/2015\/03\/naregno1-450x287.jpg 450w\" data-sizes=\"(max-width: 468px) 100vw, 468px\"  aria-label=\"image naregno\"  id='av-masonry-1-item-2673' data-av-masonry-item='2673' class='av-masonry-entry isotope-item post-2673 attachment type-attachment status-inherit hentry  av-masonry-item-with-image' title=\"naregno\" alt=\"\"    itemprop=\"thumbnailUrl\" ><div class='av-inner-masonry-sizer'><\/div><figure class='av-inner-masonry main_color'><div class=\"av-masonry-outerimage-container\"><div class='av-masonry-image-container' style=\"background-image: url(https:\/\/www.caladimola.it\/wp-content\/uploads\/sites\/2\/2015\/03\/naregno1.jpg);\"  title=\"naregno\" ><\/div><\/div><figcaption class='av-inner-masonry-content site-background'><div class='av-inner-masonry-content-pos'><div class='av-inner-masonry-content-pos-content'><div class='avia-arrow'><\/div><h3 class='av-masonry-entry-title entry-title '  itemprop=\"headline\" >naregno<\/h3><\/div><\/div><\/figcaption><\/figure><\/a><!--end av-masonry entry--><a href=\"https:\/\/www.caladimola.it\/wp-content\/uploads\/sites\/2\/2015\/03\/norsi.jpg\" data-srcset=\"https:\/\/www.caladimola.it\/wp-content\/uploads\/sites\/2\/2015\/03\/norsi.jpg 500w, https:\/\/www.caladimola.it\/wp-content\/uploads\/sites\/2\/2015\/03\/norsi-300x225.jpg 300w, https:\/\/www.caladimola.it\/wp-content\/uploads\/sites\/2\/2015\/03\/norsi-450x338.jpg 450w\" data-sizes=\"(max-width: 500px) 100vw, 500px\"  aria-label=\"image norsi\"  id='av-masonry-1-item-2677' data-av-masonry-item='2677' class='av-masonry-entry isotope-item post-2677 attachment type-attachment status-inherit hentry  av-masonry-item-with-image' title=\"norsi\" alt=\"\"    itemprop=\"thumbnailUrl\" ><div class='av-inner-masonry-sizer'><\/div><figure class='av-inner-masonry main_color'><div class=\"av-masonry-outerimage-container\"><div class='av-masonry-image-container' style=\"background-image: url(https:\/\/www.caladimola.it\/wp-content\/uploads\/sites\/2\/2015\/03\/norsi.jpg);\"  title=\"norsi\" ><\/div><\/div><figcaption class='av-inner-masonry-content site-background'><div class='av-inner-masonry-content-pos'><div class='av-inner-masonry-content-pos-content'><div class='avia-arrow'><\/div><h3 class='av-masonry-entry-title entry-title '  itemprop=\"headline\" >norsi<\/h3><\/div><\/div><\/figcaption><\/figure><\/a><!--end av-masonry entry--><a href=\"https:\/\/www.caladimola.it\/wp-content\/uploads\/sites\/2\/2015\/03\/panoramica-norsi.jpg\" data-srcset=\"https:\/\/www.caladimola.it\/wp-content\/uploads\/sites\/2\/2015\/03\/panoramica-norsi.jpg 608w, https:\/\/www.caladimola.it\/wp-content\/uploads\/sites\/2\/2015\/03\/panoramica-norsi-300x123.jpg 300w, https:\/\/www.caladimola.it\/wp-content\/uploads\/sites\/2\/2015\/03\/panoramica-norsi-450x184.jpg 450w\" data-sizes=\"(max-width: 608px) 100vw, 608px\"  aria-label=\"image panoramica norsi\"  id='av-masonry-1-item-2681' data-av-masonry-item='2681' class='av-masonry-entry isotope-item post-2681 attachment type-attachment status-inherit hentry  av-masonry-item-with-image' title=\"panoramica norsi\" alt=\"\"    itemprop=\"thumbnailUrl\" ><div class='av-inner-masonry-sizer'><\/div><figure class='av-inner-masonry main_color'><div class=\"av-masonry-outerimage-container\"><div class='av-masonry-image-container' style=\"background-image: url(https:\/\/www.caladimola.it\/wp-content\/uploads\/sites\/2\/2015\/03\/panoramica-norsi.jpg);\"  title=\"panoramica norsi\" ><\/div><\/div><figcaption class='av-inner-masonry-content site-background'><div class='av-inner-masonry-content-pos'><div class='av-inner-masonry-content-pos-content'><div class='avia-arrow'><\/div><h3 class='av-masonry-entry-title entry-title '  itemprop=\"headline\" >panoramica norsi<\/h3><\/div><\/div><\/figcaption><\/figure><\/a><!--end av-masonry entry--><a href=\"https:\/\/www.caladimola.it\/wp-content\/uploads\/sites\/2\/2015\/03\/sansone.jpg\" data-srcset=\"https:\/\/www.caladimola.it\/wp-content\/uploads\/sites\/2\/2015\/03\/sansone.jpg 500w, https:\/\/www.caladimola.it\/wp-content\/uploads\/sites\/2\/2015\/03\/sansone-300x204.jpg 300w, https:\/\/www.caladimola.it\/wp-content\/uploads\/sites\/2\/2015\/03\/sansone-450x306.jpg 450w\" data-sizes=\"(max-width: 500px) 100vw, 500px\"  aria-label=\"image sansone\"  id='av-masonry-1-item-2685' data-av-masonry-item='2685' class='av-masonry-entry isotope-item post-2685 attachment type-attachment status-inherit hentry  av-masonry-item-with-image' title=\"sansone\" alt=\"\"    itemprop=\"thumbnailUrl\" ><div class='av-inner-masonry-sizer'><\/div><figure class='av-inner-masonry main_color'><div class=\"av-masonry-outerimage-container\"><div class='av-masonry-image-container' style=\"background-image: url(https:\/\/www.caladimola.it\/wp-content\/uploads\/sites\/2\/2015\/03\/sansone.jpg);\"  title=\"sansone\" ><\/div><\/div><figcaption class='av-inner-masonry-content site-background'><div class='av-inner-masonry-content-pos'><div class='av-inner-masonry-content-pos-content'><div class='avia-arrow'><\/div><h3 class='av-masonry-entry-title entry-title '  itemprop=\"headline\" >sansone<\/h3><\/div><\/div><\/figcaption><\/figure><\/a><!--end av-masonry entry--><a href=\"https:\/\/www.caladimola.it\/wp-content\/uploads\/sites\/2\/2015\/03\/spiaggia-lido.jpg\" data-srcset=\"https:\/\/www.caladimola.it\/wp-content\/uploads\/sites\/2\/2015\/03\/spiaggia-lido.jpg 1024w, https:\/\/www.caladimola.it\/wp-content\/uploads\/sites\/2\/2015\/03\/spiaggia-lido-300x196.jpg 300w, https:\/\/www.caladimola.it\/wp-content\/uploads\/sites\/2\/2015\/03\/spiaggia-lido-705x460.jpg 705w, https:\/\/www.caladimola.it\/wp-content\/uploads\/sites\/2\/2015\/03\/spiaggia-lido-450x294.jpg 450w\" data-sizes=\"(max-width: 1024px) 100vw, 1024px\"  aria-label=\"image spiaggia-lido\"  id='av-masonry-1-item-2689' data-av-masonry-item='2689' class='av-masonry-entry isotope-item post-2689 attachment type-attachment status-inherit hentry  av-masonry-item-with-image' title=\"spiaggia-lido\" alt=\"\"    itemprop=\"thumbnailUrl\" ><div class='av-inner-masonry-sizer'><\/div><figure class='av-inner-masonry main_color'><div class=\"av-masonry-outerimage-container\"><div class='av-masonry-image-container' style=\"background-image: url(https:\/\/www.caladimola.it\/wp-content\/uploads\/sites\/2\/2015\/03\/spiaggia-lido-705x460.jpg);\"  title=\"spiaggia-lido\" ><\/div><\/div><figcaption class='av-inner-masonry-content site-background'><div class='av-inner-masonry-content-pos'><div class='av-inner-masonry-content-pos-content'><div class='avia-arrow'><\/div><h3 class='av-masonry-entry-title entry-title '  itemprop=\"headline\" >spiaggia-lido<\/h3><\/div><\/div><\/figcaption><\/figure><\/a><!--end av-masonry entry--><a href=\"https:\/\/www.caladimola.it\/wp-content\/uploads\/sites\/2\/2015\/03\/zuccale.jpg\" data-srcset=\"https:\/\/www.caladimola.it\/wp-content\/uploads\/sites\/2\/2015\/03\/zuccale.jpg 500w, https:\/\/www.caladimola.it\/wp-content\/uploads\/sites\/2\/2015\/03\/zuccale-300x200.jpg 300w, https:\/\/www.caladimola.it\/wp-content\/uploads\/sites\/2\/2015\/03\/zuccale-450x300.jpg 450w\" data-sizes=\"(max-width: 500px) 100vw, 500px\"  aria-label=\"image zuccale\"  id='av-masonry-1-item-2693' data-av-masonry-item='2693' class='av-masonry-entry isotope-item post-2693 attachment type-attachment status-inherit hentry  av-masonry-item-with-image' title=\"zuccale\" alt=\"\"    itemprop=\"thumbnailUrl\" ><div class='av-inner-masonry-sizer'><\/div><figure class='av-inner-masonry main_color'><div class=\"av-masonry-outerimage-container\"><div class='av-masonry-image-container' style=\"background-image: url(https:\/\/www.caladimola.it\/wp-content\/uploads\/sites\/2\/2015\/03\/zuccale.jpg);\"  title=\"zuccale\" ><\/div><\/div><figcaption class='av-inner-masonry-content site-background'><div class='av-inner-masonry-content-pos'><div class='av-inner-masonry-content-pos-content'><div class='avia-arrow'><\/div><h3 class='av-masonry-entry-title entry-title '  itemprop=\"headline\" >zuccale<\/h3><\/div><\/div><\/figcaption><\/figure><\/a><!--end av-masonry entry--><\/div><\/div><\/p>\n","protected":false},"excerpt":{"rendered":"","protected":false},"author":1,"featured_media":0,"parent":0,"menu_order":0,"comment_status":"open","ping_status":"open","template":"","meta":{"footnotes":""},"class_list":["post-4416","page","type-page","status-publish","hentry"],"yoast_head":"<!-- This site is optimized with the Yoast SEO plugin v26.7 - https:\/\/yoast.com\/wordpress\/plugins\/seo\/ -->\n<title>Autres plages - Hotel e Residence Cala di Mola<\/title>\n<meta name=\"robots\" content=\"index, follow, max-snippet:-1, max-image-preview:large, max-video-preview:-1\" \/>\n<link rel=\"canonical\" href=\"https:\/\/www.caladimola.it\/fr\/autres-plages\/\" \/>\n<meta property=\"og:locale\" content=\"fr_FR\" \/>\n<meta property=\"og:type\" content=\"article\" \/>\n<meta property=\"og:title\" content=\"Autres plages - Hotel e Residence Cala di Mola\" \/>\n<meta property=\"og:url\" content=\"https:\/\/www.caladimola.it\/fr\/autres-plages\/\" \/>\n<meta property=\"og:site_name\" content=\"Hotel e Residence Cala di Mola\" \/>\n<meta property=\"article:modified_time\" content=\"2015-10-12T14:24:20+00:00\" \/>\n<meta name=\"twitter:card\" content=\"summary_large_image\" \/>\n<meta name=\"twitter:label1\" content=\"Dur\u00e9e de lecture estim\u00e9e\" \/>\n\t<meta name=\"twitter:data1\" content=\"2 minutes\" \/>\n<script type=\"application\/ld+json\" class=\"yoast-schema-graph\">{\"@context\":\"https:\/\/schema.org\",\"@graph\":[{\"@type\":\"WebPage\",\"@id\":\"https:\/\/www.caladimola.it\/fr\/autres-plages\/\",\"url\":\"https:\/\/www.caladimola.it\/fr\/autres-plages\/\",\"name\":\"Autres plages - Hotel e Residence Cala di Mola\",\"isPartOf\":{\"@id\":\"https:\/\/www.caladimola.it\/#website\"},\"datePublished\":\"2015-09-29T16:24:40+00:00\",\"dateModified\":\"2015-10-12T14:24:20+00:00\",\"breadcrumb\":{\"@id\":\"https:\/\/www.caladimola.it\/fr\/autres-plages\/#breadcrumb\"},\"inLanguage\":\"fr-FR\",\"potentialAction\":[{\"@type\":\"ReadAction\",\"target\":[\"https:\/\/www.caladimola.it\/fr\/autres-plages\/\"]}]},{\"@type\":\"BreadcrumbList\",\"@id\":\"https:\/\/www.caladimola.it\/fr\/autres-plages\/#breadcrumb\",\"itemListElement\":[{\"@type\":\"ListItem\",\"position\":1,\"name\":\"Home\",\"item\":\"https:\/\/www.caladimola.it\/fr\/home-fra\/\"},{\"@type\":\"ListItem\",\"position\":2,\"name\":\"Autres plages\"}]},{\"@type\":\"WebSite\",\"@id\":\"https:\/\/www.caladimola.it\/#website\",\"url\":\"https:\/\/www.caladimola.it\/\",\"name\":\"Hotel e Residence Cala di Mola\",\"description\":\"Hotel e Residence a Porto Azzurro Isola D&#039;Elba\",\"publisher\":{\"@id\":\"https:\/\/www.caladimola.it\/#organization\"},\"potentialAction\":[{\"@type\":\"SearchAction\",\"target\":{\"@type\":\"EntryPoint\",\"urlTemplate\":\"https:\/\/www.caladimola.it\/?s={search_term_string}\"},\"query-input\":{\"@type\":\"PropertyValueSpecification\",\"valueRequired\":true,\"valueName\":\"search_term_string\"}}],\"inLanguage\":\"fr-FR\"},{\"@type\":\"Organization\",\"@id\":\"https:\/\/www.caladimola.it\/#organization\",\"name\":\"Hotel & Residence Cala di Mola\",\"url\":\"https:\/\/www.caladimola.it\/\",\"logo\":{\"@type\":\"ImageObject\",\"inLanguage\":\"fr-FR\",\"@id\":\"https:\/\/www.caladimola.it\/#\/schema\/logo\/image\/\",\"url\":\"https:\/\/www.caladimola.it\/wp-content\/uploads\/sites\/2\/2015\/03\/logo-cala-di-mola-blu.png\",\"contentUrl\":\"https:\/\/www.caladimola.it\/wp-content\/uploads\/sites\/2\/2015\/03\/logo-cala-di-mola-blu.png\",\"width\":250,\"height\":148,\"caption\":\"Hotel & Residence Cala di Mola\"},\"image\":{\"@id\":\"https:\/\/www.caladimola.it\/#\/schema\/logo\/image\/\"}}]}<\/script>\n<!-- \/ Yoast SEO plugin. -->","yoast_head_json":{"title":"Autres plages - Hotel e Residence Cala di Mola","robots":{"index":"index","follow":"follow","max-snippet":"max-snippet:-1","max-image-preview":"max-image-preview:large","max-video-preview":"max-video-preview:-1"},"canonical":"https:\/\/www.caladimola.it\/fr\/autres-plages\/","og_locale":"fr_FR","og_type":"article","og_title":"Autres plages - Hotel e Residence Cala di Mola","og_url":"https:\/\/www.caladimola.it\/fr\/autres-plages\/","og_site_name":"Hotel e Residence Cala di Mola","article_modified_time":"2015-10-12T14:24:20+00:00","twitter_card":"summary_large_image","twitter_misc":{"Dur\u00e9e de lecture estim\u00e9e":"2 minutes"},"schema":{"@context":"https:\/\/schema.org","@graph":[{"@type":"WebPage","@id":"https:\/\/www.caladimola.it\/fr\/autres-plages\/","url":"https:\/\/www.caladimola.it\/fr\/autres-plages\/","name":"Autres plages - Hotel e Residence Cala di Mola","isPartOf":{"@id":"https:\/\/www.caladimola.it\/#website"},"datePublished":"2015-09-29T16:24:40+00:00","dateModified":"2015-10-12T14:24:20+00:00","breadcrumb":{"@id":"https:\/\/www.caladimola.it\/fr\/autres-plages\/#breadcrumb"},"inLanguage":"fr-FR","potentialAction":[{"@type":"ReadAction","target":["https:\/\/www.caladimola.it\/fr\/autres-plages\/"]}]},{"@type":"BreadcrumbList","@id":"https:\/\/www.caladimola.it\/fr\/autres-plages\/#breadcrumb","itemListElement":[{"@type":"ListItem","position":1,"name":"Home","item":"https:\/\/www.caladimola.it\/fr\/home-fra\/"},{"@type":"ListItem","position":2,"name":"Autres plages"}]},{"@type":"WebSite","@id":"https:\/\/www.caladimola.it\/#website","url":"https:\/\/www.caladimola.it\/","name":"Hotel e Residence Cala di Mola","description":"Hotel e Residence a Porto Azzurro Isola D&#039;Elba","publisher":{"@id":"https:\/\/www.caladimola.it\/#organization"},"potentialAction":[{"@type":"SearchAction","target":{"@type":"EntryPoint","urlTemplate":"https:\/\/www.caladimola.it\/?s={search_term_string}"},"query-input":{"@type":"PropertyValueSpecification","valueRequired":true,"valueName":"search_term_string"}}],"inLanguage":"fr-FR"},{"@type":"Organization","@id":"https:\/\/www.caladimola.it\/#organization","name":"Hotel & Residence Cala di Mola","url":"https:\/\/www.caladimola.it\/","logo":{"@type":"ImageObject","inLanguage":"fr-FR","@id":"https:\/\/www.caladimola.it\/#\/schema\/logo\/image\/","url":"https:\/\/www.caladimola.it\/wp-content\/uploads\/sites\/2\/2015\/03\/logo-cala-di-mola-blu.png","contentUrl":"https:\/\/www.caladimola.it\/wp-content\/uploads\/sites\/2\/2015\/03\/logo-cala-di-mola-blu.png","width":250,"height":148,"caption":"Hotel & Residence Cala di Mola"},"image":{"@id":"https:\/\/www.caladimola.it\/#\/schema\/logo\/image\/"}}]}},"_links":{"self":[{"href":"https:\/\/www.caladimola.it\/fr\/wp-json\/wp\/v2\/pages\/4416","targetHints":{"allow":["GET"]}}],"collection":[{"href":"https:\/\/www.caladimola.it\/fr\/wp-json\/wp\/v2\/pages"}],"about":[{"href":"https:\/\/www.caladimola.it\/fr\/wp-json\/wp\/v2\/types\/page"}],"author":[{"embeddable":true,"href":"https:\/\/www.caladimola.it\/fr\/wp-json\/wp\/v2\/users\/1"}],"replies":[{"embeddable":true,"href":"https:\/\/www.caladimola.it\/fr\/wp-json\/wp\/v2\/comments?post=4416"}],"version-history":[{"count":1,"href":"https:\/\/www.caladimola.it\/fr\/wp-json\/wp\/v2\/pages\/4416\/revisions"}],"predecessor-version":[{"id":4417,"href":"https:\/\/www.caladimola.it\/fr\/wp-json\/wp\/v2\/pages\/4416\/revisions\/4417"}],"wp:attachment":[{"href":"https:\/\/www.caladimola.it\/fr\/wp-json\/wp\/v2\/media?parent=4416"}],"curies":[{"name":"wp","href":"https:\/\/api.w.org\/{rel}","templated":true}]}}