{"id":4427,"date":"2015-10-02T15:01:56","date_gmt":"2015-10-02T15:01:56","guid":{"rendered":"http:\/\/www.caladimola.it\/fr\/?page_id=4427"},"modified":"2016-01-03T13:11:28","modified_gmt":"2016-01-03T13:11:28","slug":"hotel-chambres","status":"publish","type":"page","link":"https:\/\/www.caladimola.it\/fr\/hotel-chambres\/","title":{"rendered":"Hotel Chambres"},"content":{"rendered":"\n<style type=\"text\/css\" data-created_by=\"avia_inline_auto\" id=\"style-css-av-av_heading-e672dbef321cc7f6346f40c7ba043cd2\">\n#top .av-special-heading.av-av_heading-e672dbef321cc7f6346f40c7ba043cd2{\npadding-bottom:10px;\nfont-size:24px;\n}\nbody .av-special-heading.av-av_heading-e672dbef321cc7f6346f40c7ba043cd2 .av-special-heading-tag .heading-char{\nfont-size:25px;\n}\n#top #wrap_all .av-special-heading.av-av_heading-e672dbef321cc7f6346f40c7ba043cd2 .av-special-heading-tag{\nfont-size:24px;\n}\n.av-special-heading.av-av_heading-e672dbef321cc7f6346f40c7ba043cd2 .av-subheading{\nfont-size:15px;\n}\n\n@media only screen and (min-width: 480px) and (max-width: 767px){ \n#top #wrap_all .av-special-heading.av-av_heading-e672dbef321cc7f6346f40c7ba043cd2 .av-special-heading-tag{\nfont-size:0.8em;\n}\n}\n\n@media only screen and (max-width: 479px){ \n#top #wrap_all .av-special-heading.av-av_heading-e672dbef321cc7f6346f40c7ba043cd2 .av-special-heading-tag{\nfont-size:0.8em;\n}\n}\n<\/style>\n<div  class='av-special-heading av-av_heading-e672dbef321cc7f6346f40c7ba043cd2 av-special-heading-h6 blockquote modern-quote  avia-builder-el-0  el_before_av_textblock  avia-builder-el-first  av-inherit-size'><h6 class='av-special-heading-tag '  itemprop=\"headline\"  >4 \u00e9toiles Hotel Cala di Mola<\/h6><div class=\"special-heading-border\"><div class=\"special-heading-inner-border\"><\/div><\/div><\/div>\n\n<style type=\"text\/css\" data-created_by=\"avia_inline_auto\" id=\"style-css-av-av_textblock-fae8699d538200a543ba402659dba9b0\">\n#top .av_textblock_section.av-av_textblock-fae8699d538200a543ba402659dba9b0 .avia_textblock{\nfont-size:16px;\n}\n<\/style>\n<section  class='av_textblock_section av-av_textblock-fae8699d538200a543ba402659dba9b0 '   itemscope=\"itemscope\" itemtype=\"https:\/\/schema.org\/CreativeWork\" ><div class='avia_textblock'  itemprop=\"text\" ><p>Toute les chambres de l&rsquo;h\u00f4tel ont une vue sur la mer, avec un balcon ou un petit jardin et ont une entr\u00e9e ind\u00e9pendante.<br \/>\nUne partie d&rsquo;entre elles donnent directement sur la petite place centrale, les autres sont situ\u00e9es dans des pavillons surnomm\u00e9s \u00ab\u00a0Les Pergola\u00a0\u00bb, \u00ab\u00a0Le Pin\u00a0\u00bb, \u00ab\u00a0Les Gen\u00eats\u00a0\u00bb et \u00ab\u00a0L&rsquo;Aiglon\u00a0\u00bb.<br \/>\nElles sont spacieuses, am\u00e9nag\u00e9es de fa\u00e7on simple et \u00e9l\u00e9gante, disposant de confortables salles de bains priv\u00e9es avec s\u00e8che-cheveux, t\u00e9l\u00e9phone avec ligne directe, TV, r\u00e9frig\u00e9rateur et climatisation. .<\/p>\n<p>L\u2019h\u00f4tel dispose d\u2019amples \u201cchambres Family\u201d (26mq) avec 4 lits,\u00a0 avec une vue sur la mer qui sont la solution id\u00e9ale pour les vacances\u00a0 de la famille.<\/p>\n<p>Des plantes m\u00e9diterran\u00e9ennes et des parterres de fleurs entourent toutes les habitations.<\/p>\n<p>Parking non gard\u00e9.<\/p>\n<\/div><\/section>\n\n<style type=\"text\/css\" data-created_by=\"avia_inline_auto\" id=\"style-css-av-av_hr-c714f512e4ba2cc09aedeb3d2900dfd6\">\n#top .hr.av-av_hr-c714f512e4ba2cc09aedeb3d2900dfd6{\nmargin-top:30px;\nmargin-bottom:30px;\n}\n.hr.av-av_hr-c714f512e4ba2cc09aedeb3d2900dfd6 .hr-inner{\nwidth:350px;\nmax-width:45%;\n}\n.hr.av-av_hr-c714f512e4ba2cc09aedeb3d2900dfd6 .av-seperator-icon{\ncolor:#679be0;\n}\n.hr.av-av_hr-c714f512e4ba2cc09aedeb3d2900dfd6 .av-seperator-icon.avia-svg-icon svg:first-child{\nfill:#679be0;\nstroke:#679be0;\n}\n<\/style>\n<div  class='hr av-av_hr-c714f512e4ba2cc09aedeb3d2900dfd6 hr-custom  avia-builder-el-2  el_after_av_textblock  el_before_av_one_half  hr-center hr-icon-yes'><span class='hr-inner inner-border-av-border-thin'><span class=\"hr-inner-style\"><\/span><\/span><span class='av-seperator-icon avia-iconfont avia-font-entypo-fontello' data-av_icon='\ue887' data-av_iconfont='entypo-fontello' ><\/span><span class='hr-inner inner-border-av-border-thin'><span class=\"hr-inner-style\"><\/span><\/span><\/div>\n<div  class='flex_column av-av_one_half-2a9015ff38129c418a3f2eafba3e9512 av_one_half  avia-builder-el-3  el_after_av_hr  el_before_av_one_half  first flex_column_div  '     ><p>\n<style type=\"text\/css\" data-created_by=\"avia_inline_auto\" id=\"style-css-av-av_heading-7cd8dd52e198c502185cbeb4663b6af2\">\n#top .av-special-heading.av-av_heading-7cd8dd52e198c502185cbeb4663b6af2{\npadding-bottom:20px;\n}\nbody .av-special-heading.av-av_heading-7cd8dd52e198c502185cbeb4663b6af2 .av-special-heading-tag .heading-char{\nfont-size:25px;\n}\n.av-special-heading.av-av_heading-7cd8dd52e198c502185cbeb4663b6af2 .av-subheading{\nfont-size:15px;\n}\n<\/style>\n<div  class='av-special-heading av-av_heading-7cd8dd52e198c502185cbeb4663b6af2 av-special-heading-h6 blockquote modern-quote modern-centered  avia-builder-el-4  el_before_av_image  avia-builder-el-first '><h6 class='av-special-heading-tag '  itemprop=\"headline\"  >Chambers Sup\u00e9rieures<\/h6><div class=\"special-heading-border\"><div class=\"special-heading-inner-border\"><\/div><\/div><\/div><br \/>\n\n<style type=\"text\/css\" data-created_by=\"avia_inline_auto\" id=\"style-css-av-av_image-d0a2538ccb53ffca0f22049073329d66\">\n.avia-image-container.av-av_image-d0a2538ccb53ffca0f22049073329d66 img.avia_image{\nbox-shadow:none;\n}\n.avia-image-container.av-av_image-d0a2538ccb53ffca0f22049073329d66 .av-caption-image-overlay-bg{\nopacity:0.4;\nbackground-color:#000000;\n}\n.avia-image-container.av-av_image-d0a2538ccb53ffca0f22049073329d66 .av-image-caption-overlay-center{\ncolor:#ffffff;\n}\n<\/style>\n<div  class='avia-image-container av-av_image-d0a2538ccb53ffca0f22049073329d66 av-styling- av-img-linked avia_animated_image av-animated-when-visible-95 pop-up avia-align-center  avia-builder-el-5  el_after_av_heading  el_before_av_button  noHover av-overlay-on-hover'   itemprop=\"image\" itemscope=\"itemscope\" itemtype=\"https:\/\/schema.org\/ImageObject\" ><div class=\"avia-image-container-inner\"><div class=\"avia-image-overlay-wrap\"><a href=\"https:\/\/www.caladimola.it\/de\/angebote\/\" class='avia_image '  aria-label='SUPERIOR FRONTALE'><div class=\"av-image-caption-overlay\"><div class=\"av-caption-image-overlay-bg\"><\/div><div class=\"av-image-caption-overlay-position\"><div class=\"av-image-caption-overlay-center\"><p>View all details of the Superior Rooms<\/p>\n<\/div><\/div><\/div><img decoding=\"async\" fetchpriority=\"high\" class='wp-image-4267 avia-img-lazy-loading-not-4267 avia_image ' src=\"https:\/\/www.caladimola.it\/wp-content\/uploads\/sites\/2\/2015\/03\/SUPERIOR-FRONTALE.jpg\" alt='' title='SUPERIOR FRONTALE'  height=\"400\" width=\"500\"  itemprop=\"thumbnailUrl\" srcset=\"https:\/\/www.caladimola.it\/wp-content\/uploads\/sites\/2\/2015\/03\/SUPERIOR-FRONTALE.jpg 500w, https:\/\/www.caladimola.it\/wp-content\/uploads\/sites\/2\/2015\/03\/SUPERIOR-FRONTALE-300x240.jpg 300w, https:\/\/www.caladimola.it\/wp-content\/uploads\/sites\/2\/2015\/03\/SUPERIOR-FRONTALE-450x360.jpg 450w\" sizes=\"(max-width: 500px) 100vw, 500px\" \/><\/a><\/div><\/div><\/div><br \/>\n<div  class='avia-button-wrap av-av_button-b4abc77f985f3be3369aaee016b4fb7d-wrap avia-button-center  avia-builder-el-6  el_after_av_image  avia-builder-el-last '><a href='https:\/\/www.caladimola.it\/fr\/chambre-superieure\/'  class='avia-button av-av_button-b4abc77f985f3be3369aaee016b4fb7d av-link-btn avia-icon_select-yes-left-icon avia-size-x-large avia-position-center av-icon-on-hover avia-color-theme-color'   aria-label=\"D\u00e9couvrez tous les d\u00e9tails de Chambres Sup\u00e9rieures\"><span class='avia_button_icon avia_button_icon_left avia-iconfont avia-font-entypo-fontello' data-av_icon='\ue881' data-av_iconfont='entypo-fontello' ><\/span><span class='avia_iconbox_title' >D\u00e9couvrez tous les d\u00e9tails de Chambres Sup\u00e9rieures<\/span><\/a><\/div><\/p><\/div>\n<style type=\"text\/css\" data-created_by=\"avia_inline_auto\" id=\"style-css-av-av_one_half-2a64de42b738552fe666ca889af77e28\">\n.flex_column.av-av_one_half-2a64de42b738552fe666ca889af77e28{\nborder-radius:0px 0px 0px 0px;\npadding:0px 0px 0px 0px;\n}\n<\/style>\n<div  class='flex_column av-av_one_half-2a64de42b738552fe666ca889af77e28 av_one_half  avia-builder-el-7  el_after_av_one_half  avia-builder-el-last  flex_column_div av-zero-column-padding  '     ><p>\n<style type=\"text\/css\" data-created_by=\"avia_inline_auto\" id=\"style-css-av-av_heading-2003130f2c9de3716265c89fc9b5397a\">\n#top .av-special-heading.av-av_heading-2003130f2c9de3716265c89fc9b5397a{\npadding-bottom:20px;\n}\nbody .av-special-heading.av-av_heading-2003130f2c9de3716265c89fc9b5397a .av-special-heading-tag .heading-char{\nfont-size:25px;\n}\n.av-special-heading.av-av_heading-2003130f2c9de3716265c89fc9b5397a .av-subheading{\nfont-size:15px;\n}\n<\/style>\n<div  class='av-special-heading av-av_heading-2003130f2c9de3716265c89fc9b5397a av-special-heading-h6 blockquote modern-quote modern-centered  avia-builder-el-8  el_before_av_image  avia-builder-el-first '><h6 class='av-special-heading-tag '  itemprop=\"headline\"  >Chambres Standard<\/h6><div class=\"special-heading-border\"><div class=\"special-heading-inner-border\"><\/div><\/div><\/div><br \/>\n\n<style type=\"text\/css\" data-created_by=\"avia_inline_auto\" id=\"style-css-av-av_image-8bd719f2a2fb2daf7b54e3e607c62d7d\">\n.avia-image-container.av-av_image-8bd719f2a2fb2daf7b54e3e607c62d7d img.avia_image{\nbox-shadow:none;\n}\n.avia-image-container.av-av_image-8bd719f2a2fb2daf7b54e3e607c62d7d .av-caption-image-overlay-bg{\nopacity:0.4;\nbackground-color:#000000;\n}\n.avia-image-container.av-av_image-8bd719f2a2fb2daf7b54e3e607c62d7d .av-image-caption-overlay-center{\ncolor:#ffffff;\n}\n<\/style>\n<div  class='avia-image-container av-av_image-8bd719f2a2fb2daf7b54e3e607c62d7d av-styling- av-img-linked avia_animated_image av-animated-when-visible-95 pop-up avia-align-center  avia-builder-el-9  el_after_av_heading  el_before_av_button  noHover av-overlay-on-hover'   itemprop=\"image\" itemscope=\"itemscope\" itemtype=\"https:\/\/schema.org\/ImageObject\" ><div class=\"avia-image-container-inner\"><div class=\"avia-image-overlay-wrap\"><a href=\"https:\/\/www.caladimola.it\/en\/standard-rooms\/\" class='avia_image '  aria-label='3-1030x686'><div class=\"av-image-caption-overlay\"><div class=\"av-caption-image-overlay-bg\"><\/div><div class=\"av-image-caption-overlay-position\"><div class=\"av-image-caption-overlay-center\"><p>View all details of the Standard Rooms<\/p>\n<\/div><\/div><\/div><img decoding=\"async\" fetchpriority=\"high\" class='wp-image-1778 avia-img-lazy-loading-not-1778 avia_image ' src=\"https:\/\/www.caladimola.it\/wp-content\/uploads\/sites\/2\/2015\/01\/3-1030x686-495x400.jpg\" alt='' title='3-1030x686'  height=\"400\" width=\"495\"  itemprop=\"thumbnailUrl\" srcset=\"https:\/\/www.caladimola.it\/wp-content\/uploads\/sites\/2\/2015\/01\/3-1030x686-495x400.jpg 495w, https:\/\/www.caladimola.it\/wp-content\/uploads\/sites\/2\/2015\/01\/3-1030x686-845x684.jpg 845w\" sizes=\"(max-width: 495px) 100vw, 495px\" \/><\/a><\/div><\/div><\/div><br \/>\n<div  class='avia-button-wrap av-av_button-702174de1c674f6a86ff352d58a670e6-wrap avia-button-center  avia-builder-el-10  el_after_av_image  avia-builder-el-last '><a href='https:\/\/www.caladimola.it\/fr\/chambre-standard\/'  class='avia-button av-av_button-702174de1c674f6a86ff352d58a670e6 av-link-btn avia-icon_select-yes-left-icon avia-size-x-large avia-position-center av-icon-on-hover avia-color-theme-color'   aria-label=\"D\u00e9couvrez tous les d\u00e9tails de Chambres Standard\"><span class='avia_button_icon avia_button_icon_left avia-iconfont avia-font-entypo-fontello' data-av_icon='\ue881' data-av_iconfont='entypo-fontello' ><\/span><span class='avia_iconbox_title' >D\u00e9couvrez tous les d\u00e9tails de Chambres Standard<\/span><\/a><\/div><\/p><\/div><\/p>\n","protected":false},"excerpt":{"rendered":"","protected":false},"author":1,"featured_media":0,"parent":0,"menu_order":0,"comment_status":"open","ping_status":"open","template":"","meta":{"footnotes":""},"class_list":["post-4427","page","type-page","status-publish","hentry"],"yoast_head":"<!-- This site is optimized with the Yoast SEO plugin v26.7 - https:\/\/yoast.com\/wordpress\/plugins\/seo\/ -->\n<title>Hotel Chambres - Hotel e Residence Cala di Mola<\/title>\n<meta name=\"robots\" content=\"index, follow, max-snippet:-1, max-image-preview:large, max-video-preview:-1\" \/>\n<link rel=\"canonical\" href=\"https:\/\/www.caladimola.it\/fr\/hotel-chambres\/\" \/>\n<meta property=\"og:locale\" content=\"fr_FR\" \/>\n<meta property=\"og:type\" content=\"article\" \/>\n<meta property=\"og:title\" content=\"Hotel Chambres - Hotel e Residence Cala di Mola\" \/>\n<meta property=\"og:url\" content=\"https:\/\/www.caladimola.it\/fr\/hotel-chambres\/\" \/>\n<meta property=\"og:site_name\" content=\"Hotel e Residence Cala di Mola\" \/>\n<meta property=\"article:modified_time\" content=\"2016-01-03T13:11:28+00:00\" \/>\n<meta name=\"twitter:card\" content=\"summary_large_image\" \/>\n<meta name=\"twitter:label1\" content=\"Dur\u00e9e de lecture estim\u00e9e\" \/>\n\t<meta name=\"twitter:data1\" content=\"3 minutes\" \/>\n<script type=\"application\/ld+json\" class=\"yoast-schema-graph\">{\"@context\":\"https:\/\/schema.org\",\"@graph\":[{\"@type\":\"WebPage\",\"@id\":\"https:\/\/www.caladimola.it\/fr\/hotel-chambres\/\",\"url\":\"https:\/\/www.caladimola.it\/fr\/hotel-chambres\/\",\"name\":\"Hotel Chambres - Hotel e Residence Cala di Mola\",\"isPartOf\":{\"@id\":\"https:\/\/www.caladimola.it\/#website\"},\"datePublished\":\"2015-10-02T15:01:56+00:00\",\"dateModified\":\"2016-01-03T13:11:28+00:00\",\"breadcrumb\":{\"@id\":\"https:\/\/www.caladimola.it\/fr\/hotel-chambres\/#breadcrumb\"},\"inLanguage\":\"fr-FR\",\"potentialAction\":[{\"@type\":\"ReadAction\",\"target\":[\"https:\/\/www.caladimola.it\/fr\/hotel-chambres\/\"]}]},{\"@type\":\"BreadcrumbList\",\"@id\":\"https:\/\/www.caladimola.it\/fr\/hotel-chambres\/#breadcrumb\",\"itemListElement\":[{\"@type\":\"ListItem\",\"position\":1,\"name\":\"Home\",\"item\":\"https:\/\/www.caladimola.it\/fr\/home-fra\/\"},{\"@type\":\"ListItem\",\"position\":2,\"name\":\"Hotel Chambres\"}]},{\"@type\":\"WebSite\",\"@id\":\"https:\/\/www.caladimola.it\/#website\",\"url\":\"https:\/\/www.caladimola.it\/\",\"name\":\"Hotel e Residence Cala di Mola\",\"description\":\"Hotel e Residence a Porto Azzurro Isola D&#039;Elba\",\"publisher\":{\"@id\":\"https:\/\/www.caladimola.it\/#organization\"},\"potentialAction\":[{\"@type\":\"SearchAction\",\"target\":{\"@type\":\"EntryPoint\",\"urlTemplate\":\"https:\/\/www.caladimola.it\/?s={search_term_string}\"},\"query-input\":{\"@type\":\"PropertyValueSpecification\",\"valueRequired\":true,\"valueName\":\"search_term_string\"}}],\"inLanguage\":\"fr-FR\"},{\"@type\":\"Organization\",\"@id\":\"https:\/\/www.caladimola.it\/#organization\",\"name\":\"Hotel & Residence Cala di Mola\",\"url\":\"https:\/\/www.caladimola.it\/\",\"logo\":{\"@type\":\"ImageObject\",\"inLanguage\":\"fr-FR\",\"@id\":\"https:\/\/www.caladimola.it\/#\/schema\/logo\/image\/\",\"url\":\"https:\/\/www.caladimola.it\/wp-content\/uploads\/sites\/2\/2015\/03\/logo-cala-di-mola-blu.png\",\"contentUrl\":\"https:\/\/www.caladimola.it\/wp-content\/uploads\/sites\/2\/2015\/03\/logo-cala-di-mola-blu.png\",\"width\":250,\"height\":148,\"caption\":\"Hotel & Residence Cala di Mola\"},\"image\":{\"@id\":\"https:\/\/www.caladimola.it\/#\/schema\/logo\/image\/\"}}]}<\/script>\n<!-- \/ Yoast SEO plugin. -->","yoast_head_json":{"title":"Hotel Chambres - Hotel e Residence Cala di Mola","robots":{"index":"index","follow":"follow","max-snippet":"max-snippet:-1","max-image-preview":"max-image-preview:large","max-video-preview":"max-video-preview:-1"},"canonical":"https:\/\/www.caladimola.it\/fr\/hotel-chambres\/","og_locale":"fr_FR","og_type":"article","og_title":"Hotel Chambres - Hotel e Residence Cala di Mola","og_url":"https:\/\/www.caladimola.it\/fr\/hotel-chambres\/","og_site_name":"Hotel e Residence Cala di Mola","article_modified_time":"2016-01-03T13:11:28+00:00","twitter_card":"summary_large_image","twitter_misc":{"Dur\u00e9e de lecture estim\u00e9e":"3 minutes"},"schema":{"@context":"https:\/\/schema.org","@graph":[{"@type":"WebPage","@id":"https:\/\/www.caladimola.it\/fr\/hotel-chambres\/","url":"https:\/\/www.caladimola.it\/fr\/hotel-chambres\/","name":"Hotel Chambres - Hotel e Residence Cala di Mola","isPartOf":{"@id":"https:\/\/www.caladimola.it\/#website"},"datePublished":"2015-10-02T15:01:56+00:00","dateModified":"2016-01-03T13:11:28+00:00","breadcrumb":{"@id":"https:\/\/www.caladimola.it\/fr\/hotel-chambres\/#breadcrumb"},"inLanguage":"fr-FR","potentialAction":[{"@type":"ReadAction","target":["https:\/\/www.caladimola.it\/fr\/hotel-chambres\/"]}]},{"@type":"BreadcrumbList","@id":"https:\/\/www.caladimola.it\/fr\/hotel-chambres\/#breadcrumb","itemListElement":[{"@type":"ListItem","position":1,"name":"Home","item":"https:\/\/www.caladimola.it\/fr\/home-fra\/"},{"@type":"ListItem","position":2,"name":"Hotel Chambres"}]},{"@type":"WebSite","@id":"https:\/\/www.caladimola.it\/#website","url":"https:\/\/www.caladimola.it\/","name":"Hotel e Residence Cala di Mola","description":"Hotel e Residence a Porto Azzurro Isola D&#039;Elba","publisher":{"@id":"https:\/\/www.caladimola.it\/#organization"},"potentialAction":[{"@type":"SearchAction","target":{"@type":"EntryPoint","urlTemplate":"https:\/\/www.caladimola.it\/?s={search_term_string}"},"query-input":{"@type":"PropertyValueSpecification","valueRequired":true,"valueName":"search_term_string"}}],"inLanguage":"fr-FR"},{"@type":"Organization","@id":"https:\/\/www.caladimola.it\/#organization","name":"Hotel & Residence Cala di Mola","url":"https:\/\/www.caladimola.it\/","logo":{"@type":"ImageObject","inLanguage":"fr-FR","@id":"https:\/\/www.caladimola.it\/#\/schema\/logo\/image\/","url":"https:\/\/www.caladimola.it\/wp-content\/uploads\/sites\/2\/2015\/03\/logo-cala-di-mola-blu.png","contentUrl":"https:\/\/www.caladimola.it\/wp-content\/uploads\/sites\/2\/2015\/03\/logo-cala-di-mola-blu.png","width":250,"height":148,"caption":"Hotel & Residence Cala di Mola"},"image":{"@id":"https:\/\/www.caladimola.it\/#\/schema\/logo\/image\/"}}]}},"_links":{"self":[{"href":"https:\/\/www.caladimola.it\/fr\/wp-json\/wp\/v2\/pages\/4427","targetHints":{"allow":["GET"]}}],"collection":[{"href":"https:\/\/www.caladimola.it\/fr\/wp-json\/wp\/v2\/pages"}],"about":[{"href":"https:\/\/www.caladimola.it\/fr\/wp-json\/wp\/v2\/types\/page"}],"author":[{"embeddable":true,"href":"https:\/\/www.caladimola.it\/fr\/wp-json\/wp\/v2\/users\/1"}],"replies":[{"embeddable":true,"href":"https:\/\/www.caladimola.it\/fr\/wp-json\/wp\/v2\/comments?post=4427"}],"version-history":[{"count":6,"href":"https:\/\/www.caladimola.it\/fr\/wp-json\/wp\/v2\/pages\/4427\/revisions"}],"predecessor-version":[{"id":4668,"href":"https:\/\/www.caladimola.it\/fr\/wp-json\/wp\/v2\/pages\/4427\/revisions\/4668"}],"wp:attachment":[{"href":"https:\/\/www.caladimola.it\/fr\/wp-json\/wp\/v2\/media?parent=4427"}],"curies":[{"name":"wp","href":"https:\/\/api.w.org\/{rel}","templated":true}]}}