{"id":4438,"date":"2015-10-02T15:10:58","date_gmt":"2015-10-02T15:10:58","guid":{"rendered":"http:\/\/www.caladimola.it\/fr\/?page_id=4438"},"modified":"2024-10-14T09:17:55","modified_gmt":"2024-10-14T09:17:55","slug":"residence-prix","status":"publish","type":"page","link":"https:\/\/www.caladimola.it\/fr\/residence-prix\/","title":{"rendered":"R\u00e9sidence Prix"},"content":{"rendered":"\n<style type=\"text\/css\" data-created_by=\"avia_inline_auto\" id=\"style-css-av-jmheqi1u-43ac36382db4dfde6d0b4638b44da351\">\n#top .av_textblock_section.av-jmheqi1u-43ac36382db4dfde6d0b4638b44da351 .avia_textblock{\nfont-size:15px;\n}\n<\/style>\n<section  class='av_textblock_section av-jmheqi1u-43ac36382db4dfde6d0b4638b44da351 '   itemscope=\"itemscope\" itemtype=\"https:\/\/schema.org\/CreativeWork\" ><div class='avia_textblock'  itemprop=\"text\" ><p>Les r\u00e9sidences\u00a0 \u201cBELVEDERE\u201d \u2013 \u201cLE TERRAZZE\u201d, sont pourvus de linge (est exclus le linge pour la cuisine et la table). Le m\u00e9nage durant le s\u00e9jour est \u00e0 charge du client. Type A appartement mono local, \u00e0 l\u2019\u00e9tage inf\u00e9rieur avec un petit jardin. Type B appartement \u00e0 l\u2019\u00e9tage sup\u00e9rieur constitu\u00e9 d\u2019une salle de s\u00e9jour avec 2 lits, mezzanine avec \u00a0une pi\u00e8ce matrimoniale, terrasse. Tous les r\u00e9sidences sont pourvus de climatisation.<\/p>\n<\/div><\/section>\n\n<style type=\"text\/css\" data-created_by=\"avia_inline_auto\" id=\"style-css-av-av_hr-b023c723dac43ec512ce434042388d92\">\n#top .hr.av-av_hr-b023c723dac43ec512ce434042388d92{\nmargin-top:30px;\nmargin-bottom:30px;\n}\n.hr.av-av_hr-b023c723dac43ec512ce434042388d92 .hr-inner{\nwidth:350px;\nmax-width:45%;\n}\n.hr.av-av_hr-b023c723dac43ec512ce434042388d92 .av-seperator-icon{\ncolor:#679be0;\n}\n.hr.av-av_hr-b023c723dac43ec512ce434042388d92 .av-seperator-icon.avia-svg-icon svg:first-child{\nfill:#679be0;\nstroke:#679be0;\n}\n<\/style>\n<div  class='hr av-av_hr-b023c723dac43ec512ce434042388d92 hr-custom  avia-builder-el-1  el_after_av_textblock  el_before_av_table  hr-center hr-icon-yes'><span class='hr-inner inner-border-av-border-thin'><span class=\"hr-inner-style\"><\/span><\/span><span class='av-seperator-icon avia-iconfont avia-font-entypo-fontello' data-av_icon='\ue81f' data-av_iconfont='entypo-fontello' ><\/span><span class='hr-inner inner-border-av-border-thin'><span class=\"hr-inner-style\"><\/span><\/span><\/div>\n<div  class='avia-table av-av_table-7a9a0e158fcc6df500be32f1d2023605 main_color avia-pricing-table-container avia_pricing_default  avia-builder-el-2  el_after_av_hr  el_before_av_hr  avia-table-1'  itemscope=\"itemscope\" itemtype=\"https:\/\/schema.org\/Table\" ><div class=\"pricing-table-wrap\"><ul class='pricing-table avia-highlight-col'><li class='avia-heading-row'><div class='first-table-item'>SAISON<\/div><span class='pricing-extra'><\/span><\/li><li class=''>Prix par jour par appartement<\/li><li class=''>Type A pour 2 lits<\/li><li class=''>Type A pour 2+1 lits<\/li><li class=''>Type B pour 4 lits avec mezzanine<\/li><\/ul><\/div><div class=\"pricing-table-wrap\"><ul class='pricing-table '><li class='avia-heading-row'><div class='first-table-item'>BASSE<\/div><span class='pricing-extra'><\/span><\/li><li class=''>du 24\/4 au 25\/5<br \/>\net<br \/>\ndu 14\/9 au 30\/9<\/li><li class=''>85\u20ac<\/li><li class=''>105\u20ac<\/li><li class=''>130\u20ac<\/li><\/ul><\/div><div class=\"pricing-table-wrap\"><ul class='pricing-table '><li class='avia-heading-row'><div class='first-table-item'>MOYENNE 1<\/div><span class='pricing-extra'><\/span><\/li><li class=''>du 25\/5 au 15\/6<br \/>\net<br \/>\ndu 7\/9 au 14\/9<\/li><li class=''>120\u20ac<\/li><li class=''>140\u20ac<\/li><li class=''>165\u20ac<\/li><\/ul><\/div><div class=\"pricing-table-wrap\"><ul class='pricing-table '><li class='avia-heading-row'><div class='first-table-item'>HAUTE 1<\/div><span class='pricing-extra'><\/span><\/li><li class=''>du 15\/6 au 13\/7<br \/>\net<br \/>\ndu 31\/8 au 7\/9<\/li><li class=''>145\u20ac<\/li><li class=''>165\u20ac<\/li><li class=''>190\u20ac<\/li><\/ul><\/div><div class=\"pricing-table-wrap\"><ul class='pricing-table '><li class='avia-heading-row'><div class='first-table-item'>HAUTE 2<\/div><span class='pricing-extra'><\/span><\/li><li class=''>du 13\/7 au 10\/8<br \/>\net<br \/>\ndu 24\/8 au 31\/8<\/li><li class=''>165\u20ac<\/li><li class=''>185\u20ac<\/li><li class=''>210\u20ac<\/li><\/ul><\/div><div class=\"pricing-table-wrap\"><ul class='pricing-table '><li class='avia-heading-row'><div class='first-table-item'>TR\u00c8S HAUTE<\/div><span class='pricing-extra'><\/span><\/li><li class=''>du 10\/8<br \/>\nau 24\/8<\/li><li class=''>205\u20ac<\/li><li class=''>225\u20ac<\/li><li class=''>250\u20ac<\/li><\/ul><\/div><\/div>\n\n<style type=\"text\/css\" data-created_by=\"avia_inline_auto\" id=\"style-css-av-av_hr-b023c723dac43ec512ce434042388d92\">\n#top .hr.av-av_hr-b023c723dac43ec512ce434042388d92{\nmargin-top:30px;\nmargin-bottom:30px;\n}\n.hr.av-av_hr-b023c723dac43ec512ce434042388d92 .hr-inner{\nwidth:350px;\nmax-width:45%;\n}\n.hr.av-av_hr-b023c723dac43ec512ce434042388d92 .av-seperator-icon{\ncolor:#679be0;\n}\n.hr.av-av_hr-b023c723dac43ec512ce434042388d92 .av-seperator-icon.avia-svg-icon svg:first-child{\nfill:#679be0;\nstroke:#679be0;\n}\n<\/style>\n<div  class='hr av-av_hr-b023c723dac43ec512ce434042388d92 hr-custom  avia-builder-el-3  el_after_av_table  el_before_av_textblock  hr-center hr-icon-yes'><span class='hr-inner inner-border-av-border-thin'><span class=\"hr-inner-style\"><\/span><\/span><span class='av-seperator-icon avia-iconfont avia-font-entypo-fontello' data-av_icon='\ue81f' data-av_iconfont='entypo-fontello' ><\/span><span class='hr-inner inner-border-av-border-thin'><span class=\"hr-inner-style\"><\/span><\/span><\/div>\n\n<style type=\"text\/css\" data-created_by=\"avia_inline_auto\" id=\"style-css-av-jmheyipr-748a1771a30d68e840f9b0b8e6f56939\">\n#top .av_textblock_section.av-jmheyipr-748a1771a30d68e840f9b0b8e6f56939 .avia_textblock{\nfont-size:15px;\n}\n<\/style>\n<section  class='av_textblock_section av-jmheyipr-748a1771a30d68e840f9b0b8e6f56939 '   itemscope=\"itemscope\" itemtype=\"https:\/\/schema.org\/CreativeWork\" ><div class='avia_textblock'  itemprop=\"text\" ><p><strong>M\u00e9nage obligatoire en fin de s\u00e9jour : type A \u20ac 40,00 \u2013 type B \u20ac 50,00<\/strong><\/p>\n<p>DU 15 JUIN AU 7 SEPTEMBRE ANIMATION DE JOUR ET NOCTURNE Pour les h\u00f4tes de l\u2019h\u00f4tel et des r\u00e9sidences, Carte Club de \u20ac 5,00 par personne par jour obligatoire \u00e0 partir de 6 ans. Enfants: Mini-club de 4 \u00e0 10 ans.<\/p>\n<p><strong>CONDITIONS<\/strong> Location minimum 7 jours, les prix s\u2019entendent \u00a0T.V.A. comprise, et l\u2019utilisation de la piscine avec les \u00e9quipements communs.<\/p>\n<p>Lit \/ Personne suppl\u00e9mentaire 20,00 euros par jour.<\/p>\n<p>Pour l\u2019utilisation seule\u00a0 du pont d\u2019amarrage 10,00 euros par jour.<\/p>\n<p><strong>PAIEMENT 30% \u00c0<\/strong><strong> LA R\u00c9<\/strong><strong>SERVATION. <\/strong><strong>LE SOLDE EST EFFECTUE<\/strong><strong>\u00c9<\/strong> <strong>\u00c0<\/strong><strong> L\u2019ARRIV<\/strong><strong>\u00c9<\/strong><strong>E.<\/strong><\/p>\n<p>D\u00e9but s\u00e9jour \u00a0\u00e0 partir de 17h00 et au-del\u00e0, d\u00e9part avant 9h00.<\/p>\n<\/div><\/section>\n","protected":false},"excerpt":{"rendered":"","protected":false},"author":1,"featured_media":0,"parent":0,"menu_order":0,"comment_status":"open","ping_status":"open","template":"","meta":{"footnotes":""},"class_list":["post-4438","page","type-page","status-publish","hentry"],"yoast_head":"<!-- This site is optimized with the Yoast SEO plugin v26.7 - https:\/\/yoast.com\/wordpress\/plugins\/seo\/ -->\n<title>R\u00e9sidence Prix - Hotel e Residence Cala di Mola<\/title>\n<meta name=\"robots\" content=\"index, follow, max-snippet:-1, max-image-preview:large, max-video-preview:-1\" \/>\n<link rel=\"canonical\" href=\"https:\/\/www.caladimola.it\/fr\/residence-prix\/\" \/>\n<meta property=\"og:locale\" content=\"fr_FR\" \/>\n<meta property=\"og:type\" content=\"article\" \/>\n<meta property=\"og:title\" content=\"R\u00e9sidence Prix - Hotel e Residence Cala di Mola\" \/>\n<meta property=\"og:url\" content=\"https:\/\/www.caladimola.it\/fr\/residence-prix\/\" \/>\n<meta property=\"og:site_name\" content=\"Hotel e Residence Cala di Mola\" \/>\n<meta property=\"article:modified_time\" content=\"2024-10-14T09:17:55+00:00\" \/>\n<meta name=\"twitter:card\" content=\"summary_large_image\" \/>\n<meta name=\"twitter:label1\" content=\"Dur\u00e9e de lecture estim\u00e9e\" \/>\n\t<meta name=\"twitter:data1\" content=\"2 minutes\" \/>\n<script type=\"application\/ld+json\" class=\"yoast-schema-graph\">{\"@context\":\"https:\/\/schema.org\",\"@graph\":[{\"@type\":\"WebPage\",\"@id\":\"https:\/\/www.caladimola.it\/fr\/residence-prix\/\",\"url\":\"https:\/\/www.caladimola.it\/fr\/residence-prix\/\",\"name\":\"R\u00e9sidence Prix - Hotel e Residence Cala di Mola\",\"isPartOf\":{\"@id\":\"https:\/\/www.caladimola.it\/#website\"},\"datePublished\":\"2015-10-02T15:10:58+00:00\",\"dateModified\":\"2024-10-14T09:17:55+00:00\",\"breadcrumb\":{\"@id\":\"https:\/\/www.caladimola.it\/fr\/residence-prix\/#breadcrumb\"},\"inLanguage\":\"fr-FR\",\"potentialAction\":[{\"@type\":\"ReadAction\",\"target\":[\"https:\/\/www.caladimola.it\/fr\/residence-prix\/\"]}]},{\"@type\":\"BreadcrumbList\",\"@id\":\"https:\/\/www.caladimola.it\/fr\/residence-prix\/#breadcrumb\",\"itemListElement\":[{\"@type\":\"ListItem\",\"position\":1,\"name\":\"Home\",\"item\":\"https:\/\/www.caladimola.it\/fr\/home-fra\/\"},{\"@type\":\"ListItem\",\"position\":2,\"name\":\"R\u00e9sidence Prix\"}]},{\"@type\":\"WebSite\",\"@id\":\"https:\/\/www.caladimola.it\/#website\",\"url\":\"https:\/\/www.caladimola.it\/\",\"name\":\"Hotel e Residence Cala di Mola\",\"description\":\"Hotel e Residence a Porto Azzurro Isola D&#039;Elba\",\"publisher\":{\"@id\":\"https:\/\/www.caladimola.it\/#organization\"},\"potentialAction\":[{\"@type\":\"SearchAction\",\"target\":{\"@type\":\"EntryPoint\",\"urlTemplate\":\"https:\/\/www.caladimola.it\/?s={search_term_string}\"},\"query-input\":{\"@type\":\"PropertyValueSpecification\",\"valueRequired\":true,\"valueName\":\"search_term_string\"}}],\"inLanguage\":\"fr-FR\"},{\"@type\":\"Organization\",\"@id\":\"https:\/\/www.caladimola.it\/#organization\",\"name\":\"Hotel & Residence Cala di Mola\",\"url\":\"https:\/\/www.caladimola.it\/\",\"logo\":{\"@type\":\"ImageObject\",\"inLanguage\":\"fr-FR\",\"@id\":\"https:\/\/www.caladimola.it\/#\/schema\/logo\/image\/\",\"url\":\"https:\/\/www.caladimola.it\/wp-content\/uploads\/sites\/2\/2015\/03\/logo-cala-di-mola-blu.png\",\"contentUrl\":\"https:\/\/www.caladimola.it\/wp-content\/uploads\/sites\/2\/2015\/03\/logo-cala-di-mola-blu.png\",\"width\":250,\"height\":148,\"caption\":\"Hotel & Residence Cala di Mola\"},\"image\":{\"@id\":\"https:\/\/www.caladimola.it\/#\/schema\/logo\/image\/\"}}]}<\/script>\n<!-- \/ Yoast SEO plugin. -->","yoast_head_json":{"title":"R\u00e9sidence Prix - Hotel e Residence Cala di Mola","robots":{"index":"index","follow":"follow","max-snippet":"max-snippet:-1","max-image-preview":"max-image-preview:large","max-video-preview":"max-video-preview:-1"},"canonical":"https:\/\/www.caladimola.it\/fr\/residence-prix\/","og_locale":"fr_FR","og_type":"article","og_title":"R\u00e9sidence Prix - Hotel e Residence Cala di Mola","og_url":"https:\/\/www.caladimola.it\/fr\/residence-prix\/","og_site_name":"Hotel e Residence Cala di Mola","article_modified_time":"2024-10-14T09:17:55+00:00","twitter_card":"summary_large_image","twitter_misc":{"Dur\u00e9e de lecture estim\u00e9e":"2 minutes"},"schema":{"@context":"https:\/\/schema.org","@graph":[{"@type":"WebPage","@id":"https:\/\/www.caladimola.it\/fr\/residence-prix\/","url":"https:\/\/www.caladimola.it\/fr\/residence-prix\/","name":"R\u00e9sidence Prix - Hotel e Residence Cala di Mola","isPartOf":{"@id":"https:\/\/www.caladimola.it\/#website"},"datePublished":"2015-10-02T15:10:58+00:00","dateModified":"2024-10-14T09:17:55+00:00","breadcrumb":{"@id":"https:\/\/www.caladimola.it\/fr\/residence-prix\/#breadcrumb"},"inLanguage":"fr-FR","potentialAction":[{"@type":"ReadAction","target":["https:\/\/www.caladimola.it\/fr\/residence-prix\/"]}]},{"@type":"BreadcrumbList","@id":"https:\/\/www.caladimola.it\/fr\/residence-prix\/#breadcrumb","itemListElement":[{"@type":"ListItem","position":1,"name":"Home","item":"https:\/\/www.caladimola.it\/fr\/home-fra\/"},{"@type":"ListItem","position":2,"name":"R\u00e9sidence Prix"}]},{"@type":"WebSite","@id":"https:\/\/www.caladimola.it\/#website","url":"https:\/\/www.caladimola.it\/","name":"Hotel e Residence Cala di Mola","description":"Hotel e Residence a Porto Azzurro Isola D&#039;Elba","publisher":{"@id":"https:\/\/www.caladimola.it\/#organization"},"potentialAction":[{"@type":"SearchAction","target":{"@type":"EntryPoint","urlTemplate":"https:\/\/www.caladimola.it\/?s={search_term_string}"},"query-input":{"@type":"PropertyValueSpecification","valueRequired":true,"valueName":"search_term_string"}}],"inLanguage":"fr-FR"},{"@type":"Organization","@id":"https:\/\/www.caladimola.it\/#organization","name":"Hotel & Residence Cala di Mola","url":"https:\/\/www.caladimola.it\/","logo":{"@type":"ImageObject","inLanguage":"fr-FR","@id":"https:\/\/www.caladimola.it\/#\/schema\/logo\/image\/","url":"https:\/\/www.caladimola.it\/wp-content\/uploads\/sites\/2\/2015\/03\/logo-cala-di-mola-blu.png","contentUrl":"https:\/\/www.caladimola.it\/wp-content\/uploads\/sites\/2\/2015\/03\/logo-cala-di-mola-blu.png","width":250,"height":148,"caption":"Hotel & Residence Cala di Mola"},"image":{"@id":"https:\/\/www.caladimola.it\/#\/schema\/logo\/image\/"}}]}},"_links":{"self":[{"href":"https:\/\/www.caladimola.it\/fr\/wp-json\/wp\/v2\/pages\/4438","targetHints":{"allow":["GET"]}}],"collection":[{"href":"https:\/\/www.caladimola.it\/fr\/wp-json\/wp\/v2\/pages"}],"about":[{"href":"https:\/\/www.caladimola.it\/fr\/wp-json\/wp\/v2\/types\/page"}],"author":[{"embeddable":true,"href":"https:\/\/www.caladimola.it\/fr\/wp-json\/wp\/v2\/users\/1"}],"replies":[{"embeddable":true,"href":"https:\/\/www.caladimola.it\/fr\/wp-json\/wp\/v2\/comments?post=4438"}],"version-history":[{"count":35,"href":"https:\/\/www.caladimola.it\/fr\/wp-json\/wp\/v2\/pages\/4438\/revisions"}],"predecessor-version":[{"id":6180,"href":"https:\/\/www.caladimola.it\/fr\/wp-json\/wp\/v2\/pages\/4438\/revisions\/6180"}],"wp:attachment":[{"href":"https:\/\/www.caladimola.it\/fr\/wp-json\/wp\/v2\/media?parent=4438"}],"curies":[{"name":"wp","href":"https:\/\/api.w.org\/{rel}","templated":true}]}}