{"id":4443,"date":"2015-10-02T15:13:51","date_gmt":"2015-10-02T15:13:51","guid":{"rendered":"http:\/\/www.caladimola.it\/fr\/?page_id=4443"},"modified":"2023-03-23T10:29:37","modified_gmt":"2023-03-23T10:29:37","slug":"spa-et-soins","status":"publish","type":"page","link":"https:\/\/www.caladimola.it\/fr\/spa-et-soins\/","title":{"rendered":"SPA et Soins"},"content":{"rendered":"<div id='full_slider_1'  class='avia-fullwidth-slider main_color avia-shadow   avia-builder-el-0  el_before_av_heading  avia-builder-el-first   container_wrap sidebar_right'  ><div  class='avia-slideshow av-av_slideshow_full-071fb7913eeee76b3207232edfa9da98 avia-slideshow-featured_large av_slideshow_full avia-slide-slider av-slideshow-ui av-control-default av-slideshow-manual av-loop-once av-loop-manual-endless av-default-height-applied   avia-slideshow-1' data-slideshow-options=\"{&quot;animation&quot;:&quot;slide&quot;,&quot;autoplay&quot;:false,&quot;loop_autoplay&quot;:&quot;once&quot;,&quot;interval&quot;:5,&quot;loop_manual&quot;:&quot;manual-endless&quot;,&quot;autoplay_stopper&quot;:false,&quot;noNavigation&quot;:false,&quot;bg_slider&quot;:false,&quot;keep_padding&quot;:false,&quot;hoverpause&quot;:false,&quot;show_slide_delay&quot;:0}\"  itemprop=\"image\" itemscope=\"itemscope\" itemtype=\"https:\/\/schema.org\/ImageObject\" ><ul class='avia-slideshow-inner ' style='padding-bottom: 42%;'><li  class='avia-slideshow-slide av-av_slideshow_full-071fb7913eeee76b3207232edfa9da98__0  av-single-slide slide-1 slide-odd'><div data-rel='slideshow-1' class='avia-slide-wrap '   ><img decoding=\"async\" fetchpriority=\"high\" class=\"wp-image-2024 avia-img-lazy-loading-not-2024\"  src=\"https:\/\/www.caladimola.it\/wp-content\/uploads\/sites\/2\/2014\/12\/spa-elba-1500x630.jpg\" width=\"1500\" height=\"630\" title='spa elba' alt=''  itemprop=\"thumbnailUrl\"   \/><\/div><\/li><\/ul><\/div><\/div><div id='after_full_slider_1'  class='main_color av_default_container_wrap container_wrap sidebar_right'  ><div class='container av-section-cont-open' ><div class='template-page content  av-content-small alpha units'><div class='post-entry post-entry-type-page post-entry-4443'><div class='entry-content-wrapper clearfix'>\n\n<style type=\"text\/css\" data-created_by=\"avia_inline_auto\" id=\"style-css-av-av_heading-3e8e9756c7a8029eab8f6e333d31cebb\">\n#top .av-special-heading.av-av_heading-3e8e9756c7a8029eab8f6e333d31cebb{\npadding-bottom:10px;\n}\nbody .av-special-heading.av-av_heading-3e8e9756c7a8029eab8f6e333d31cebb .av-special-heading-tag .heading-char{\nfont-size:25px;\n}\n.av-special-heading.av-av_heading-3e8e9756c7a8029eab8f6e333d31cebb .av-subheading{\nfont-size:25px;\n}\n<\/style>\n<div  class='av-special-heading av-av_heading-3e8e9756c7a8029eab8f6e333d31cebb av-special-heading-h6 blockquote modern-quote modern-centered  avia-builder-el-1  el_after_av_slideshow_full  el_before_av_one_half  avia-builder-el-first '><h6 class='av-special-heading-tag '  itemprop=\"headline\"  >SPA <span class='special_amp'>&amp;<\/span> traitements thermiques<\/h6><div class='av-subheading av-subheading_below'><p>Centre de congr\u00e8s \u00ab\u00a0Terme di San Giovanni\u00a0\u00bb<\/p>\n<\/div><div class=\"special-heading-border\"><div class=\"special-heading-inner-border\"><\/div><\/div><\/div>\n<div  class='flex_column av-av_one_half-2a9015ff38129c418a3f2eafba3e9512 av_one_half  avia-builder-el-2  el_after_av_heading  el_before_av_one_half  first flex_column_div  '     ><style type=\"text\/css\" data-created_by=\"avia_inline_auto\" id=\"style-css-av-av_textblock-fae8699d538200a543ba402659dba9b0\">\n#top .av_textblock_section.av-av_textblock-fae8699d538200a543ba402659dba9b0 .avia_textblock{\nfont-size:16px;\n}\n<\/style>\n<section  class='av_textblock_section av-av_textblock-fae8699d538200a543ba402659dba9b0 '   itemscope=\"itemscope\" itemtype=\"https:\/\/schema.org\/CreativeWork\" ><div class='avia_textblock'  itemprop=\"text\" ><p>\u00c0 10 minutes de voiture, incorpor\u00e9 comme une pierre pr\u00e9cieuse dans le golfe de Portoferraio, se trouve le bassin des Thermes San Giovanni, voisine avec l\u2019\u00e9tablissement thermal.<\/p>\n<p>Les thermes San Giovanni se situent en face du Port M\u00e9dic\u00e9en de Portoferraio, et elles profitent d\u2019un vase \u00e0 haute potentialit\u00e9 th\u00e9rapeutique, qui repr\u00e9sente un unicum irrempla\u00e7able dans le panorama thermal italien et europ\u00e9en.<\/p>\n<p>Le centre est entour\u00e9 d\u2019un grand parc, limitrophe de la mer, plant\u00e9s d\u2019eucalyptus, de palmiers et tamarins o\u00f9 les h\u00f4tes peuvent se promener et se d\u00e9tendre avant et apr\u00e8s les th\u00e9rapies.<\/p>\n<\/div><\/section><\/div>\n\n<style type=\"text\/css\" data-created_by=\"avia_inline_auto\" id=\"style-css-av-av_one_half-2a64de42b738552fe666ca889af77e28\">\n.flex_column.av-av_one_half-2a64de42b738552fe666ca889af77e28{\nborder-radius:0px 0px 0px 0px;\npadding:0px 0px 0px 0px;\n}\n<\/style>\n<div  class='flex_column av-av_one_half-2a64de42b738552fe666ca889af77e28 av_one_half  avia-builder-el-4  el_after_av_one_half  el_before_av_masonry_gallery  avia-builder-el-last  flex_column_div av-zero-column-padding  '     ><style type=\"text\/css\" data-created_by=\"avia_inline_auto\" id=\"style-css-av-lfkz1rr9-8bff73a532294bc6d53b8237a5941873\">\n#top .av_textblock_section.av-lfkz1rr9-8bff73a532294bc6d53b8237a5941873 .avia_textblock{\nfont-size:16px;\n}\n<\/style>\n<section  class='av_textblock_section av-lfkz1rr9-8bff73a532294bc6d53b8237a5941873 '   itemscope=\"itemscope\" itemtype=\"https:\/\/schema.org\/CreativeWork\" ><div class='avia_textblock'  itemprop=\"text\" ><p>Aux thermes on pratique la thalassoth\u00e9rapie, terme qui r\u00e9sume tous les b\u00e9n\u00e9fices que la mer peut offrir \u00e0 travers l\u2019eau, les bains de boue, les algues et plantes marines qui s\u2019associe \u00e0 l\u2019aspect curatif qui accompagne le bien-\u00eatre psycho-physique et le relax garanti d\u2019une ambiance loin de la pollution atmosph\u00e9rique et acoustique.<\/p>\n<\/div><\/section><\/div><div id='av-masonry-1' class='av-masonry av-av_masonry_gallery-a42de9f37bfd034fff26c552abb613d4 noHover av-fixed-size av-no-gap av-hover-overlay-active av-masonry-animation-active av-masonry-col-flexible av-caption-always av-caption-style- av-masonry-gallery ' data-post_id=\"4443\"><div class=\"av-masonry-container isotope av-js-disabled\"><div class='av-masonry-entry isotope-item av-masonry-item-no-image '><\/div><a href=\"https:\/\/www.caladimola.it\/wp-content\/uploads\/sites\/2\/2014\/12\/terme4.jpg\" data-srcset=\"https:\/\/www.caladimola.it\/wp-content\/uploads\/sites\/2\/2014\/12\/terme4.jpg 800w, https:\/\/www.caladimola.it\/wp-content\/uploads\/sites\/2\/2014\/12\/terme4-300x200.jpg 300w, https:\/\/www.caladimola.it\/wp-content\/uploads\/sites\/2\/2014\/12\/terme4-705x470.jpg 705w, https:\/\/www.caladimola.it\/wp-content\/uploads\/sites\/2\/2014\/12\/terme4-450x300.jpg 450w\" data-sizes=\"(max-width: 800px) 100vw, 800px\"  aria-label=\"image terme4\"  id='av-masonry-1-item-2029' data-av-masonry-item='2029' class='av-masonry-entry isotope-item post-2029 attachment type-attachment status-inherit hentry  av-masonry-item-with-image av-grid-img' title=\"terme4\" alt=\"\"    itemprop=\"thumbnailUrl\" ><div class='av-inner-masonry-sizer'><\/div><figure class='av-inner-masonry main_color'><div class=\"av-masonry-outerimage-container\"><div class='av-masonry-image-container' style=\"background-image: url(https:\/\/www.caladimola.it\/wp-content\/uploads\/sites\/2\/2014\/12\/terme4-705x470.jpg);\"  title=\"terme4\" ><\/div><\/div><\/figure><\/a><!--end av-masonry entry--><a href=\"https:\/\/www.caladimola.it\/wp-content\/uploads\/sites\/2\/2014\/12\/terme3.jpg\" data-srcset=\"https:\/\/www.caladimola.it\/wp-content\/uploads\/sites\/2\/2014\/12\/terme3.jpg 800w, https:\/\/www.caladimola.it\/wp-content\/uploads\/sites\/2\/2014\/12\/terme3-300x200.jpg 300w, https:\/\/www.caladimola.it\/wp-content\/uploads\/sites\/2\/2014\/12\/terme3-705x470.jpg 705w, https:\/\/www.caladimola.it\/wp-content\/uploads\/sites\/2\/2014\/12\/terme3-450x300.jpg 450w\" data-sizes=\"(max-width: 800px) 100vw, 800px\"  aria-label=\"image terme3\"  id='av-masonry-1-item-2033' data-av-masonry-item='2033' class='av-masonry-entry isotope-item post-2033 attachment type-attachment status-inherit hentry  av-masonry-item-with-image av-grid-img' title=\"terme3\" alt=\"\"    itemprop=\"thumbnailUrl\" ><div class='av-inner-masonry-sizer'><\/div><figure class='av-inner-masonry main_color'><div class=\"av-masonry-outerimage-container\"><div class='av-masonry-image-container' style=\"background-image: url(https:\/\/www.caladimola.it\/wp-content\/uploads\/sites\/2\/2014\/12\/terme3-705x470.jpg);\"  title=\"terme3\" ><\/div><\/div><\/figure><\/a><!--end av-masonry entry--><a href=\"https:\/\/www.caladimola.it\/wp-content\/uploads\/sites\/2\/2014\/12\/terme2.jpg\" data-srcset=\"https:\/\/www.caladimola.it\/wp-content\/uploads\/sites\/2\/2014\/12\/terme2.jpg 800w, https:\/\/www.caladimola.it\/wp-content\/uploads\/sites\/2\/2014\/12\/terme2-300x200.jpg 300w, https:\/\/www.caladimola.it\/wp-content\/uploads\/sites\/2\/2014\/12\/terme2-705x470.jpg 705w, https:\/\/www.caladimola.it\/wp-content\/uploads\/sites\/2\/2014\/12\/terme2-450x300.jpg 450w\" data-sizes=\"(max-width: 800px) 100vw, 800px\"  aria-label=\"image terme2\"  id='av-masonry-1-item-2037' data-av-masonry-item='2037' class='av-masonry-entry isotope-item post-2037 attachment type-attachment status-inherit hentry  av-masonry-item-with-image av-grid-img' title=\"terme2\" alt=\"\"    itemprop=\"thumbnailUrl\" ><div class='av-inner-masonry-sizer'><\/div><figure class='av-inner-masonry main_color'><div class=\"av-masonry-outerimage-container\"><div class='av-masonry-image-container' style=\"background-image: url(https:\/\/www.caladimola.it\/wp-content\/uploads\/sites\/2\/2014\/12\/terme2-705x470.jpg);\"  title=\"terme2\" ><\/div><\/div><\/figure><\/a><!--end av-masonry entry--><a href=\"https:\/\/www.caladimola.it\/wp-content\/uploads\/sites\/2\/2014\/12\/terme11.jpg\" data-srcset=\"https:\/\/www.caladimola.it\/wp-content\/uploads\/sites\/2\/2014\/12\/terme11.jpg 800w, https:\/\/www.caladimola.it\/wp-content\/uploads\/sites\/2\/2014\/12\/terme11-300x200.jpg 300w, https:\/\/www.caladimola.it\/wp-content\/uploads\/sites\/2\/2014\/12\/terme11-705x470.jpg 705w, https:\/\/www.caladimola.it\/wp-content\/uploads\/sites\/2\/2014\/12\/terme11-450x300.jpg 450w\" data-sizes=\"(max-width: 800px) 100vw, 800px\"  aria-label=\"image terme1\"  id='av-masonry-1-item-2041' data-av-masonry-item='2041' class='av-masonry-entry isotope-item post-2041 attachment type-attachment status-inherit hentry  av-masonry-item-with-image av-grid-img' title=\"terme1\" alt=\"\"    itemprop=\"thumbnailUrl\" ><div class='av-inner-masonry-sizer'><\/div><figure class='av-inner-masonry main_color'><div class=\"av-masonry-outerimage-container\"><div class='av-masonry-image-container' style=\"background-image: url(https:\/\/www.caladimola.it\/wp-content\/uploads\/sites\/2\/2014\/12\/terme11-705x470.jpg);\"  title=\"terme1\" ><\/div><\/div><\/figure><\/a><!--end av-masonry entry--><\/div><\/div><\/p>\n","protected":false},"excerpt":{"rendered":"","protected":false},"author":1,"featured_media":0,"parent":0,"menu_order":0,"comment_status":"open","ping_status":"open","template":"","meta":{"footnotes":""},"class_list":["post-4443","page","type-page","status-publish","hentry"],"yoast_head":"<!-- This site is optimized with the Yoast SEO plugin v26.7 - https:\/\/yoast.com\/wordpress\/plugins\/seo\/ -->\n<title>SPA et Soins - Hotel e Residence Cala di Mola<\/title>\n<meta name=\"robots\" content=\"index, follow, max-snippet:-1, max-image-preview:large, max-video-preview:-1\" \/>\n<link rel=\"canonical\" href=\"https:\/\/www.caladimola.it\/fr\/spa-et-soins\/\" \/>\n<meta property=\"og:locale\" content=\"fr_FR\" \/>\n<meta property=\"og:type\" content=\"article\" \/>\n<meta property=\"og:title\" content=\"SPA et Soins - Hotel e Residence Cala di Mola\" \/>\n<meta property=\"og:url\" content=\"https:\/\/www.caladimola.it\/fr\/spa-et-soins\/\" \/>\n<meta property=\"og:site_name\" content=\"Hotel e Residence Cala di Mola\" \/>\n<meta property=\"article:modified_time\" content=\"2023-03-23T10:29:37+00:00\" \/>\n<meta name=\"twitter:card\" content=\"summary_large_image\" \/>\n<meta name=\"twitter:label1\" content=\"Dur\u00e9e de lecture estim\u00e9e\" \/>\n\t<meta name=\"twitter:data1\" content=\"2 minutes\" \/>\n<script type=\"application\/ld+json\" class=\"yoast-schema-graph\">{\"@context\":\"https:\/\/schema.org\",\"@graph\":[{\"@type\":\"WebPage\",\"@id\":\"https:\/\/www.caladimola.it\/fr\/spa-et-soins\/\",\"url\":\"https:\/\/www.caladimola.it\/fr\/spa-et-soins\/\",\"name\":\"SPA et Soins - Hotel e Residence Cala di Mola\",\"isPartOf\":{\"@id\":\"https:\/\/www.caladimola.it\/#website\"},\"datePublished\":\"2015-10-02T15:13:51+00:00\",\"dateModified\":\"2023-03-23T10:29:37+00:00\",\"breadcrumb\":{\"@id\":\"https:\/\/www.caladimola.it\/fr\/spa-et-soins\/#breadcrumb\"},\"inLanguage\":\"fr-FR\",\"potentialAction\":[{\"@type\":\"ReadAction\",\"target\":[\"https:\/\/www.caladimola.it\/fr\/spa-et-soins\/\"]}]},{\"@type\":\"BreadcrumbList\",\"@id\":\"https:\/\/www.caladimola.it\/fr\/spa-et-soins\/#breadcrumb\",\"itemListElement\":[{\"@type\":\"ListItem\",\"position\":1,\"name\":\"Home\",\"item\":\"https:\/\/www.caladimola.it\/fr\/home-fra\/\"},{\"@type\":\"ListItem\",\"position\":2,\"name\":\"SPA et Soins\"}]},{\"@type\":\"WebSite\",\"@id\":\"https:\/\/www.caladimola.it\/#website\",\"url\":\"https:\/\/www.caladimola.it\/\",\"name\":\"Hotel e Residence Cala di Mola\",\"description\":\"Hotel e Residence a Porto Azzurro Isola D&#039;Elba\",\"publisher\":{\"@id\":\"https:\/\/www.caladimola.it\/#organization\"},\"potentialAction\":[{\"@type\":\"SearchAction\",\"target\":{\"@type\":\"EntryPoint\",\"urlTemplate\":\"https:\/\/www.caladimola.it\/?s={search_term_string}\"},\"query-input\":{\"@type\":\"PropertyValueSpecification\",\"valueRequired\":true,\"valueName\":\"search_term_string\"}}],\"inLanguage\":\"fr-FR\"},{\"@type\":\"Organization\",\"@id\":\"https:\/\/www.caladimola.it\/#organization\",\"name\":\"Hotel & Residence Cala di Mola\",\"url\":\"https:\/\/www.caladimola.it\/\",\"logo\":{\"@type\":\"ImageObject\",\"inLanguage\":\"fr-FR\",\"@id\":\"https:\/\/www.caladimola.it\/#\/schema\/logo\/image\/\",\"url\":\"https:\/\/www.caladimola.it\/wp-content\/uploads\/sites\/2\/2015\/03\/logo-cala-di-mola-blu.png\",\"contentUrl\":\"https:\/\/www.caladimola.it\/wp-content\/uploads\/sites\/2\/2015\/03\/logo-cala-di-mola-blu.png\",\"width\":250,\"height\":148,\"caption\":\"Hotel & Residence Cala di Mola\"},\"image\":{\"@id\":\"https:\/\/www.caladimola.it\/#\/schema\/logo\/image\/\"}}]}<\/script>\n<!-- \/ Yoast SEO plugin. -->","yoast_head_json":{"title":"SPA et Soins - Hotel e Residence Cala di Mola","robots":{"index":"index","follow":"follow","max-snippet":"max-snippet:-1","max-image-preview":"max-image-preview:large","max-video-preview":"max-video-preview:-1"},"canonical":"https:\/\/www.caladimola.it\/fr\/spa-et-soins\/","og_locale":"fr_FR","og_type":"article","og_title":"SPA et Soins - Hotel e Residence Cala di Mola","og_url":"https:\/\/www.caladimola.it\/fr\/spa-et-soins\/","og_site_name":"Hotel e Residence Cala di Mola","article_modified_time":"2023-03-23T10:29:37+00:00","twitter_card":"summary_large_image","twitter_misc":{"Dur\u00e9e de lecture estim\u00e9e":"2 minutes"},"schema":{"@context":"https:\/\/schema.org","@graph":[{"@type":"WebPage","@id":"https:\/\/www.caladimola.it\/fr\/spa-et-soins\/","url":"https:\/\/www.caladimola.it\/fr\/spa-et-soins\/","name":"SPA et Soins - Hotel e Residence Cala di Mola","isPartOf":{"@id":"https:\/\/www.caladimola.it\/#website"},"datePublished":"2015-10-02T15:13:51+00:00","dateModified":"2023-03-23T10:29:37+00:00","breadcrumb":{"@id":"https:\/\/www.caladimola.it\/fr\/spa-et-soins\/#breadcrumb"},"inLanguage":"fr-FR","potentialAction":[{"@type":"ReadAction","target":["https:\/\/www.caladimola.it\/fr\/spa-et-soins\/"]}]},{"@type":"BreadcrumbList","@id":"https:\/\/www.caladimola.it\/fr\/spa-et-soins\/#breadcrumb","itemListElement":[{"@type":"ListItem","position":1,"name":"Home","item":"https:\/\/www.caladimola.it\/fr\/home-fra\/"},{"@type":"ListItem","position":2,"name":"SPA et Soins"}]},{"@type":"WebSite","@id":"https:\/\/www.caladimola.it\/#website","url":"https:\/\/www.caladimola.it\/","name":"Hotel e Residence Cala di Mola","description":"Hotel e Residence a Porto Azzurro Isola D&#039;Elba","publisher":{"@id":"https:\/\/www.caladimola.it\/#organization"},"potentialAction":[{"@type":"SearchAction","target":{"@type":"EntryPoint","urlTemplate":"https:\/\/www.caladimola.it\/?s={search_term_string}"},"query-input":{"@type":"PropertyValueSpecification","valueRequired":true,"valueName":"search_term_string"}}],"inLanguage":"fr-FR"},{"@type":"Organization","@id":"https:\/\/www.caladimola.it\/#organization","name":"Hotel & Residence Cala di Mola","url":"https:\/\/www.caladimola.it\/","logo":{"@type":"ImageObject","inLanguage":"fr-FR","@id":"https:\/\/www.caladimola.it\/#\/schema\/logo\/image\/","url":"https:\/\/www.caladimola.it\/wp-content\/uploads\/sites\/2\/2015\/03\/logo-cala-di-mola-blu.png","contentUrl":"https:\/\/www.caladimola.it\/wp-content\/uploads\/sites\/2\/2015\/03\/logo-cala-di-mola-blu.png","width":250,"height":148,"caption":"Hotel & Residence Cala di Mola"},"image":{"@id":"https:\/\/www.caladimola.it\/#\/schema\/logo\/image\/"}}]}},"_links":{"self":[{"href":"https:\/\/www.caladimola.it\/fr\/wp-json\/wp\/v2\/pages\/4443","targetHints":{"allow":["GET"]}}],"collection":[{"href":"https:\/\/www.caladimola.it\/fr\/wp-json\/wp\/v2\/pages"}],"about":[{"href":"https:\/\/www.caladimola.it\/fr\/wp-json\/wp\/v2\/types\/page"}],"author":[{"embeddable":true,"href":"https:\/\/www.caladimola.it\/fr\/wp-json\/wp\/v2\/users\/1"}],"replies":[{"embeddable":true,"href":"https:\/\/www.caladimola.it\/fr\/wp-json\/wp\/v2\/comments?post=4443"}],"version-history":[{"count":5,"href":"https:\/\/www.caladimola.it\/fr\/wp-json\/wp\/v2\/pages\/4443\/revisions"}],"predecessor-version":[{"id":4664,"href":"https:\/\/www.caladimola.it\/fr\/wp-json\/wp\/v2\/pages\/4443\/revisions\/4664"}],"wp:attachment":[{"href":"https:\/\/www.caladimola.it\/fr\/wp-json\/wp\/v2\/media?parent=4443"}],"curies":[{"name":"wp","href":"https:\/\/api.w.org\/{rel}","templated":true}]}}