{"id":4450,"date":"2015-10-02T15:14:46","date_gmt":"2015-10-02T15:14:46","guid":{"rendered":"http:\/\/www.caladimola.it\/fr\/?page_id=4450"},"modified":"2023-05-10T14:37:22","modified_gmt":"2023-05-10T14:37:22","slug":"reservation","status":"publish","type":"page","link":"https:\/\/www.caladimola.it\/fr\/reservation\/","title":{"rendered":"R\u00e9servation"},"content":{"rendered":"<div id='av_section_1'  class='avia-section av-zbmar4-5100f4dbcfcad87d55fb860f0a0062a8 main_color avia-section-large avia-no-border-styling  avia-builder-el-0  avia-builder-el-no-sibling  avia-bg-style-scroll container_wrap sidebar_right'  ><div class='container av-section-cont-open' ><main  role=\"main\" itemprop=\"mainContentOfPage\"  class='template-page content  av-content-small alpha units'><div class='post-entry post-entry-type-page post-entry-4450'><div class='entry-content-wrapper clearfix'>\n\n<style type=\"text\/css\" data-created_by=\"avia_inline_auto\" id=\"style-css-av-s0nzps-6cf93f02df4f071445ec901a1caefaa8\">\n.flex_column.av-s0nzps-6cf93f02df4f071445ec901a1caefaa8{\nborder-radius:0px 0px 0px 0px;\npadding:0px 0px 0px 0px;\n}\n<\/style>\n<div  class='flex_column av-s0nzps-6cf93f02df4f071445ec901a1caefaa8 av_one_half  avia-builder-el-1  el_before_av_one_half  avia-builder-el-first  first flex_column_div av-zero-column-padding  '     ><p>\n<style type=\"text\/css\" data-created_by=\"avia_inline_auto\" id=\"style-css-av-lhht0zxf-bf8309a4c62b6b0f46e319e75bda6aaa\">\n#top .av-special-heading.av-lhht0zxf-bf8309a4c62b6b0f46e319e75bda6aaa{\npadding-bottom:0;\n}\nbody .av-special-heading.av-lhht0zxf-bf8309a4c62b6b0f46e319e75bda6aaa .av-special-heading-tag .heading-char{\nfont-size:25px;\n}\n.av-special-heading.av-lhht0zxf-bf8309a4c62b6b0f46e319e75bda6aaa .av-subheading{\nfont-size:15px;\n}\n<\/style>\n<div  class='av-special-heading av-lhht0zxf-bf8309a4c62b6b0f46e319e75bda6aaa av-special-heading-h2 blockquote modern-quote  avia-builder-el-2  el_before_av_codeblock  avia-builder-el-first  av-thin-font'><h2 class='av-special-heading-tag '  itemprop=\"headline\"  >R\u00e9servez <strong> en ligne<\/strong><\/h2><div class=\"special-heading-border\"><div class=\"special-heading-inner-border\"><\/div><\/div><\/div><br \/>\n<\/p><\/div>\n<style type=\"text\/css\" data-created_by=\"avia_inline_auto\" id=\"style-css-av-s0nzps-112814f1084aeceb83d4ae66613035de\">\n.flex_column.av-s0nzps-112814f1084aeceb83d4ae66613035de{\nborder-radius:0px 0px 0px 0px;\npadding:0px 0px 0px 0px;\n}\n<\/style>\n<div  class='flex_column av-s0nzps-112814f1084aeceb83d4ae66613035de av_one_half  avia-builder-el-4  el_after_av_one_half  avia-builder-el-last  flex_column_div av-zero-column-padding  '     ><p>\n<style type=\"text\/css\" data-created_by=\"avia_inline_auto\" id=\"style-css-av-av_heading-02cca808d200bfcfc6ba4a007894855e\">\n#top .av-special-heading.av-av_heading-02cca808d200bfcfc6ba4a007894855e{\npadding-bottom:0;\n}\nbody .av-special-heading.av-av_heading-02cca808d200bfcfc6ba4a007894855e .av-special-heading-tag .heading-char{\nfont-size:25px;\n}\n.av-special-heading.av-av_heading-02cca808d200bfcfc6ba4a007894855e .av-subheading{\nfont-size:15px;\n}\n<\/style>\n<div  class='av-special-heading av-av_heading-02cca808d200bfcfc6ba4a007894855e av-special-heading-h2 blockquote modern-quote  avia-builder-el-5  el_before_av_textblock  avia-builder-el-first  av-thin-font'><h2 class='av-special-heading-tag '  itemprop=\"headline\"  >R\u00e9servez par <strong>t\u00e9l\u00e9phone<\/strong><\/h2><div class=\"special-heading-border\"><div class=\"special-heading-inner-border\"><\/div><\/div><\/div><br \/>\n\n<style type=\"text\/css\" data-created_by=\"avia_inline_auto\" id=\"style-css-av-not4z4-254e17a2dd53682cdb05c7e44ff1fcd2\">\n#top .av_textblock_section.av-not4z4-254e17a2dd53682cdb05c7e44ff1fcd2 .avia_textblock{\nfont-size:15px;\n}\n<\/style>\n<section  class='av_textblock_section av-not4z4-254e17a2dd53682cdb05c7e44ff1fcd2 '   itemscope=\"itemscope\" itemtype=\"https:\/\/schema.org\/CreativeWork\" ><div class='avia_textblock'  itemprop=\"text\" ><p>Pr\u00e9f\u00e9rez-vous demander la disponibilit\u00e9 par t\u00e9l\u00e9phone? <strong>Appelez-nous maintenant<\/strong>! Vous pouvez nous appeler tous les jours du 8 au 22 au <strong>+39 0565 95225<\/strong> ou au <strong>+39 0565 95449<\/strong><\/p>\n<\/div><\/section><br \/>\n\n<style type=\"text\/css\" data-created_by=\"avia_inline_auto\" id=\"style-css-av-mdfodc-382f3efae486a94113e248e36e0df076\">\n#top .hr.av-mdfodc-382f3efae486a94113e248e36e0df076{\nmargin-top:30px;\nmargin-bottom:30px;\n}\n.hr.av-mdfodc-382f3efae486a94113e248e36e0df076 .hr-inner{\nwidth:150px;\nmax-width:45%;\n}\n<\/style>\n<div  class='hr av-mdfodc-382f3efae486a94113e248e36e0df076 hr-custom  avia-builder-el-7  el_after_av_textblock  el_before_av_heading  hr-center hr-icon-yes'><span class='hr-inner inner-border-av-border-thin'><span class=\"hr-inner-style\"><\/span><\/span><span class='av-seperator-icon avia-iconfont avia-font-entypo-fontello' data-av_icon='\ue86e' data-av_iconfont='entypo-fontello' ><\/span><span class='hr-inner inner-border-av-border-thin'><span class=\"hr-inner-style\"><\/span><\/span><\/div><br \/>\n\n<style type=\"text\/css\" data-created_by=\"avia_inline_auto\" id=\"style-css-av-av_heading-e234c89d6fa570a24a141cd0ad89f8c1\">\n#top .av-special-heading.av-av_heading-e234c89d6fa570a24a141cd0ad89f8c1{\npadding-bottom:0;\n}\nbody .av-special-heading.av-av_heading-e234c89d6fa570a24a141cd0ad89f8c1 .av-special-heading-tag .heading-char{\nfont-size:25px;\n}\n.av-special-heading.av-av_heading-e234c89d6fa570a24a141cd0ad89f8c1 .av-subheading{\nfont-size:15px;\n}\n<\/style>\n<div  class='av-special-heading av-av_heading-e234c89d6fa570a24a141cd0ad89f8c1 av-special-heading-h2 blockquote modern-quote  avia-builder-el-8  el_after_av_hr  el_before_av_contact  av-thin-font'><h2 class='av-special-heading-tag '  itemprop=\"headline\"  >Envoyez une <strong>demande de disponibilit\u00e9<\/strong><\/h2><div class=\"special-heading-border\"><div class=\"special-heading-inner-border\"><\/div><\/div><\/div><br \/>\n<form action=\"https:\/\/www.caladimola.it\/fr\/reservation\/\" method=\"post\" data-fields-with-error=\"Erreurs trouv\u00e9es dans les champs suivants :\" class=\"avia_ajax_form av-form-labels-visible   avia-builder-el-9  el_after_av_heading  avia-builder-el-last   \" data-avia-form-id=\"1\" data-avia-redirect='http:\/\/www.caladimola.it\/fr\/merci\/' ><fieldset><p class='  first_form  form_element form_element_half' id='element_avia_1_1'><label for=\"avia_1_1\">Pr\u00e9nom <abbr class=\"required\" title=\"requis(e)\">*<\/abbr><\/label> <input name=\"avia_1_1\" class=\"text_input is_empty\" type=\"text\" id=\"avia_1_1\" value=\"\" \/><\/p><p class='  form_element form_element_half' id='element_avia_2_1'><label for=\"avia_2_1\">Nom <abbr class=\"required\" title=\"requis(e)\">*<\/abbr><\/label> <input name=\"avia_2_1\" class=\"text_input is_empty\" type=\"text\" id=\"avia_2_1\" value=\"\" \/><\/p><p class='  first_form  form_element form_element_half' id='element_avia_3_1'><label for=\"avia_3_1\">E-Mail <abbr class=\"required\" title=\"requis(e)\">*<\/abbr><\/label> <input name=\"avia_3_1\" class=\"text_input is_email\" type=\"text\" id=\"avia_3_1\" value=\"\" \/><\/p><p class='  form_element form_element_half' id='element_avia_4_1'><label for=\"avia_4_1\">T\u00e9l\u00e9phone <abbr class=\"required\" title=\"requis(e)\">*<\/abbr><\/label> <input name=\"avia_4_1\" class=\"text_input is_phone\" type=\"text\" id=\"avia_4_1\" value=\"\" \/><\/p><p class='  first_form  form_element form_element_half' id='element_avia_5_1'><label for=\"avia_5_1\">Date d\u2019arriv\u00e9e <abbr class=\"required\" title=\"requis(e)\">*<\/abbr><\/label> <input name=\"avia_5_1\" class=\"avia_datepicker text_input is_empty\" type=\"text\" id=\"avia_5_1\" value=\"\" placeholder=\"DD \/ MM \/ YY\" inputmode=\"none\" \/><\/p><p class='  form_element form_element_half' id='element_avia_6_1'><label for=\"avia_6_1\">Date de d\u00e9part <abbr class=\"required\" title=\"requis(e)\">*<\/abbr><\/label> <input name=\"avia_6_1\" class=\"avia_datepicker text_input is_empty\" type=\"text\" id=\"avia_6_1\" value=\"\" placeholder=\"DD \/ MM \/ YY\" inputmode=\"none\" \/><\/p><p class='  first_form  form_element form_element_half' id='element_avia_7_1'><label for=\"avia_7_1\">N. d\u2019adultes <abbr class=\"required\" title=\"requis(e)\">*<\/abbr><\/label> <input name=\"avia_7_1\" class=\"text_input is_number\" type=\"text\" id=\"avia_7_1\" value=\"\" \/><\/p><p class='  form_element form_element_half' id='element_avia_8_1'><label for=\"avia_8_1\">N. d\u2019enfants (3 ans) <abbr class=\"required\" title=\"requis(e)\">*<\/abbr><\/label> <input name=\"avia_8_1\" class=\"text_input is_number\" type=\"text\" id=\"avia_8_1\" value=\"\" \/><\/p><p class='  first_form  form_element form_fullwidth' id='element_avia_9_1'><label for=\"avia_9_1\" class=\"textare_label hidden textare_label_avia_9_1\">Message<\/label><textarea  name=\"avia_9_1\" class=\"text_area \" cols=\"40\" rows=\"7\" id=\"avia_9_1\" ><\/textarea><\/p><p class=\"hidden\"><input type=\"text\" name=\"avia_10_1\" class=\"hidden \" id=\"avia_10_1\" value=\"\" \/><\/p><p class='   form_element form_fullwidth av-last-visible-form-element' id='element_avia_11_1'><span class='value_verifier_label'>0 + 8 = ?<\/span><input name=\"avia_11_1_verifier\" type=\"hidden\" id=\"avia_11_1_verifier\" value=\"374452238\"\/><label for=\"avia_11_1\">Merci de prouver que vous \u00eates un humain en donnant le r\u00e9sultat de cette op\u00e9ration <abbr class=\"required\" title=\"requis(e)\">*<\/abbr><\/label><input name=\"avia_11_1\" class=\"text_input captcha\" type=\"text\" id=\"avia_11_1\" value=\"\"\/><\/p><p class=' av_form_privacy_check av_contact_privacy_check first_form  form_element form_fullwidth' id='element_avia_12_1'><input  name=\"avia_12_1\" class=\"input_checkbox is_empty\" type=\"checkbox\" id=\"avia_12_1\" value=\"true\"\/><label class=\"input_checkbox_label\" for=\"avia_12_1\">Acc\u00e9dez aux conditions et \u00e0 la <a href='https:\/\/www.caladimola.it\/privacy-policy-gdpr\/' target='_blank'>Privacy Policy<\/a> <abbr class=\"required\" title=\"requis(e)\">*<\/abbr><\/label><\/p><p class=\"form_element \"><input type=\"hidden\" value=\"1\" name=\"avia_generated_form1\" \/><input type=\"submit\" value=\"Envoyez une demande de disponibilit\u00e9\" class=\"button\"  data-sending-label=\"Envoi\"\/><\/p><\/fieldset><\/form><div id=\"ajaxresponse_1\" class=\"ajaxresponse ajaxresponse_1 hidden\"><\/div><\/p><\/div><\/div><\/div><\/main><!-- close content main element --><\/div><\/div><div id='after_section_1'  class='main_color av_default_container_wrap container_wrap sidebar_right'  ><div class='container av-section-cont-open' ><div class='template-page content  av-content-small alpha units'><div class='post-entry post-entry-type-page post-entry-4450'><div class='entry-content-wrapper clearfix'>\n","protected":false},"excerpt":{"rendered":"","protected":false},"author":1,"featured_media":0,"parent":0,"menu_order":0,"comment_status":"open","ping_status":"open","template":"","meta":{"footnotes":""},"class_list":["post-4450","page","type-page","status-publish","hentry"],"yoast_head":"<!-- This site is optimized with the Yoast SEO plugin v26.7 - https:\/\/yoast.com\/wordpress\/plugins\/seo\/ -->\n<title>R\u00e9servation - Hotel e Residence Cala di Mola<\/title>\n<meta name=\"robots\" content=\"index, follow, max-snippet:-1, max-image-preview:large, max-video-preview:-1\" \/>\n<link rel=\"canonical\" href=\"https:\/\/www.caladimola.it\/fr\/reservation\/\" \/>\n<meta property=\"og:locale\" content=\"fr_FR\" \/>\n<meta property=\"og:type\" content=\"article\" \/>\n<meta property=\"og:title\" content=\"R\u00e9servation - Hotel e Residence Cala di Mola\" \/>\n<meta property=\"og:url\" content=\"https:\/\/www.caladimola.it\/fr\/reservation\/\" \/>\n<meta property=\"og:site_name\" content=\"Hotel e Residence Cala di Mola\" \/>\n<meta property=\"article:modified_time\" content=\"2023-05-10T14:37:22+00:00\" \/>\n<meta name=\"twitter:card\" content=\"summary_large_image\" \/>\n<meta name=\"twitter:label1\" content=\"Dur\u00e9e de lecture estim\u00e9e\" \/>\n\t<meta name=\"twitter:data1\" content=\"2 minutes\" \/>\n<script type=\"application\/ld+json\" class=\"yoast-schema-graph\">{\"@context\":\"https:\/\/schema.org\",\"@graph\":[{\"@type\":\"WebPage\",\"@id\":\"https:\/\/www.caladimola.it\/fr\/reservation\/\",\"url\":\"https:\/\/www.caladimola.it\/fr\/reservation\/\",\"name\":\"R\u00e9servation - Hotel e Residence Cala di Mola\",\"isPartOf\":{\"@id\":\"https:\/\/www.caladimola.it\/#website\"},\"datePublished\":\"2015-10-02T15:14:46+00:00\",\"dateModified\":\"2023-05-10T14:37:22+00:00\",\"breadcrumb\":{\"@id\":\"https:\/\/www.caladimola.it\/fr\/reservation\/#breadcrumb\"},\"inLanguage\":\"fr-FR\",\"potentialAction\":[{\"@type\":\"ReadAction\",\"target\":[\"https:\/\/www.caladimola.it\/fr\/reservation\/\"]}]},{\"@type\":\"BreadcrumbList\",\"@id\":\"https:\/\/www.caladimola.it\/fr\/reservation\/#breadcrumb\",\"itemListElement\":[{\"@type\":\"ListItem\",\"position\":1,\"name\":\"Home\",\"item\":\"https:\/\/www.caladimola.it\/fr\/home-fra\/\"},{\"@type\":\"ListItem\",\"position\":2,\"name\":\"R\u00e9servation\"}]},{\"@type\":\"WebSite\",\"@id\":\"https:\/\/www.caladimola.it\/#website\",\"url\":\"https:\/\/www.caladimola.it\/\",\"name\":\"Hotel e Residence Cala di Mola\",\"description\":\"Hotel e Residence a Porto Azzurro Isola D&#039;Elba\",\"publisher\":{\"@id\":\"https:\/\/www.caladimola.it\/#organization\"},\"potentialAction\":[{\"@type\":\"SearchAction\",\"target\":{\"@type\":\"EntryPoint\",\"urlTemplate\":\"https:\/\/www.caladimola.it\/?s={search_term_string}\"},\"query-input\":{\"@type\":\"PropertyValueSpecification\",\"valueRequired\":true,\"valueName\":\"search_term_string\"}}],\"inLanguage\":\"fr-FR\"},{\"@type\":\"Organization\",\"@id\":\"https:\/\/www.caladimola.it\/#organization\",\"name\":\"Hotel & Residence Cala di Mola\",\"url\":\"https:\/\/www.caladimola.it\/\",\"logo\":{\"@type\":\"ImageObject\",\"inLanguage\":\"fr-FR\",\"@id\":\"https:\/\/www.caladimola.it\/#\/schema\/logo\/image\/\",\"url\":\"https:\/\/www.caladimola.it\/wp-content\/uploads\/sites\/2\/2015\/03\/logo-cala-di-mola-blu.png\",\"contentUrl\":\"https:\/\/www.caladimola.it\/wp-content\/uploads\/sites\/2\/2015\/03\/logo-cala-di-mola-blu.png\",\"width\":250,\"height\":148,\"caption\":\"Hotel & Residence Cala di Mola\"},\"image\":{\"@id\":\"https:\/\/www.caladimola.it\/#\/schema\/logo\/image\/\"}}]}<\/script>\n<!-- \/ Yoast SEO plugin. -->","yoast_head_json":{"title":"R\u00e9servation - Hotel e Residence Cala di Mola","robots":{"index":"index","follow":"follow","max-snippet":"max-snippet:-1","max-image-preview":"max-image-preview:large","max-video-preview":"max-video-preview:-1"},"canonical":"https:\/\/www.caladimola.it\/fr\/reservation\/","og_locale":"fr_FR","og_type":"article","og_title":"R\u00e9servation - Hotel e Residence Cala di Mola","og_url":"https:\/\/www.caladimola.it\/fr\/reservation\/","og_site_name":"Hotel e Residence Cala di Mola","article_modified_time":"2023-05-10T14:37:22+00:00","twitter_card":"summary_large_image","twitter_misc":{"Dur\u00e9e de lecture estim\u00e9e":"2 minutes"},"schema":{"@context":"https:\/\/schema.org","@graph":[{"@type":"WebPage","@id":"https:\/\/www.caladimola.it\/fr\/reservation\/","url":"https:\/\/www.caladimola.it\/fr\/reservation\/","name":"R\u00e9servation - Hotel e Residence Cala di Mola","isPartOf":{"@id":"https:\/\/www.caladimola.it\/#website"},"datePublished":"2015-10-02T15:14:46+00:00","dateModified":"2023-05-10T14:37:22+00:00","breadcrumb":{"@id":"https:\/\/www.caladimola.it\/fr\/reservation\/#breadcrumb"},"inLanguage":"fr-FR","potentialAction":[{"@type":"ReadAction","target":["https:\/\/www.caladimola.it\/fr\/reservation\/"]}]},{"@type":"BreadcrumbList","@id":"https:\/\/www.caladimola.it\/fr\/reservation\/#breadcrumb","itemListElement":[{"@type":"ListItem","position":1,"name":"Home","item":"https:\/\/www.caladimola.it\/fr\/home-fra\/"},{"@type":"ListItem","position":2,"name":"R\u00e9servation"}]},{"@type":"WebSite","@id":"https:\/\/www.caladimola.it\/#website","url":"https:\/\/www.caladimola.it\/","name":"Hotel e Residence Cala di Mola","description":"Hotel e Residence a Porto Azzurro Isola D&#039;Elba","publisher":{"@id":"https:\/\/www.caladimola.it\/#organization"},"potentialAction":[{"@type":"SearchAction","target":{"@type":"EntryPoint","urlTemplate":"https:\/\/www.caladimola.it\/?s={search_term_string}"},"query-input":{"@type":"PropertyValueSpecification","valueRequired":true,"valueName":"search_term_string"}}],"inLanguage":"fr-FR"},{"@type":"Organization","@id":"https:\/\/www.caladimola.it\/#organization","name":"Hotel & Residence Cala di Mola","url":"https:\/\/www.caladimola.it\/","logo":{"@type":"ImageObject","inLanguage":"fr-FR","@id":"https:\/\/www.caladimola.it\/#\/schema\/logo\/image\/","url":"https:\/\/www.caladimola.it\/wp-content\/uploads\/sites\/2\/2015\/03\/logo-cala-di-mola-blu.png","contentUrl":"https:\/\/www.caladimola.it\/wp-content\/uploads\/sites\/2\/2015\/03\/logo-cala-di-mola-blu.png","width":250,"height":148,"caption":"Hotel & Residence Cala di Mola"},"image":{"@id":"https:\/\/www.caladimola.it\/#\/schema\/logo\/image\/"}}]}},"_links":{"self":[{"href":"https:\/\/www.caladimola.it\/fr\/wp-json\/wp\/v2\/pages\/4450","targetHints":{"allow":["GET"]}}],"collection":[{"href":"https:\/\/www.caladimola.it\/fr\/wp-json\/wp\/v2\/pages"}],"about":[{"href":"https:\/\/www.caladimola.it\/fr\/wp-json\/wp\/v2\/types\/page"}],"author":[{"embeddable":true,"href":"https:\/\/www.caladimola.it\/fr\/wp-json\/wp\/v2\/users\/1"}],"replies":[{"embeddable":true,"href":"https:\/\/www.caladimola.it\/fr\/wp-json\/wp\/v2\/comments?post=4450"}],"version-history":[{"count":16,"href":"https:\/\/www.caladimola.it\/fr\/wp-json\/wp\/v2\/pages\/4450\/revisions"}],"predecessor-version":[{"id":5999,"href":"https:\/\/www.caladimola.it\/fr\/wp-json\/wp\/v2\/pages\/4450\/revisions\/5999"}],"wp:attachment":[{"href":"https:\/\/www.caladimola.it\/fr\/wp-json\/wp\/v2\/media?parent=4450"}],"curies":[{"name":"wp","href":"https:\/\/api.w.org\/{rel}","templated":true}]}}