{"id":4455,"date":"2015-10-02T15:15:59","date_gmt":"2015-10-02T15:15:59","guid":{"rendered":"http:\/\/www.caladimola.it\/fr\/?page_id=4455"},"modified":"2019-03-22T10:55:13","modified_gmt":"2019-03-22T10:55:13","slug":"comment-arriver","status":"publish","type":"page","link":"https:\/\/www.caladimola.it\/fr\/comment-arriver\/","title":{"rendered":"Comment arriver"},"content":{"rendered":"<div  class='av_gmaps_sc_main_wrap av_gmaps_main_wrap '><div id='av_gmap_0' class='avia-google-map-container avia-google-map-sc av_gmaps_show_unconditionally av-no-fallback-img ' data-mapid='av_gmap_0'  style='height: 500px;'><a class=\"av_gmaps_browser_disabled av_text_confirm_link av_text_confirm_link_visible\" href=\"https:\/\/www.google.com\/maps\/search\/?api=1&#038;query=Strada%20Provinciale%20Ovest,%20131%20%20Porto%20Azzurro\" target=\"_blank\">Les cartes ont \u00e9t\u00e9 d\u00e9sactiv\u00e9es par le visiteur sur ce site. Cliquer pour ouvrir la carte dans une nouvelle fen\u00eatre.<\/a><\/div><\/div>\n<article  class='iconbox iconbox_top av-av_icon_box-8533e70bae14087de17449dde64359ca  avia-builder-el-1  el_after_av_google_map  el_before_av_heading  avia-builder-el-first  main_color'  itemscope=\"itemscope\" itemtype=\"https:\/\/schema.org\/CreativeWork\" ><div class=\"iconbox_content\"><header class=\"entry-content-header\" aria-label=\"Ic\u00f4ne : Hotel &amp; Residence Cala di Mola \"><div class='iconbox_icon heading-color avia-iconfont avia-font-entypo-fontello' data-av_icon='\ue81e' data-av_iconfont='entypo-fontello'  ><\/div><h3 class='iconbox_content_title '  itemprop=\"headline\" >Hotel &amp; Residence Cala di Mola <\/h3><\/header><div class='iconbox_content_container '  itemprop=\"text\" ><p>Via Provinciale Ovest, 131 57036 Porto Azzurro (LI)\u00a0T\u00e9l\u00e9phone\u00a0 +39 0565 95225 o +39 0565 95449 Telefax +39 0565 958395 E-mail:\u00a0info@caladimola.it<\/p>\n<\/div><\/div><footer class=\"entry-footer\"><\/footer><\/article>\n\n<style type=\"text\/css\" data-created_by=\"avia_inline_auto\" id=\"style-css-av-av_heading-a46a9896d935773769c6a20457c31aa8\">\n#top .av-special-heading.av-av_heading-a46a9896d935773769c6a20457c31aa8{\npadding-bottom:5px;\n}\nbody .av-special-heading.av-av_heading-a46a9896d935773769c6a20457c31aa8 .av-special-heading-tag .heading-char{\nfont-size:25px;\n}\n.av-special-heading.av-av_heading-a46a9896d935773769c6a20457c31aa8 .av-subheading{\nfont-size:15px;\n}\n<\/style>\n<div  class='av-special-heading av-av_heading-a46a9896d935773769c6a20457c31aa8 av-special-heading-h1 blockquote modern-quote modern-centered  avia-builder-el-2  el_after_av_icon_box  el_before_av_textblock '><h1 class='av-special-heading-tag '  itemprop=\"headline\"  >Comment arriver Cala di Mola <\/h1><div class=\"special-heading-border\"><div class=\"special-heading-inner-border\"><\/div><\/div><\/div>\n\n<style type=\"text\/css\" data-created_by=\"avia_inline_auto\" id=\"style-css-av-av_textblock-fae8699d538200a543ba402659dba9b0\">\n#top .av_textblock_section.av-av_textblock-fae8699d538200a543ba402659dba9b0 .avia_textblock{\nfont-size:16px;\n}\n<\/style>\n<section  class='av_textblock_section av-av_textblock-fae8699d538200a543ba402659dba9b0 '   itemscope=\"itemscope\" itemtype=\"https:\/\/schema.org\/CreativeWork\" ><div class='avia_textblock'  itemprop=\"text\" ><p>L&rsquo;Ile d&rsquo;Elbe, la plus grande des \u00eeles de l&rsquo;Archipel Toscan, se trouve \u00e0 pr\u00e8s de 10km du continent et on peut y arriver:<\/p>\n<ol>\n<li><strong>auto + ferry (embarquement \u00e0 Piombino)<\/strong><\/li>\n<li><strong>train + ferry (embarquement \u00e0 Piombino)<\/strong><\/li>\n<li><strong>avion<\/strong><\/li>\n<\/ol>\n<\/div><\/section>\n\n<style type=\"text\/css\" data-created_by=\"avia_inline_auto\" id=\"style-css-av-av_hr-83aa2fb8ad6d49f898e81d0772ccea63\">\n#top .hr.av-av_hr-83aa2fb8ad6d49f898e81d0772ccea63{\nmargin-top:30px;\nmargin-bottom:30px;\n}\n.hr.av-av_hr-83aa2fb8ad6d49f898e81d0772ccea63 .hr-inner{\nwidth:350px;\nmax-width:45%;\n}\n<\/style>\n<div  class='hr av-av_hr-83aa2fb8ad6d49f898e81d0772ccea63 hr-custom  avia-builder-el-4  el_after_av_textblock  el_before_av_heading  hr-center hr-icon-yes'><span class='hr-inner inner-border-av-border-thin'><span class=\"hr-inner-style\"><\/span><\/span><span class='av-seperator-icon avia-iconfont avia-font-entypo-fontello' data-av_icon='\ue8bd' data-av_iconfont='entypo-fontello' ><\/span><span class='hr-inner inner-border-av-border-thin'><span class=\"hr-inner-style\"><\/span><\/span><\/div>\n\n<style type=\"text\/css\" data-created_by=\"avia_inline_auto\" id=\"style-css-av-av_heading-4c0cb4113db6f7112f4f3cde72a6bea7\">\n#top .av-special-heading.av-av_heading-4c0cb4113db6f7112f4f3cde72a6bea7{\npadding-bottom:10px;\n}\nbody .av-special-heading.av-av_heading-4c0cb4113db6f7112f4f3cde72a6bea7 .av-special-heading-tag .heading-char{\nfont-size:25px;\n}\n.av-special-heading.av-av_heading-4c0cb4113db6f7112f4f3cde72a6bea7 .av-subheading{\nfont-size:15px;\n}\n<\/style>\n<div  class='av-special-heading av-av_heading-4c0cb4113db6f7112f4f3cde72a6bea7 av-special-heading-h3 blockquote modern-quote  avia-builder-el-5  el_after_av_hr  el_before_av_textblock '><h3 class='av-special-heading-tag '  itemprop=\"headline\"  >Auto + Ferry<\/h3><div class=\"special-heading-border\"><div class=\"special-heading-inner-border\"><\/div><\/div><\/div>\n\n<style type=\"text\/css\" data-created_by=\"avia_inline_auto\" id=\"style-css-av-jtjy79wt-6b2aec6a9845b93cf6589c8178901100\">\n#top .av_textblock_section.av-jtjy79wt-6b2aec6a9845b93cf6589c8178901100 .avia_textblock{\nfont-size:16px;\n}\n<\/style>\n<section  class='av_textblock_section av-jtjy79wt-6b2aec6a9845b93cf6589c8178901100 '   itemscope=\"itemscope\" itemtype=\"https:\/\/schema.org\/CreativeWork\" ><div class='avia_textblock'  itemprop=\"text\" ><p>Si vous choisissez de voyager en auto, vous devrez rejoindre le port de Piombino en parcourant la route Aurelia. Vous prendrez la direction Livourne-Rome pour ceux qui viennent du nord ou bien\u00a0 la direction Rome-Livourne pour ceux qui viennent du sud, il faudra sortir \u00e0 Venturina.<\/p>\n<p>Pour des conseils et informations sur les distances et parcours, vous pouvez consulter le site <a href=\"http:\/\/www.viamichelin.it\" target=\"_blank\" rel=\"noopener\">www.viamichelin.it<\/a>.<img loading=\"lazy\" decoding=\"async\" class=\"alignright size-medium wp-image-298\" title=\"portoferraio\" src=\"http:\/\/www.caladimola.it\/wp-content\/uploads\/2012\/03\/portoferraio-300x200.jpg\" alt=\"\" width=\"300\" height=\"200\" \/> Du port de Piombino, vous pouvez embarquer sur des ferry-boat de la compagnie \u00ab\u00a0Toremar\u00a0\u00bb ou \u00ab\u00a0Mobylines\u00a0\u00bb OU \u201cBlunavy\u201d.<\/p>\n<p>Dur\u00e9e de la travers\u00e9e: une heure environ. \u2028Port d&rsquo; arriv\u00e9e: Portoferraio, Rio Marina, Cavo\u2028\u2028Pour avoir des informations sur les horaires, tarifs et r\u00e9servations, vous pouvez consulter:<\/p>\n<ul>\n<li>TOREMAR: sito:<a href=\"http:\/\/www.toremar.it\" target=\"_blank\" rel=\"noopener\"> www.toremar.it<\/a>,\u00a0e-mail: <a href=\"mailto:callcenter@toremar.it\" target=\"_blank\" rel=\"noopener\">callcenter@toremar.it<\/a>,\u00a0call center: 800304035 Bureaux Toremar: Piombino \u2013 nuova stazione marittima\u00a0\u00a0\u00a0\u00a0 T\u00e9l 0565 31100 \u2013 Fax 0565 35294 Portoferraio \u2013 calata italia 36\u00a0\u00a0\u00a0\u00a0\u00a0\u00a0\u00a0\u00a0 \u00a0\u00a0\u00a0\u00a0\u00a0\u00a0\u00a0 Tel 0565 918080 \u2013 Fax 0565 914717 Rio Marina \u2013 banchina dei voltoni 2\u00a0\u00a0\u00a0\u00a0\u00a0\u00a0 T\u00e9l 0565 962073 &#8211; Fax 0565 962568<\/li>\n<li>MOBY LINES: sito: <a href=\"http:\/\/www.moby.it\" target=\"_blank\" rel=\"noopener\">www.moby.it<\/a>,\u00a0e-mail: <a href=\"mailto:info@moby.it\" target=\"_blank\" rel=\"noopener\">info@moby.it<\/a>\u00a0Moby Offices: Piombino \u2013 nouvelle gare marittime\u00a0 \u00a0T\u00e9l 0565 221212 \u2013 Fax 0565 220781 Portoferraio \u2013\u00a0gare maritime\u00a0 \u00a0 \u00a0 \u00a0 \u00a0Tel 0565 914133 \u2013 Fax 0565 917652<\/li>\n<li>BLU NAVY: sito: <a href=\"http:\/\/www.blunavytraghetti.com\" target=\"_blank\" rel=\"noopener\">www.blunavytraghetti.com<\/a>,\u00a0e-mail: <a href=\"mailto:info@blunavytraghetti.com\" target=\"_blank\" rel=\"noopener\">info@blunavytraghetti.com<\/a>,\u00a0Call Center 0565 225833 Blu Navy Offices: Piombino \u2013 nouvelle gare maritime\u00a0 \u00a0T\u00e9l 0565 229014 \u2013 Fax 0565 227557 Portoferraio \u2013 calata italia 8\u00a0\u00a0\u00a0\u00a0\u00a0\u00a0\u00a0\u00a0\u00a0\u00a0\u00a0\u00a0\u00a0\u00a0\u00a0\u00a0 Tel 0565 919797 \u2013 Fax 0565 919894<\/li>\n<\/ul>\n<\/div><\/section>\n\n<style type=\"text\/css\" data-created_by=\"avia_inline_auto\" id=\"style-css-av-av_hr-6a7e5c3a4468fb6fa408080095c6af93\">\n#top .hr.av-av_hr-6a7e5c3a4468fb6fa408080095c6af93{\nmargin-top:30px;\nmargin-bottom:30px;\n}\n.hr.av-av_hr-6a7e5c3a4468fb6fa408080095c6af93 .hr-inner{\nwidth:350px;\nmax-width:45%;\n}\n<\/style>\n<div  class='hr av-av_hr-6a7e5c3a4468fb6fa408080095c6af93 hr-custom  avia-builder-el-7  el_after_av_textblock  el_before_av_heading  hr-center hr-icon-yes'><span class='hr-inner inner-border-av-border-thin'><span class=\"hr-inner-style\"><\/span><\/span><span class='av-seperator-icon avia-iconfont avia-font-entypo-fontello' data-av_icon='\ue8be' data-av_iconfont='entypo-fontello' ><\/span><span class='hr-inner inner-border-av-border-thin'><span class=\"hr-inner-style\"><\/span><\/span><\/div>\n\n<style type=\"text\/css\" data-created_by=\"avia_inline_auto\" id=\"style-css-av-av_heading-f5d2678909660f9e85892a4ccc8b9e08\">\n#top .av-special-heading.av-av_heading-f5d2678909660f9e85892a4ccc8b9e08{\npadding-bottom:10px;\n}\nbody .av-special-heading.av-av_heading-f5d2678909660f9e85892a4ccc8b9e08 .av-special-heading-tag .heading-char{\nfont-size:25px;\n}\n.av-special-heading.av-av_heading-f5d2678909660f9e85892a4ccc8b9e08 .av-subheading{\nfont-size:15px;\n}\n<\/style>\n<div  class='av-special-heading av-av_heading-f5d2678909660f9e85892a4ccc8b9e08 av-special-heading-h3 blockquote modern-quote  avia-builder-el-8  el_after_av_hr  el_before_av_textblock '><h3 class='av-special-heading-tag '  itemprop=\"headline\"  >Train + Ferry<\/h3><div class=\"special-heading-border\"><div class=\"special-heading-inner-border\"><\/div><\/div><\/div>\n\n<style type=\"text\/css\" data-created_by=\"avia_inline_auto\" id=\"style-css-av-av_textblock-fae8699d538200a543ba402659dba9b0\">\n#top .av_textblock_section.av-av_textblock-fae8699d538200a543ba402659dba9b0 .avia_textblock{\nfont-size:16px;\n}\n<\/style>\n<section  class='av_textblock_section av-av_textblock-fae8699d538200a543ba402659dba9b0 '   itemscope=\"itemscope\" itemtype=\"https:\/\/schema.org\/CreativeWork\" ><div class='avia_textblock'  itemprop=\"text\" ><p>Si vous choisissez de voyager en train, vous devrez parcourir la ligne Rome-Livourne-G\u00eanes pour ceux qui viennent du sud ou bien G\u00eanes-Livourne-Rome pour ceux qui viennent du nord avec arr\u00eat \u00e0 Campiglia maritime.<\/p>\n<p>De cette gare, les correspondances peuvent se faire en autobus ou en train pour le port de Piombino avec arr\u00eat pr\u00e8s des embarquements des ferry-boat.<\/p>\n<p>Pour avoir des informations sur les horaires des trains, veuillez consulter le site\u00a0<a href=\"http:\/\/www.trenitalia.it\" target=\"_blank\" rel=\"noopener\">www.trenitalia.it<\/a>.<\/p>\n<p>Du port de Piombino, on peut s\u2019embarquer sur les ferry-boat de la compagnie \u201cToremar\u201d ou \u201cMobylines\u201d ou \u201cBlu Navy\u201d.<\/p>\n<p>Dur\u00e9e de la travers\u00e9e: une heure environ. Port d&rsquo; arriv\u00e9e: Portoferraio, Rio Marina, Cavo<\/p>\n<p>Pour avoir des informations sur les horaires, tarifs et r\u00e9servations, vous pouvez consulter:<\/p>\n<\/div><\/section>\n\n<style type=\"text\/css\" data-created_by=\"avia_inline_auto\" id=\"style-css-av-av_hr-13351c4225ddff39202194037d76967e\">\n#top .hr.av-av_hr-13351c4225ddff39202194037d76967e{\nmargin-top:30px;\nmargin-bottom:30px;\n}\n.hr.av-av_hr-13351c4225ddff39202194037d76967e .hr-inner{\nwidth:350px;\nmax-width:45%;\n}\n<\/style>\n<div  class='hr av-av_hr-13351c4225ddff39202194037d76967e hr-custom  avia-builder-el-10  el_after_av_textblock  el_before_av_heading  hr-center hr-icon-yes'><span class='hr-inner inner-border-av-border-thin'><span class=\"hr-inner-style\"><\/span><\/span><span class='av-seperator-icon avia-iconfont avia-font-entypo-fontello' data-av_icon='\ue8bf' data-av_iconfont='entypo-fontello' ><\/span><span class='hr-inner inner-border-av-border-thin'><span class=\"hr-inner-style\"><\/span><\/span><\/div>\n\n<style type=\"text\/css\" data-created_by=\"avia_inline_auto\" id=\"style-css-av-av_heading-a70bf5e4408f1eaab0e64f0d8ba4c325\">\n#top .av-special-heading.av-av_heading-a70bf5e4408f1eaab0e64f0d8ba4c325{\npadding-bottom:10px;\n}\nbody .av-special-heading.av-av_heading-a70bf5e4408f1eaab0e64f0d8ba4c325 .av-special-heading-tag .heading-char{\nfont-size:25px;\n}\n.av-special-heading.av-av_heading-a70bf5e4408f1eaab0e64f0d8ba4c325 .av-subheading{\nfont-size:15px;\n}\n<\/style>\n<div  class='av-special-heading av-av_heading-a70bf5e4408f1eaab0e64f0d8ba4c325 av-special-heading-h3 blockquote modern-quote  avia-builder-el-11  el_after_av_hr  el_before_av_textblock '><h3 class='av-special-heading-tag '  itemprop=\"headline\"  >By Airplane <\/h3><div class=\"special-heading-border\"><div class=\"special-heading-inner-border\"><\/div><\/div><\/div>\n\n<style type=\"text\/css\" data-created_by=\"avia_inline_auto\" id=\"style-css-av-jin9mjkp-6e70d76106d58155d20e37a96231c665\">\n#top .av_textblock_section.av-jin9mjkp-6e70d76106d58155d20e37a96231c665 .avia_textblock{\nfont-size:16px;\n}\n<\/style>\n<section  class='av_textblock_section av-jin9mjkp-6e70d76106d58155d20e37a96231c665 '   itemscope=\"itemscope\" itemtype=\"https:\/\/schema.org\/CreativeWork\" ><div class='avia_textblock'  itemprop=\"text\" ><p><a href=\"https:\/\/www.caladimola.it\/wp-content\/uploads\/sites\/2\/2018\/06\/aeroporto_2010-400x300.jpg\"><img loading=\"lazy\" decoding=\"async\" class=\"alignleft size-medium wp-image-5525\" src=\"https:\/\/www.caladimola.it\/wp-content\/uploads\/sites\/2\/2018\/06\/aeroporto_2010-400x300-300x225.jpg\" alt=\"\" width=\"300\" height=\"225\" srcset=\"https:\/\/www.caladimola.it\/wp-content\/uploads\/sites\/2\/2018\/06\/aeroporto_2010-400x300-300x225.jpg 300w, https:\/\/www.caladimola.it\/wp-content\/uploads\/sites\/2\/2018\/06\/aeroporto_2010-400x300.jpg 400w\" sizes=\"auto, (max-width: 300px) 100vw, 300px\" \/><\/a><\/p>\n<p>Pour ceux qui d\u00e9sirent\u00a0 voyager en avion, un petit a\u00e9roport est ouvert sur l&rsquo;\u00eele dans la localit\u00e9 \u00ab\u00a0La Pila\u00a0\u00bb \u00e0 2 km de Marina di Campo. La compagnie Silver Air relie toute l\u2019ann\u00e9e Pise, Florence, Milan Linate et Lugano (printemps-\u00e9t\u00e9) \u00e0 l\u2019a\u00e9roport de Marina di Campo avec des connexions pratiques des principales villes europ\u00e9ennes.<\/p>\n<p><a href=\"https:\/\/www.silverairitalia.it\/index.php?option=com_content&lt;emid=525&amp;id=287&amp;lang=it&amp;view=article\" target=\"_blank\" rel=\"noopener\"><img loading=\"lazy\" decoding=\"async\" class=\"alignleft\" src=\"https:\/\/www.silverairitalia.it\/images\/banner\/bnr-silverairitalia-468x60-it.gif\" alt=\"\" width=\"0\" height=\"0\" \/><\/a><\/p>\n<p>(voici un link au banner dynamique de la compagnie a\u00e9rienne \u00e0 ajouter dans le site !!!!!!)<\/p>\n<p>Pour d\u2019autres informations, veuillez contacter :<\/p>\n<p>A\u00e9roport \u201dLa Pila\u201d Tel 0565 976011<\/p>\n<p>e-mail: <a href=\"mailto:alatoscana@elba-airport.it\">alatoscana@elba-airport.it<\/a><\/p>\n<\/div><\/section>\n","protected":false},"excerpt":{"rendered":"","protected":false},"author":1,"featured_media":0,"parent":0,"menu_order":0,"comment_status":"open","ping_status":"open","template":"","meta":{"footnotes":""},"class_list":["post-4455","page","type-page","status-publish","hentry"],"yoast_head":"<!-- This site is optimized with the Yoast SEO plugin v26.7 - https:\/\/yoast.com\/wordpress\/plugins\/seo\/ -->\n<title>Comment arriver - Hotel e Residence Cala di Mola<\/title>\n<meta name=\"robots\" content=\"index, follow, max-snippet:-1, max-image-preview:large, max-video-preview:-1\" \/>\n<link rel=\"canonical\" href=\"https:\/\/www.caladimola.it\/fr\/comment-arriver\/\" \/>\n<meta property=\"og:locale\" content=\"fr_FR\" \/>\n<meta property=\"og:type\" content=\"article\" \/>\n<meta property=\"og:title\" content=\"Comment arriver - Hotel e Residence Cala di Mola\" \/>\n<meta property=\"og:url\" content=\"https:\/\/www.caladimola.it\/fr\/comment-arriver\/\" \/>\n<meta property=\"og:site_name\" content=\"Hotel e Residence Cala di Mola\" \/>\n<meta property=\"article:modified_time\" content=\"2019-03-22T10:55:13+00:00\" \/>\n<meta property=\"og:image\" content=\"http:\/\/www.caladimola.it\/wp-content\/uploads\/2012\/03\/portoferraio-300x200.jpg\" \/>\n<meta name=\"twitter:card\" content=\"summary_large_image\" \/>\n<meta name=\"twitter:label1\" content=\"Dur\u00e9e de lecture estim\u00e9e\" \/>\n\t<meta name=\"twitter:data1\" content=\"5 minutes\" \/>\n<script type=\"application\/ld+json\" class=\"yoast-schema-graph\">{\"@context\":\"https:\/\/schema.org\",\"@graph\":[{\"@type\":\"WebPage\",\"@id\":\"https:\/\/www.caladimola.it\/fr\/comment-arriver\/\",\"url\":\"https:\/\/www.caladimola.it\/fr\/comment-arriver\/\",\"name\":\"Comment arriver - Hotel e Residence Cala di Mola\",\"isPartOf\":{\"@id\":\"https:\/\/www.caladimola.it\/#website\"},\"primaryImageOfPage\":{\"@id\":\"https:\/\/www.caladimola.it\/fr\/comment-arriver\/#primaryimage\"},\"image\":{\"@id\":\"https:\/\/www.caladimola.it\/fr\/comment-arriver\/#primaryimage\"},\"thumbnailUrl\":\"http:\/\/www.caladimola.it\/wp-content\/uploads\/2012\/03\/portoferraio-300x200.jpg\",\"datePublished\":\"2015-10-02T15:15:59+00:00\",\"dateModified\":\"2019-03-22T10:55:13+00:00\",\"breadcrumb\":{\"@id\":\"https:\/\/www.caladimola.it\/fr\/comment-arriver\/#breadcrumb\"},\"inLanguage\":\"fr-FR\",\"potentialAction\":[{\"@type\":\"ReadAction\",\"target\":[\"https:\/\/www.caladimola.it\/fr\/comment-arriver\/\"]}]},{\"@type\":\"ImageObject\",\"inLanguage\":\"fr-FR\",\"@id\":\"https:\/\/www.caladimola.it\/fr\/comment-arriver\/#primaryimage\",\"url\":\"http:\/\/www.caladimola.it\/wp-content\/uploads\/2012\/03\/portoferraio-300x200.jpg\",\"contentUrl\":\"http:\/\/www.caladimola.it\/wp-content\/uploads\/2012\/03\/portoferraio-300x200.jpg\"},{\"@type\":\"BreadcrumbList\",\"@id\":\"https:\/\/www.caladimola.it\/fr\/comment-arriver\/#breadcrumb\",\"itemListElement\":[{\"@type\":\"ListItem\",\"position\":1,\"name\":\"Home\",\"item\":\"https:\/\/www.caladimola.it\/fr\/home-fra\/\"},{\"@type\":\"ListItem\",\"position\":2,\"name\":\"Comment arriver\"}]},{\"@type\":\"WebSite\",\"@id\":\"https:\/\/www.caladimola.it\/#website\",\"url\":\"https:\/\/www.caladimola.it\/\",\"name\":\"Hotel e Residence Cala di Mola\",\"description\":\"Hotel e Residence a Porto Azzurro Isola D&#039;Elba\",\"publisher\":{\"@id\":\"https:\/\/www.caladimola.it\/#organization\"},\"potentialAction\":[{\"@type\":\"SearchAction\",\"target\":{\"@type\":\"EntryPoint\",\"urlTemplate\":\"https:\/\/www.caladimola.it\/?s={search_term_string}\"},\"query-input\":{\"@type\":\"PropertyValueSpecification\",\"valueRequired\":true,\"valueName\":\"search_term_string\"}}],\"inLanguage\":\"fr-FR\"},{\"@type\":\"Organization\",\"@id\":\"https:\/\/www.caladimola.it\/#organization\",\"name\":\"Hotel & Residence Cala di Mola\",\"url\":\"https:\/\/www.caladimola.it\/\",\"logo\":{\"@type\":\"ImageObject\",\"inLanguage\":\"fr-FR\",\"@id\":\"https:\/\/www.caladimola.it\/#\/schema\/logo\/image\/\",\"url\":\"https:\/\/www.caladimola.it\/wp-content\/uploads\/sites\/2\/2015\/03\/logo-cala-di-mola-blu.png\",\"contentUrl\":\"https:\/\/www.caladimola.it\/wp-content\/uploads\/sites\/2\/2015\/03\/logo-cala-di-mola-blu.png\",\"width\":250,\"height\":148,\"caption\":\"Hotel & Residence Cala di Mola\"},\"image\":{\"@id\":\"https:\/\/www.caladimola.it\/#\/schema\/logo\/image\/\"}}]}<\/script>\n<!-- \/ Yoast SEO plugin. -->","yoast_head_json":{"title":"Comment arriver - Hotel e Residence Cala di Mola","robots":{"index":"index","follow":"follow","max-snippet":"max-snippet:-1","max-image-preview":"max-image-preview:large","max-video-preview":"max-video-preview:-1"},"canonical":"https:\/\/www.caladimola.it\/fr\/comment-arriver\/","og_locale":"fr_FR","og_type":"article","og_title":"Comment arriver - Hotel e Residence Cala di Mola","og_url":"https:\/\/www.caladimola.it\/fr\/comment-arriver\/","og_site_name":"Hotel e Residence Cala di Mola","article_modified_time":"2019-03-22T10:55:13+00:00","og_image":[{"url":"http:\/\/www.caladimola.it\/wp-content\/uploads\/2012\/03\/portoferraio-300x200.jpg","type":"","width":"","height":""}],"twitter_card":"summary_large_image","twitter_misc":{"Dur\u00e9e de lecture estim\u00e9e":"5 minutes"},"schema":{"@context":"https:\/\/schema.org","@graph":[{"@type":"WebPage","@id":"https:\/\/www.caladimola.it\/fr\/comment-arriver\/","url":"https:\/\/www.caladimola.it\/fr\/comment-arriver\/","name":"Comment arriver - Hotel e Residence Cala di Mola","isPartOf":{"@id":"https:\/\/www.caladimola.it\/#website"},"primaryImageOfPage":{"@id":"https:\/\/www.caladimola.it\/fr\/comment-arriver\/#primaryimage"},"image":{"@id":"https:\/\/www.caladimola.it\/fr\/comment-arriver\/#primaryimage"},"thumbnailUrl":"http:\/\/www.caladimola.it\/wp-content\/uploads\/2012\/03\/portoferraio-300x200.jpg","datePublished":"2015-10-02T15:15:59+00:00","dateModified":"2019-03-22T10:55:13+00:00","breadcrumb":{"@id":"https:\/\/www.caladimola.it\/fr\/comment-arriver\/#breadcrumb"},"inLanguage":"fr-FR","potentialAction":[{"@type":"ReadAction","target":["https:\/\/www.caladimola.it\/fr\/comment-arriver\/"]}]},{"@type":"ImageObject","inLanguage":"fr-FR","@id":"https:\/\/www.caladimola.it\/fr\/comment-arriver\/#primaryimage","url":"http:\/\/www.caladimola.it\/wp-content\/uploads\/2012\/03\/portoferraio-300x200.jpg","contentUrl":"http:\/\/www.caladimola.it\/wp-content\/uploads\/2012\/03\/portoferraio-300x200.jpg"},{"@type":"BreadcrumbList","@id":"https:\/\/www.caladimola.it\/fr\/comment-arriver\/#breadcrumb","itemListElement":[{"@type":"ListItem","position":1,"name":"Home","item":"https:\/\/www.caladimola.it\/fr\/home-fra\/"},{"@type":"ListItem","position":2,"name":"Comment arriver"}]},{"@type":"WebSite","@id":"https:\/\/www.caladimola.it\/#website","url":"https:\/\/www.caladimola.it\/","name":"Hotel e Residence Cala di Mola","description":"Hotel e Residence a Porto Azzurro Isola D&#039;Elba","publisher":{"@id":"https:\/\/www.caladimola.it\/#organization"},"potentialAction":[{"@type":"SearchAction","target":{"@type":"EntryPoint","urlTemplate":"https:\/\/www.caladimola.it\/?s={search_term_string}"},"query-input":{"@type":"PropertyValueSpecification","valueRequired":true,"valueName":"search_term_string"}}],"inLanguage":"fr-FR"},{"@type":"Organization","@id":"https:\/\/www.caladimola.it\/#organization","name":"Hotel & Residence Cala di Mola","url":"https:\/\/www.caladimola.it\/","logo":{"@type":"ImageObject","inLanguage":"fr-FR","@id":"https:\/\/www.caladimola.it\/#\/schema\/logo\/image\/","url":"https:\/\/www.caladimola.it\/wp-content\/uploads\/sites\/2\/2015\/03\/logo-cala-di-mola-blu.png","contentUrl":"https:\/\/www.caladimola.it\/wp-content\/uploads\/sites\/2\/2015\/03\/logo-cala-di-mola-blu.png","width":250,"height":148,"caption":"Hotel & Residence Cala di Mola"},"image":{"@id":"https:\/\/www.caladimola.it\/#\/schema\/logo\/image\/"}}]}},"_links":{"self":[{"href":"https:\/\/www.caladimola.it\/fr\/wp-json\/wp\/v2\/pages\/4455","targetHints":{"allow":["GET"]}}],"collection":[{"href":"https:\/\/www.caladimola.it\/fr\/wp-json\/wp\/v2\/pages"}],"about":[{"href":"https:\/\/www.caladimola.it\/fr\/wp-json\/wp\/v2\/types\/page"}],"author":[{"embeddable":true,"href":"https:\/\/www.caladimola.it\/fr\/wp-json\/wp\/v2\/users\/1"}],"replies":[{"embeddable":true,"href":"https:\/\/www.caladimola.it\/fr\/wp-json\/wp\/v2\/comments?post=4455"}],"version-history":[{"count":10,"href":"https:\/\/www.caladimola.it\/fr\/wp-json\/wp\/v2\/pages\/4455\/revisions"}],"predecessor-version":[{"id":5592,"href":"https:\/\/www.caladimola.it\/fr\/wp-json\/wp\/v2\/pages\/4455\/revisions\/5592"}],"wp:attachment":[{"href":"https:\/\/www.caladimola.it\/fr\/wp-json\/wp\/v2\/media?parent=4455"}],"curies":[{"name":"wp","href":"https:\/\/api.w.org\/{rel}","templated":true}]}}