{"id":4456,"date":"2015-10-02T15:16:11","date_gmt":"2015-10-02T15:16:11","guid":{"rendered":"http:\/\/www.caladimola.it\/fr\/?page_id=4456"},"modified":"2015-10-12T14:32:07","modified_gmt":"2015-10-12T14:32:07","slug":"kayak-pedalos-promenade-en-bateau","status":"publish","type":"page","link":"https:\/\/www.caladimola.it\/fr\/kayak-pedalos-promenade-en-bateau\/","title":{"rendered":"Kayak, Pedalo et Promenade en bateau"},"content":{"rendered":"<div id='full_slider_1'  class='avia-fullwidth-slider main_color avia-shadow   avia-builder-el-0  el_before_av_one_half  avia-builder-el-first   container_wrap sidebar_right'  ><div  class='avia-slideshow av-av_slideshow_full-071fb7913eeee76b3207232edfa9da98 avia-slideshow-featured_large av_slideshow_full avia-slide-slider av-slideshow-ui av-control-default av-slideshow-manual av-loop-once av-loop-manual-endless av-default-height-applied   avia-slideshow-1' data-slideshow-options=\"{&quot;animation&quot;:&quot;slide&quot;,&quot;autoplay&quot;:false,&quot;loop_autoplay&quot;:&quot;once&quot;,&quot;interval&quot;:5,&quot;loop_manual&quot;:&quot;manual-endless&quot;,&quot;autoplay_stopper&quot;:false,&quot;noNavigation&quot;:false,&quot;bg_slider&quot;:false,&quot;keep_padding&quot;:false,&quot;hoverpause&quot;:false,&quot;show_slide_delay&quot;:0}\"  itemprop=\"image\" itemscope=\"itemscope\" itemtype=\"https:\/\/schema.org\/ImageObject\" ><ul class='avia-slideshow-inner ' style='padding-bottom: 42%;'><li  class='avia-slideshow-slide av-av_slideshow_full-071fb7913eeee76b3207232edfa9da98__0  av-single-slide slide-1 slide-odd'><div data-rel='slideshow-1' class='avia-slide-wrap '   ><img decoding=\"async\" fetchpriority=\"high\" class=\"wp-image-2046 avia-img-lazy-loading-not-2046\"  src=\"https:\/\/www.caladimola.it\/wp-content\/uploads\/sites\/2\/2014\/12\/ACF_2113-1500x630.jpg\" width=\"1500\" height=\"630\" title='ACF_2113' alt=''  itemprop=\"thumbnailUrl\"   \/><\/div><\/li><\/ul><\/div><\/div><div id='after_full_slider_1'  class='main_color av_default_container_wrap container_wrap sidebar_right'  ><div class='container av-section-cont-open' ><div class='template-page content  av-content-small alpha units'><div class='post-entry post-entry-type-page post-entry-4456'><div class='entry-content-wrapper clearfix'>\n<div  class='flex_column av-av_one_half-2a9015ff38129c418a3f2eafba3e9512 av_one_half  avia-builder-el-1  el_after_av_slideshow_full  el_before_av_one_half  avia-builder-el-first  first flex_column_div  '     ><style type=\"text\/css\" data-created_by=\"avia_inline_auto\" id=\"style-css-av-av_textblock-fae8699d538200a543ba402659dba9b0\">\n#top .av_textblock_section.av-av_textblock-fae8699d538200a543ba402659dba9b0 .avia_textblock{\nfont-size:16px;\n}\n<\/style>\n<section  class='av_textblock_section av-av_textblock-fae8699d538200a543ba402659dba9b0 '   itemscope=\"itemscope\" itemtype=\"https:\/\/schema.org\/CreativeWork\" ><div class='avia_textblock'  itemprop=\"text\" ><p>Pour nos clients plus sportifs et amants de la mer, il est possible de louer directement \u00e0 notre d\u00e9barcad\u00e8re priv\u00e9 d\u2019amarrage pour Kayak, p\u00e9dalos et canots pour se jeter \u00e0 la d\u00e9couverte des infinies criques que la baie de Mola et les c\u00f4tes voisines r\u00e9servent.<\/p>\n<\/div><\/section><\/div>\n<style type=\"text\/css\" data-created_by=\"avia_inline_auto\" id=\"style-css-av-av_one_half-2a64de42b738552fe666ca889af77e28\">\n.flex_column.av-av_one_half-2a64de42b738552fe666ca889af77e28{\nborder-radius:0px 0px 0px 0px;\npadding:0px 0px 0px 0px;\n}\n<\/style>\n<div  class='flex_column av-av_one_half-2a64de42b738552fe666ca889af77e28 av_one_half  avia-builder-el-3  el_after_av_one_half  el_before_av_masonry_gallery  avia-builder-el-last  flex_column_div av-zero-column-padding  '     ><style type=\"text\/css\" data-created_by=\"avia_inline_auto\" id=\"style-css-av-av_textblock-fae8699d538200a543ba402659dba9b0\">\n#top .av_textblock_section.av-av_textblock-fae8699d538200a543ba402659dba9b0 .avia_textblock{\nfont-size:16px;\n}\n<\/style>\n<section  class='av_textblock_section av-av_textblock-fae8699d538200a543ba402659dba9b0 '   itemscope=\"itemscope\" itemtype=\"https:\/\/schema.org\/CreativeWork\" ><div class='avia_textblock'  itemprop=\"text\" ><p>En plus, pour les plus curieux, des excursions en bateau sont organis\u00e9s vers des destinations pr\u00e9serv\u00e9es comme les vieilles mini\u00e8res et la c\u00f4te des mouettes.<\/p>\n<\/div><\/section><\/div><div id='av-masonry-1' class='av-masonry av-av_masonry_gallery-95c02191350e0259ec4ab5e6fc1bb8f0 noHover av-fixed-size av-no-gap av-hover-overlay-active av-masonry-animation-active av-masonry-col-flexible av-caption-on-hover av-caption-style- av-masonry-gallery ' data-post_id=\"4456\"><div class=\"av-masonry-container isotope av-js-disabled\"><div class='av-masonry-entry isotope-item av-masonry-item-no-image '><\/div><a href=\"https:\/\/www.caladimola.it\/wp-content\/uploads\/sites\/2\/2015\/03\/IMG_4322.jpg\" data-srcset=\"https:\/\/www.caladimola.it\/wp-content\/uploads\/sites\/2\/2015\/03\/IMG_4322.jpg 816w, https:\/\/www.caladimola.it\/wp-content\/uploads\/sites\/2\/2015\/03\/IMG_4322-300x169.jpg 300w, https:\/\/www.caladimola.it\/wp-content\/uploads\/sites\/2\/2015\/03\/IMG_4322-705x397.jpg 705w, https:\/\/www.caladimola.it\/wp-content\/uploads\/sites\/2\/2015\/03\/IMG_4322-450x253.jpg 450w\" data-sizes=\"(max-width: 816px) 100vw, 816px\"  aria-label=\"image IMG_4322\"  id='av-masonry-1-item-2521' data-av-masonry-item='2521' class='av-masonry-entry isotope-item post-2521 attachment type-attachment status-inherit hentry  av-masonry-item-with-image' title=\"IMG_4322\" alt=\"\"    itemprop=\"thumbnailUrl\" ><div class='av-inner-masonry-sizer'><\/div><figure class='av-inner-masonry main_color'><div class=\"av-masonry-outerimage-container\"><div class='av-masonry-image-container' style=\"background-image: url(https:\/\/www.caladimola.it\/wp-content\/uploads\/sites\/2\/2015\/03\/IMG_4322-705x397.jpg);\"  title=\"IMG_4322\" ><\/div><\/div><\/figure><\/a><!--end av-masonry entry--><a href=\"https:\/\/www.caladimola.it\/wp-content\/uploads\/sites\/2\/2014\/12\/ACF_2116-1030x684.jpg\" data-srcset=\"https:\/\/www.caladimola.it\/wp-content\/uploads\/sites\/2\/2014\/12\/ACF_2116-1030x684.jpg 1030w, https:\/\/www.caladimola.it\/wp-content\/uploads\/sites\/2\/2014\/12\/ACF_2116-300x199.jpg 300w, https:\/\/www.caladimola.it\/wp-content\/uploads\/sites\/2\/2014\/12\/ACF_2116-705x468.jpg 705w, https:\/\/www.caladimola.it\/wp-content\/uploads\/sites\/2\/2014\/12\/ACF_2116-450x299.jpg 450w, https:\/\/www.caladimola.it\/wp-content\/uploads\/sites\/2\/2014\/12\/ACF_2116.jpg 1200w\" data-sizes=\"(max-width: 1030px) 100vw, 1030px\"  aria-label=\"image ACF_2116\"  id='av-masonry-1-item-2050' data-av-masonry-item='2050' class='av-masonry-entry isotope-item post-2050 attachment type-attachment status-inherit hentry  av-masonry-item-with-image' title=\"ACF_2116\" alt=\"\"    itemprop=\"thumbnailUrl\" ><div class='av-inner-masonry-sizer'><\/div><figure class='av-inner-masonry main_color'><div class=\"av-masonry-outerimage-container\"><div class='av-masonry-image-container' style=\"background-image: url(https:\/\/www.caladimola.it\/wp-content\/uploads\/sites\/2\/2014\/12\/ACF_2116-705x468.jpg);\"  title=\"ACF_2116\" ><\/div><\/div><\/figure><\/a><!--end av-masonry entry--><a href=\"https:\/\/www.caladimola.it\/wp-content\/uploads\/sites\/2\/2014\/12\/ACF_2113-1030x684.jpg\" data-srcset=\"https:\/\/www.caladimola.it\/wp-content\/uploads\/sites\/2\/2014\/12\/ACF_2113-1030x684.jpg 1030w, https:\/\/www.caladimola.it\/wp-content\/uploads\/sites\/2\/2014\/12\/ACF_2113-300x199.jpg 300w, https:\/\/www.caladimola.it\/wp-content\/uploads\/sites\/2\/2014\/12\/ACF_2113-1500x997.jpg 1500w, https:\/\/www.caladimola.it\/wp-content\/uploads\/sites\/2\/2014\/12\/ACF_2113-705x468.jpg 705w, https:\/\/www.caladimola.it\/wp-content\/uploads\/sites\/2\/2014\/12\/ACF_2113-450x299.jpg 450w, https:\/\/www.caladimola.it\/wp-content\/uploads\/sites\/2\/2014\/12\/ACF_2113.jpg 1600w\" data-sizes=\"(max-width: 1030px) 100vw, 1030px\"  aria-label=\"image ACF_2113\"  id='av-masonry-1-item-2046' data-av-masonry-item='2046' class='av-masonry-entry isotope-item post-2046 attachment type-attachment status-inherit hentry  av-masonry-item-with-image' title=\"ACF_2113\" alt=\"\"    itemprop=\"thumbnailUrl\" ><div class='av-inner-masonry-sizer'><\/div><figure class='av-inner-masonry main_color'><div class=\"av-masonry-outerimage-container\"><div class='av-masonry-image-container' style=\"background-image: url(https:\/\/www.caladimola.it\/wp-content\/uploads\/sites\/2\/2014\/12\/ACF_2113-705x468.jpg);\"  title=\"ACF_2113\" ><\/div><\/div><\/figure><\/a><!--end av-masonry entry--><a href=\"https:\/\/www.caladimola.it\/wp-content\/uploads\/sites\/2\/2015\/03\/DSCN1750-1030x576.jpg\" data-srcset=\"https:\/\/www.caladimola.it\/wp-content\/uploads\/sites\/2\/2015\/03\/DSCN1750-1030x576.jpg 1030w, https:\/\/www.caladimola.it\/wp-content\/uploads\/sites\/2\/2015\/03\/DSCN1750-300x168.jpg 300w, https:\/\/www.caladimola.it\/wp-content\/uploads\/sites\/2\/2015\/03\/DSCN1750-705x394.jpg 705w, https:\/\/www.caladimola.it\/wp-content\/uploads\/sites\/2\/2015\/03\/DSCN1750-450x252.jpg 450w, https:\/\/www.caladimola.it\/wp-content\/uploads\/sites\/2\/2015\/03\/DSCN1750.jpg 1280w\" data-sizes=\"(max-width: 1030px) 100vw, 1030px\"  aria-label=\"image DSCN1750\"  id='av-masonry-1-item-2830' data-av-masonry-item='2830' class='av-masonry-entry isotope-item post-2830 attachment type-attachment status-inherit hentry  av-masonry-item-with-image' title=\"DSCN1750\" alt=\"\"    itemprop=\"thumbnailUrl\" ><div class='av-inner-masonry-sizer'><\/div><figure class='av-inner-masonry main_color'><div class=\"av-masonry-outerimage-container\"><div class='av-masonry-image-container' style=\"background-image: url(https:\/\/www.caladimola.it\/wp-content\/uploads\/sites\/2\/2015\/03\/DSCN1750-705x394.jpg);\"  title=\"DSCN1750\" ><\/div><\/div><\/figure><\/a><!--end av-masonry entry--><a href=\"https:\/\/www.caladimola.it\/wp-content\/uploads\/sites\/2\/2015\/03\/DSCN1752-1030x592.jpg\" data-srcset=\"https:\/\/www.caladimola.it\/wp-content\/uploads\/sites\/2\/2015\/03\/DSCN1752-1030x592.jpg 1030w, https:\/\/www.caladimola.it\/wp-content\/uploads\/sites\/2\/2015\/03\/DSCN1752-300x173.jpg 300w, https:\/\/www.caladimola.it\/wp-content\/uploads\/sites\/2\/2015\/03\/DSCN1752-705x405.jpg 705w, https:\/\/www.caladimola.it\/wp-content\/uploads\/sites\/2\/2015\/03\/DSCN1752-450x259.jpg 450w, https:\/\/www.caladimola.it\/wp-content\/uploads\/sites\/2\/2015\/03\/DSCN1752.jpg 1280w\" data-sizes=\"(max-width: 1030px) 100vw, 1030px\"  aria-label=\"image DSCN1752\"  id='av-masonry-1-item-2834' data-av-masonry-item='2834' class='av-masonry-entry isotope-item post-2834 attachment type-attachment status-inherit hentry  av-masonry-item-with-image' title=\"DSCN1752\" alt=\"\"    itemprop=\"thumbnailUrl\" ><div class='av-inner-masonry-sizer'><\/div><figure class='av-inner-masonry main_color'><div class=\"av-masonry-outerimage-container\"><div class='av-masonry-image-container' style=\"background-image: url(https:\/\/www.caladimola.it\/wp-content\/uploads\/sites\/2\/2015\/03\/DSCN1752-705x405.jpg);\"  title=\"DSCN1752\" ><\/div><\/div><\/figure><\/a><!--end av-masonry entry--><a href=\"https:\/\/www.caladimola.it\/wp-content\/uploads\/sites\/2\/2015\/03\/DSCN1755-1030x635.jpg\" data-srcset=\"https:\/\/www.caladimola.it\/wp-content\/uploads\/sites\/2\/2015\/03\/DSCN1755-1030x635.jpg 1030w, https:\/\/www.caladimola.it\/wp-content\/uploads\/sites\/2\/2015\/03\/DSCN1755-300x185.jpg 300w, https:\/\/www.caladimola.it\/wp-content\/uploads\/sites\/2\/2015\/03\/DSCN1755-705x435.jpg 705w, https:\/\/www.caladimola.it\/wp-content\/uploads\/sites\/2\/2015\/03\/DSCN1755-450x277.jpg 450w, https:\/\/www.caladimola.it\/wp-content\/uploads\/sites\/2\/2015\/03\/DSCN1755.jpg 1280w\" data-sizes=\"(max-width: 1030px) 100vw, 1030px\"  aria-label=\"image DSCN1755\"  id='av-masonry-1-item-2838' data-av-masonry-item='2838' class='av-masonry-entry isotope-item post-2838 attachment type-attachment status-inherit hentry  av-masonry-item-with-image' title=\"DSCN1755\" alt=\"\"    itemprop=\"thumbnailUrl\" ><div class='av-inner-masonry-sizer'><\/div><figure class='av-inner-masonry main_color'><div class=\"av-masonry-outerimage-container\"><div class='av-masonry-image-container' style=\"background-image: url(https:\/\/www.caladimola.it\/wp-content\/uploads\/sites\/2\/2015\/03\/DSCN1755-705x435.jpg);\"  title=\"DSCN1755\" ><\/div><\/div><\/figure><\/a><!--end av-masonry entry--><a href=\"https:\/\/www.caladimola.it\/wp-content\/uploads\/sites\/2\/2015\/03\/DSCN1768-1030x672.jpg\" data-srcset=\"https:\/\/www.caladimola.it\/wp-content\/uploads\/sites\/2\/2015\/03\/DSCN1768-1030x672.jpg 1030w, https:\/\/www.caladimola.it\/wp-content\/uploads\/sites\/2\/2015\/03\/DSCN1768-300x196.jpg 300w, https:\/\/www.caladimola.it\/wp-content\/uploads\/sites\/2\/2015\/03\/DSCN1768-705x460.jpg 705w, https:\/\/www.caladimola.it\/wp-content\/uploads\/sites\/2\/2015\/03\/DSCN1768-450x294.jpg 450w, https:\/\/www.caladimola.it\/wp-content\/uploads\/sites\/2\/2015\/03\/DSCN1768.jpg 1280w\" data-sizes=\"(max-width: 1030px) 100vw, 1030px\"  aria-label=\"image DSCN1768\"  id='av-masonry-1-item-2842' data-av-masonry-item='2842' class='av-masonry-entry isotope-item post-2842 attachment type-attachment status-inherit hentry  av-masonry-item-with-image' title=\"DSCN1768\" alt=\"\"    itemprop=\"thumbnailUrl\" ><div class='av-inner-masonry-sizer'><\/div><figure class='av-inner-masonry main_color'><div class=\"av-masonry-outerimage-container\"><div class='av-masonry-image-container' style=\"background-image: url(https:\/\/www.caladimola.it\/wp-content\/uploads\/sites\/2\/2015\/03\/DSCN1768-705x460.jpg);\"  title=\"DSCN1768\" ><\/div><\/div><\/figure><\/a><!--end av-masonry entry--><\/div><\/div><\/p>\n","protected":false},"excerpt":{"rendered":"","protected":false},"author":1,"featured_media":0,"parent":0,"menu_order":0,"comment_status":"open","ping_status":"open","template":"","meta":{"footnotes":""},"class_list":["post-4456","page","type-page","status-publish","hentry"],"yoast_head":"<!-- This site is optimized with the Yoast SEO plugin v26.7 - https:\/\/yoast.com\/wordpress\/plugins\/seo\/ -->\n<title>Kayak, Pedalo et Promenade en bateau - Hotel e Residence Cala di Mola<\/title>\n<meta name=\"robots\" content=\"index, follow, max-snippet:-1, max-image-preview:large, max-video-preview:-1\" \/>\n<link rel=\"canonical\" href=\"https:\/\/www.caladimola.it\/fr\/kayak-pedalos-promenade-en-bateau\/\" \/>\n<meta property=\"og:locale\" content=\"fr_FR\" \/>\n<meta property=\"og:type\" content=\"article\" \/>\n<meta property=\"og:title\" content=\"Kayak, Pedalo et Promenade en bateau - Hotel e Residence Cala di Mola\" \/>\n<meta property=\"og:url\" content=\"https:\/\/www.caladimola.it\/fr\/kayak-pedalos-promenade-en-bateau\/\" \/>\n<meta property=\"og:site_name\" content=\"Hotel e Residence Cala di Mola\" \/>\n<meta property=\"article:modified_time\" content=\"2015-10-12T14:32:07+00:00\" \/>\n<meta name=\"twitter:card\" content=\"summary_large_image\" \/>\n<meta name=\"twitter:label1\" content=\"Dur\u00e9e de lecture estim\u00e9e\" \/>\n\t<meta name=\"twitter:data1\" content=\"2 minutes\" \/>\n<script type=\"application\/ld+json\" class=\"yoast-schema-graph\">{\"@context\":\"https:\/\/schema.org\",\"@graph\":[{\"@type\":\"WebPage\",\"@id\":\"https:\/\/www.caladimola.it\/fr\/kayak-pedalos-promenade-en-bateau\/\",\"url\":\"https:\/\/www.caladimola.it\/fr\/kayak-pedalos-promenade-en-bateau\/\",\"name\":\"Kayak, Pedalo et Promenade en bateau - Hotel e Residence Cala di Mola\",\"isPartOf\":{\"@id\":\"https:\/\/www.caladimola.it\/#website\"},\"datePublished\":\"2015-10-02T15:16:11+00:00\",\"dateModified\":\"2015-10-12T14:32:07+00:00\",\"breadcrumb\":{\"@id\":\"https:\/\/www.caladimola.it\/fr\/kayak-pedalos-promenade-en-bateau\/#breadcrumb\"},\"inLanguage\":\"fr-FR\",\"potentialAction\":[{\"@type\":\"ReadAction\",\"target\":[\"https:\/\/www.caladimola.it\/fr\/kayak-pedalos-promenade-en-bateau\/\"]}]},{\"@type\":\"BreadcrumbList\",\"@id\":\"https:\/\/www.caladimola.it\/fr\/kayak-pedalos-promenade-en-bateau\/#breadcrumb\",\"itemListElement\":[{\"@type\":\"ListItem\",\"position\":1,\"name\":\"Home\",\"item\":\"https:\/\/www.caladimola.it\/fr\/home-fra\/\"},{\"@type\":\"ListItem\",\"position\":2,\"name\":\"Kayak, Pedalo et Promenade en bateau\"}]},{\"@type\":\"WebSite\",\"@id\":\"https:\/\/www.caladimola.it\/#website\",\"url\":\"https:\/\/www.caladimola.it\/\",\"name\":\"Hotel e Residence Cala di Mola\",\"description\":\"Hotel e Residence a Porto Azzurro Isola D&#039;Elba\",\"publisher\":{\"@id\":\"https:\/\/www.caladimola.it\/#organization\"},\"potentialAction\":[{\"@type\":\"SearchAction\",\"target\":{\"@type\":\"EntryPoint\",\"urlTemplate\":\"https:\/\/www.caladimola.it\/?s={search_term_string}\"},\"query-input\":{\"@type\":\"PropertyValueSpecification\",\"valueRequired\":true,\"valueName\":\"search_term_string\"}}],\"inLanguage\":\"fr-FR\"},{\"@type\":\"Organization\",\"@id\":\"https:\/\/www.caladimola.it\/#organization\",\"name\":\"Hotel & Residence Cala di Mola\",\"url\":\"https:\/\/www.caladimola.it\/\",\"logo\":{\"@type\":\"ImageObject\",\"inLanguage\":\"fr-FR\",\"@id\":\"https:\/\/www.caladimola.it\/#\/schema\/logo\/image\/\",\"url\":\"https:\/\/www.caladimola.it\/wp-content\/uploads\/sites\/2\/2015\/03\/logo-cala-di-mola-blu.png\",\"contentUrl\":\"https:\/\/www.caladimola.it\/wp-content\/uploads\/sites\/2\/2015\/03\/logo-cala-di-mola-blu.png\",\"width\":250,\"height\":148,\"caption\":\"Hotel & Residence Cala di Mola\"},\"image\":{\"@id\":\"https:\/\/www.caladimola.it\/#\/schema\/logo\/image\/\"}}]}<\/script>\n<!-- \/ Yoast SEO plugin. -->","yoast_head_json":{"title":"Kayak, Pedalo et Promenade en bateau - Hotel e Residence Cala di Mola","robots":{"index":"index","follow":"follow","max-snippet":"max-snippet:-1","max-image-preview":"max-image-preview:large","max-video-preview":"max-video-preview:-1"},"canonical":"https:\/\/www.caladimola.it\/fr\/kayak-pedalos-promenade-en-bateau\/","og_locale":"fr_FR","og_type":"article","og_title":"Kayak, Pedalo et Promenade en bateau - Hotel e Residence Cala di Mola","og_url":"https:\/\/www.caladimola.it\/fr\/kayak-pedalos-promenade-en-bateau\/","og_site_name":"Hotel e Residence Cala di Mola","article_modified_time":"2015-10-12T14:32:07+00:00","twitter_card":"summary_large_image","twitter_misc":{"Dur\u00e9e de lecture estim\u00e9e":"2 minutes"},"schema":{"@context":"https:\/\/schema.org","@graph":[{"@type":"WebPage","@id":"https:\/\/www.caladimola.it\/fr\/kayak-pedalos-promenade-en-bateau\/","url":"https:\/\/www.caladimola.it\/fr\/kayak-pedalos-promenade-en-bateau\/","name":"Kayak, Pedalo et Promenade en bateau - Hotel e Residence Cala di Mola","isPartOf":{"@id":"https:\/\/www.caladimola.it\/#website"},"datePublished":"2015-10-02T15:16:11+00:00","dateModified":"2015-10-12T14:32:07+00:00","breadcrumb":{"@id":"https:\/\/www.caladimola.it\/fr\/kayak-pedalos-promenade-en-bateau\/#breadcrumb"},"inLanguage":"fr-FR","potentialAction":[{"@type":"ReadAction","target":["https:\/\/www.caladimola.it\/fr\/kayak-pedalos-promenade-en-bateau\/"]}]},{"@type":"BreadcrumbList","@id":"https:\/\/www.caladimola.it\/fr\/kayak-pedalos-promenade-en-bateau\/#breadcrumb","itemListElement":[{"@type":"ListItem","position":1,"name":"Home","item":"https:\/\/www.caladimola.it\/fr\/home-fra\/"},{"@type":"ListItem","position":2,"name":"Kayak, Pedalo et Promenade en bateau"}]},{"@type":"WebSite","@id":"https:\/\/www.caladimola.it\/#website","url":"https:\/\/www.caladimola.it\/","name":"Hotel e Residence Cala di Mola","description":"Hotel e Residence a Porto Azzurro Isola D&#039;Elba","publisher":{"@id":"https:\/\/www.caladimola.it\/#organization"},"potentialAction":[{"@type":"SearchAction","target":{"@type":"EntryPoint","urlTemplate":"https:\/\/www.caladimola.it\/?s={search_term_string}"},"query-input":{"@type":"PropertyValueSpecification","valueRequired":true,"valueName":"search_term_string"}}],"inLanguage":"fr-FR"},{"@type":"Organization","@id":"https:\/\/www.caladimola.it\/#organization","name":"Hotel & Residence Cala di Mola","url":"https:\/\/www.caladimola.it\/","logo":{"@type":"ImageObject","inLanguage":"fr-FR","@id":"https:\/\/www.caladimola.it\/#\/schema\/logo\/image\/","url":"https:\/\/www.caladimola.it\/wp-content\/uploads\/sites\/2\/2015\/03\/logo-cala-di-mola-blu.png","contentUrl":"https:\/\/www.caladimola.it\/wp-content\/uploads\/sites\/2\/2015\/03\/logo-cala-di-mola-blu.png","width":250,"height":148,"caption":"Hotel & Residence Cala di Mola"},"image":{"@id":"https:\/\/www.caladimola.it\/#\/schema\/logo\/image\/"}}]}},"_links":{"self":[{"href":"https:\/\/www.caladimola.it\/fr\/wp-json\/wp\/v2\/pages\/4456","targetHints":{"allow":["GET"]}}],"collection":[{"href":"https:\/\/www.caladimola.it\/fr\/wp-json\/wp\/v2\/pages"}],"about":[{"href":"https:\/\/www.caladimola.it\/fr\/wp-json\/wp\/v2\/types\/page"}],"author":[{"embeddable":true,"href":"https:\/\/www.caladimola.it\/fr\/wp-json\/wp\/v2\/users\/1"}],"replies":[{"embeddable":true,"href":"https:\/\/www.caladimola.it\/fr\/wp-json\/wp\/v2\/comments?post=4456"}],"version-history":[{"count":3,"href":"https:\/\/www.caladimola.it\/fr\/wp-json\/wp\/v2\/pages\/4456\/revisions"}],"predecessor-version":[{"id":4655,"href":"https:\/\/www.caladimola.it\/fr\/wp-json\/wp\/v2\/pages\/4456\/revisions\/4655"}],"wp:attachment":[{"href":"https:\/\/www.caladimola.it\/fr\/wp-json\/wp\/v2\/media?parent=4456"}],"curies":[{"name":"wp","href":"https:\/\/api.w.org\/{rel}","templated":true}]}}