{"id":4458,"date":"2015-10-02T15:17:30","date_gmt":"2015-10-02T15:17:30","guid":{"rendered":"http:\/\/www.caladimola.it\/fr\/?page_id=4458"},"modified":"2016-01-03T11:39:10","modified_gmt":"2016-01-03T11:39:10","slug":"luncheonette-self-service","status":"publish","type":"page","link":"https:\/\/www.caladimola.it\/fr\/luncheonette-self-service\/","title":{"rendered":"Luncheonette Self-service"},"content":{"rendered":"<div id='full_slider_1'  class='avia-fullwidth-slider main_color avia-shadow   avia-builder-el-0  el_before_av_one_half  avia-builder-el-first   container_wrap sidebar_right'  ><div  class='avia-slideshow av-av_slideshow_full-071fb7913eeee76b3207232edfa9da98 avia-slideshow-featured_large av_slideshow_full avia-slide-slider av-slideshow-ui av-control-default av-slideshow-manual av-loop-once av-loop-manual-endless av-default-height-applied   avia-slideshow-1' data-slideshow-options=\"{&quot;animation&quot;:&quot;slide&quot;,&quot;autoplay&quot;:false,&quot;loop_autoplay&quot;:&quot;once&quot;,&quot;interval&quot;:5,&quot;loop_manual&quot;:&quot;manual-endless&quot;,&quot;autoplay_stopper&quot;:false,&quot;noNavigation&quot;:false,&quot;bg_slider&quot;:false,&quot;keep_padding&quot;:false,&quot;hoverpause&quot;:false,&quot;show_slide_delay&quot;:0}\"  itemprop=\"image\" itemscope=\"itemscope\" itemtype=\"https:\/\/schema.org\/ImageObject\" ><ul class='avia-slideshow-inner ' style='padding-bottom: 42%;'><li  class='avia-slideshow-slide av-av_slideshow_full-071fb7913eeee76b3207232edfa9da98__0  av-single-slide slide-1 slide-odd'><div data-rel='slideshow-1' class='avia-slide-wrap '   ><img decoding=\"async\" fetchpriority=\"high\" class=\"wp-image-1657 avia-img-lazy-loading-not-1657\"  src=\"https:\/\/www.caladimola.it\/wp-content\/uploads\/sites\/2\/2015\/02\/DSCF0078-2-1500x630.jpg\" width=\"1500\" height=\"630\" title='DSCF0078 2' alt=''  itemprop=\"thumbnailUrl\"   \/><\/div><\/li><\/ul><\/div><\/div><div id='after_full_slider_1'  class='main_color av_default_container_wrap container_wrap sidebar_right'  ><div class='container av-section-cont-open' ><div class='template-page content  av-content-small alpha units'><div class='post-entry post-entry-type-page post-entry-4458'><div class='entry-content-wrapper clearfix'>\n<div  class='flex_column av-av_one_half-2a9015ff38129c418a3f2eafba3e9512 av_one_half  avia-builder-el-1  el_after_av_slideshow_full  el_before_av_one_half  avia-builder-el-first  first flex_column_div  '     ><style type=\"text\/css\" data-created_by=\"avia_inline_auto\" id=\"style-css-av-av_textblock-fae8699d538200a543ba402659dba9b0\">\n#top .av_textblock_section.av-av_textblock-fae8699d538200a543ba402659dba9b0 .avia_textblock{\nfont-size:16px;\n}\n<\/style>\n<section  class='av_textblock_section av-av_textblock-fae8699d538200a543ba402659dba9b0 '   itemscope=\"itemscope\" itemtype=\"https:\/\/schema.org\/CreativeWork\" ><div class='avia_textblock'  itemprop=\"text\" ><p>\u00c0 proximit\u00e9 de la piscine, un self-service avec un riche choix gastronomique ouvre \u00e0 partir de 13h00.<\/p>\n<\/div><\/section><\/div>\n<style type=\"text\/css\" data-created_by=\"avia_inline_auto\" id=\"style-css-av-av_one_half-2a64de42b738552fe666ca889af77e28\">\n.flex_column.av-av_one_half-2a64de42b738552fe666ca889af77e28{\nborder-radius:0px 0px 0px 0px;\npadding:0px 0px 0px 0px;\n}\n<\/style>\n<div  class='flex_column av-av_one_half-2a64de42b738552fe666ca889af77e28 av_one_half  avia-builder-el-3  el_after_av_one_half  el_before_av_masonry_gallery  avia-builder-el-last  flex_column_div av-zero-column-padding  '     ><style type=\"text\/css\" data-created_by=\"avia_inline_auto\" id=\"style-css-av-av_textblock-fae8699d538200a543ba402659dba9b0\">\n#top .av_textblock_section.av-av_textblock-fae8699d538200a543ba402659dba9b0 .avia_textblock{\nfont-size:16px;\n}\n<\/style>\n<section  class='av_textblock_section av-av_textblock-fae8699d538200a543ba402659dba9b0 '   itemscope=\"itemscope\" itemtype=\"https:\/\/schema.org\/CreativeWork\" ><div class='avia_textblock'  itemprop=\"text\" ><p>Tous les h\u00f4tes de l\u2019h\u00f4tel-r\u00e9sidence peuvent utiliser ce service et avoir le plaisir de go\u00fbter \u00e0 leur gr\u00e9 de tr\u00e8s bonnes salades, des entr\u00e9es chaudes ou froides,\u00a0 des plats app\u00e9tissants, fruits vari\u00e9s et pour finir un bon caf\u00e9 dans un endroit r\u00e9serv\u00e9 et ombrag\u00e9.<\/p>\n<\/div><\/section><\/div><div id='av-masonry-1' class='av-masonry av-av_masonry_gallery-216ca098848e5b96b8e7822b84951a2c noHover av-fixed-size av-no-gap av-hover-overlay-active av-masonry-animation-active av-masonry-col-flexible av-caption-on-hover av-caption-style- av-masonry-gallery ' data-post_id=\"4458\"><div class=\"av-masonry-container isotope av-js-disabled\"><div class='av-masonry-entry isotope-item av-masonry-item-no-image '><\/div><a href=\"https:\/\/www.caladimola.it\/wp-content\/uploads\/sites\/2\/2015\/03\/DSCF00291-1030x728-1030x728.jpg\" data-srcset=\"https:\/\/www.caladimola.it\/wp-content\/uploads\/sites\/2\/2015\/03\/DSCF00291-1030x728.jpg 1030w, https:\/\/www.caladimola.it\/wp-content\/uploads\/sites\/2\/2015\/03\/DSCF00291-1030x728-300x212.jpg 300w, https:\/\/www.caladimola.it\/wp-content\/uploads\/sites\/2\/2015\/03\/DSCF00291-1030x728-260x185.jpg 260w, https:\/\/www.caladimola.it\/wp-content\/uploads\/sites\/2\/2015\/03\/DSCF00291-1030x728-705x498.jpg 705w, https:\/\/www.caladimola.it\/wp-content\/uploads\/sites\/2\/2015\/03\/DSCF00291-1030x728-450x318.jpg 450w\" data-sizes=\"(max-width: 1030px) 100vw, 1030px\"  aria-label=\"image DSCF00291-1030&#215;728\"  id='av-masonry-1-item-3636' data-av-masonry-item='3636' class='av-masonry-entry isotope-item post-3636 attachment type-attachment status-inherit hentry  av-masonry-item-with-image' title=\"DSCF00291-1030&#215;728\" alt=\"\"    itemprop=\"thumbnailUrl\" ><div class='av-inner-masonry-sizer'><\/div><figure class='av-inner-masonry main_color'><div class=\"av-masonry-outerimage-container\"><div class='av-masonry-image-container' style=\"background-image: url(https:\/\/www.caladimola.it\/wp-content\/uploads\/sites\/2\/2015\/03\/DSCF00291-1030x728-705x498.jpg);\"  title=\"DSCF00291-1030&#215;728\" ><\/div><\/div><\/figure><\/a><!--end av-masonry entry--><a href=\"https:\/\/www.caladimola.it\/wp-content\/uploads\/sites\/2\/2015\/03\/DSCF00281-1030x687-1030x687.jpg\" data-srcset=\"https:\/\/www.caladimola.it\/wp-content\/uploads\/sites\/2\/2015\/03\/DSCF00281-1030x687.jpg 1030w, https:\/\/www.caladimola.it\/wp-content\/uploads\/sites\/2\/2015\/03\/DSCF00281-1030x687-300x200.jpg 300w, https:\/\/www.caladimola.it\/wp-content\/uploads\/sites\/2\/2015\/03\/DSCF00281-1030x687-705x470.jpg 705w, https:\/\/www.caladimola.it\/wp-content\/uploads\/sites\/2\/2015\/03\/DSCF00281-1030x687-450x300.jpg 450w\" data-sizes=\"(max-width: 1030px) 100vw, 1030px\"  aria-label=\"image DSCF00281-1030&#215;687\"  id='av-masonry-1-item-3640' data-av-masonry-item='3640' class='av-masonry-entry isotope-item post-3640 attachment type-attachment status-inherit hentry  av-masonry-item-with-image' title=\"DSCF00281-1030&#215;687\" alt=\"\"    itemprop=\"thumbnailUrl\" ><div class='av-inner-masonry-sizer'><\/div><figure class='av-inner-masonry main_color'><div class=\"av-masonry-outerimage-container\"><div class='av-masonry-image-container' style=\"background-image: url(https:\/\/www.caladimola.it\/wp-content\/uploads\/sites\/2\/2015\/03\/DSCF00281-1030x687-705x470.jpg);\"  title=\"DSCF00281-1030&#215;687\" ><\/div><\/div><\/figure><\/a><!--end av-masonry entry--><a href=\"https:\/\/www.caladimola.it\/wp-content\/uploads\/sites\/2\/2015\/03\/31-Piscina-Bar1-1030x773-1030x773.jpg\" data-srcset=\"https:\/\/www.caladimola.it\/wp-content\/uploads\/sites\/2\/2015\/03\/31-Piscina-Bar1-1030x773.jpg 1030w, https:\/\/www.caladimola.it\/wp-content\/uploads\/sites\/2\/2015\/03\/31-Piscina-Bar1-1030x773-300x225.jpg 300w, https:\/\/www.caladimola.it\/wp-content\/uploads\/sites\/2\/2015\/03\/31-Piscina-Bar1-1030x773-705x529.jpg 705w, https:\/\/www.caladimola.it\/wp-content\/uploads\/sites\/2\/2015\/03\/31-Piscina-Bar1-1030x773-450x338.jpg 450w\" data-sizes=\"(max-width: 1030px) 100vw, 1030px\"  aria-label=\"image 31-Piscina-Bar1-1030&#215;773\"  id='av-masonry-1-item-3644' data-av-masonry-item='3644' class='av-masonry-entry isotope-item post-3644 attachment type-attachment status-inherit hentry  av-masonry-item-with-image' title=\"31-Piscina-Bar1-1030&#215;773\" alt=\"\"    itemprop=\"thumbnailUrl\" ><div class='av-inner-masonry-sizer'><\/div><figure class='av-inner-masonry main_color'><div class=\"av-masonry-outerimage-container\"><div class='av-masonry-image-container' style=\"background-image: url(https:\/\/www.caladimola.it\/wp-content\/uploads\/sites\/2\/2015\/03\/31-Piscina-Bar1-1030x773-705x529.jpg);\"  title=\"31-Piscina-Bar1-1030&#215;773\" ><\/div><\/div><\/figure><\/a><!--end av-masonry entry--><a href=\"https:\/\/www.caladimola.it\/wp-content\/uploads\/sites\/2\/2015\/03\/32-Piscina-Bar1-1030x773-1030x773.jpg\" data-srcset=\"https:\/\/www.caladimola.it\/wp-content\/uploads\/sites\/2\/2015\/03\/32-Piscina-Bar1-1030x773.jpg 1030w, https:\/\/www.caladimola.it\/wp-content\/uploads\/sites\/2\/2015\/03\/32-Piscina-Bar1-1030x773-300x225.jpg 300w, https:\/\/www.caladimola.it\/wp-content\/uploads\/sites\/2\/2015\/03\/32-Piscina-Bar1-1030x773-705x529.jpg 705w, https:\/\/www.caladimola.it\/wp-content\/uploads\/sites\/2\/2015\/03\/32-Piscina-Bar1-1030x773-450x338.jpg 450w\" data-sizes=\"(max-width: 1030px) 100vw, 1030px\"  aria-label=\"image 32-Piscina-Bar1-1030&#215;773\"  id='av-masonry-1-item-3648' data-av-masonry-item='3648' class='av-masonry-entry isotope-item post-3648 attachment type-attachment status-inherit hentry  av-masonry-item-with-image' title=\"32-Piscina-Bar1-1030&#215;773\" alt=\"\"    itemprop=\"thumbnailUrl\" ><div class='av-inner-masonry-sizer'><\/div><figure class='av-inner-masonry main_color'><div class=\"av-masonry-outerimage-container\"><div class='av-masonry-image-container' style=\"background-image: url(https:\/\/www.caladimola.it\/wp-content\/uploads\/sites\/2\/2015\/03\/32-Piscina-Bar1-1030x773-705x529.jpg);\"  title=\"32-Piscina-Bar1-1030&#215;773\" ><\/div><\/div><\/figure><\/a><!--end av-masonry entry--><a href=\"https:\/\/www.caladimola.it\/wp-content\/uploads\/sites\/2\/2015\/03\/ACF_21691-1030x731-1030x731.jpg\" data-srcset=\"https:\/\/www.caladimola.it\/wp-content\/uploads\/sites\/2\/2015\/03\/ACF_21691-1030x731.jpg 1030w, https:\/\/www.caladimola.it\/wp-content\/uploads\/sites\/2\/2015\/03\/ACF_21691-1030x731-300x213.jpg 300w, https:\/\/www.caladimola.it\/wp-content\/uploads\/sites\/2\/2015\/03\/ACF_21691-1030x731-260x185.jpg 260w, https:\/\/www.caladimola.it\/wp-content\/uploads\/sites\/2\/2015\/03\/ACF_21691-1030x731-705x500.jpg 705w, https:\/\/www.caladimola.it\/wp-content\/uploads\/sites\/2\/2015\/03\/ACF_21691-1030x731-450x319.jpg 450w\" data-sizes=\"(max-width: 1030px) 100vw, 1030px\"  aria-label=\"image ACF_21691-1030&#215;731\"  id='av-masonry-1-item-3652' data-av-masonry-item='3652' class='av-masonry-entry isotope-item post-3652 attachment type-attachment status-inherit hentry  av-masonry-item-with-image' title=\"ACF_21691-1030&#215;731\" alt=\"\"    itemprop=\"thumbnailUrl\" ><div class='av-inner-masonry-sizer'><\/div><figure class='av-inner-masonry main_color'><div class=\"av-masonry-outerimage-container\"><div class='av-masonry-image-container' style=\"background-image: url(https:\/\/www.caladimola.it\/wp-content\/uploads\/sites\/2\/2015\/03\/ACF_21691-1030x731-705x500.jpg);\"  title=\"ACF_21691-1030&#215;731\" ><\/div><\/div><\/figure><\/a><!--end av-masonry entry--><a href=\"https:\/\/www.caladimola.it\/wp-content\/uploads\/sites\/2\/2015\/03\/chris19-1030x629.jpg\" data-srcset=\"https:\/\/www.caladimola.it\/wp-content\/uploads\/sites\/2\/2015\/03\/chris19-1030x629.jpg 1030w, https:\/\/www.caladimola.it\/wp-content\/uploads\/sites\/2\/2015\/03\/chris19-300x183.jpg 300w, https:\/\/www.caladimola.it\/wp-content\/uploads\/sites\/2\/2015\/03\/chris19-705x431.jpg 705w, https:\/\/www.caladimola.it\/wp-content\/uploads\/sites\/2\/2015\/03\/chris19-450x275.jpg 450w, https:\/\/www.caladimola.it\/wp-content\/uploads\/sites\/2\/2015\/03\/chris19.jpg 1280w\" data-sizes=\"(max-width: 1030px) 100vw, 1030px\"  aria-label=\"image chris19\"  id='av-masonry-1-item-3661' data-av-masonry-item='3661' class='av-masonry-entry isotope-item post-3661 attachment type-attachment status-inherit hentry  av-masonry-item-with-image' title=\"chris19\" alt=\"\"    itemprop=\"thumbnailUrl\" ><div class='av-inner-masonry-sizer'><\/div><figure class='av-inner-masonry main_color'><div class=\"av-masonry-outerimage-container\"><div class='av-masonry-image-container' style=\"background-image: url(https:\/\/www.caladimola.it\/wp-content\/uploads\/sites\/2\/2015\/03\/chris19-705x431.jpg);\"  title=\"chris19\" ><\/div><\/div><\/figure><\/a><!--end av-masonry entry--><a href=\"https:\/\/www.caladimola.it\/wp-content\/uploads\/sites\/2\/2015\/03\/chris21-1030x729.jpg\" data-srcset=\"https:\/\/www.caladimola.it\/wp-content\/uploads\/sites\/2\/2015\/03\/chris21-1030x729.jpg 1030w, https:\/\/www.caladimola.it\/wp-content\/uploads\/sites\/2\/2015\/03\/chris21-300x212.jpg 300w, https:\/\/www.caladimola.it\/wp-content\/uploads\/sites\/2\/2015\/03\/chris21-260x185.jpg 260w, https:\/\/www.caladimola.it\/wp-content\/uploads\/sites\/2\/2015\/03\/chris21-705x499.jpg 705w, https:\/\/www.caladimola.it\/wp-content\/uploads\/sites\/2\/2015\/03\/chris21-450x319.jpg 450w, https:\/\/www.caladimola.it\/wp-content\/uploads\/sites\/2\/2015\/03\/chris21.jpg 1280w\" data-sizes=\"(max-width: 1030px) 100vw, 1030px\"  aria-label=\"image chris21\"  id='av-masonry-1-item-3665' data-av-masonry-item='3665' class='av-masonry-entry isotope-item post-3665 attachment type-attachment status-inherit hentry  av-masonry-item-with-image' title=\"chris21\" alt=\"\"    itemprop=\"thumbnailUrl\" ><div class='av-inner-masonry-sizer'><\/div><figure class='av-inner-masonry main_color'><div class=\"av-masonry-outerimage-container\"><div class='av-masonry-image-container' style=\"background-image: url(https:\/\/www.caladimola.it\/wp-content\/uploads\/sites\/2\/2015\/03\/chris21-705x499.jpg);\"  title=\"chris21\" ><\/div><\/div><\/figure><\/a><!--end av-masonry entry--><\/div><\/div><\/p>\n","protected":false},"excerpt":{"rendered":"","protected":false},"author":1,"featured_media":0,"parent":0,"menu_order":0,"comment_status":"open","ping_status":"open","template":"","meta":{"footnotes":""},"class_list":["post-4458","page","type-page","status-publish","hentry"],"yoast_head":"<!-- This site is optimized with the Yoast SEO plugin v26.7 - https:\/\/yoast.com\/wordpress\/plugins\/seo\/ -->\n<title>Luncheonette Self-service - Hotel e Residence Cala di Mola<\/title>\n<meta name=\"robots\" content=\"index, follow, max-snippet:-1, max-image-preview:large, max-video-preview:-1\" \/>\n<link rel=\"canonical\" href=\"https:\/\/www.caladimola.it\/fr\/luncheonette-self-service\/\" \/>\n<meta property=\"og:locale\" content=\"fr_FR\" \/>\n<meta property=\"og:type\" content=\"article\" \/>\n<meta property=\"og:title\" content=\"Luncheonette Self-service - Hotel e Residence Cala di Mola\" \/>\n<meta property=\"og:url\" content=\"https:\/\/www.caladimola.it\/fr\/luncheonette-self-service\/\" \/>\n<meta property=\"og:site_name\" content=\"Hotel e Residence Cala di Mola\" \/>\n<meta property=\"article:modified_time\" content=\"2016-01-03T11:39:10+00:00\" \/>\n<meta name=\"twitter:card\" content=\"summary_large_image\" \/>\n<meta name=\"twitter:label1\" content=\"Dur\u00e9e de lecture estim\u00e9e\" \/>\n\t<meta name=\"twitter:data1\" content=\"1 minute\" \/>\n<script type=\"application\/ld+json\" class=\"yoast-schema-graph\">{\"@context\":\"https:\/\/schema.org\",\"@graph\":[{\"@type\":\"WebPage\",\"@id\":\"https:\/\/www.caladimola.it\/fr\/luncheonette-self-service\/\",\"url\":\"https:\/\/www.caladimola.it\/fr\/luncheonette-self-service\/\",\"name\":\"Luncheonette Self-service - Hotel e Residence Cala di Mola\",\"isPartOf\":{\"@id\":\"https:\/\/www.caladimola.it\/#website\"},\"datePublished\":\"2015-10-02T15:17:30+00:00\",\"dateModified\":\"2016-01-03T11:39:10+00:00\",\"breadcrumb\":{\"@id\":\"https:\/\/www.caladimola.it\/fr\/luncheonette-self-service\/#breadcrumb\"},\"inLanguage\":\"fr-FR\",\"potentialAction\":[{\"@type\":\"ReadAction\",\"target\":[\"https:\/\/www.caladimola.it\/fr\/luncheonette-self-service\/\"]}]},{\"@type\":\"BreadcrumbList\",\"@id\":\"https:\/\/www.caladimola.it\/fr\/luncheonette-self-service\/#breadcrumb\",\"itemListElement\":[{\"@type\":\"ListItem\",\"position\":1,\"name\":\"Home\",\"item\":\"https:\/\/www.caladimola.it\/fr\/home-fra\/\"},{\"@type\":\"ListItem\",\"position\":2,\"name\":\"Luncheonette Self-service\"}]},{\"@type\":\"WebSite\",\"@id\":\"https:\/\/www.caladimola.it\/#website\",\"url\":\"https:\/\/www.caladimola.it\/\",\"name\":\"Hotel e Residence Cala di Mola\",\"description\":\"Hotel e Residence a Porto Azzurro Isola D&#039;Elba\",\"publisher\":{\"@id\":\"https:\/\/www.caladimola.it\/#organization\"},\"potentialAction\":[{\"@type\":\"SearchAction\",\"target\":{\"@type\":\"EntryPoint\",\"urlTemplate\":\"https:\/\/www.caladimola.it\/?s={search_term_string}\"},\"query-input\":{\"@type\":\"PropertyValueSpecification\",\"valueRequired\":true,\"valueName\":\"search_term_string\"}}],\"inLanguage\":\"fr-FR\"},{\"@type\":\"Organization\",\"@id\":\"https:\/\/www.caladimola.it\/#organization\",\"name\":\"Hotel & Residence Cala di Mola\",\"url\":\"https:\/\/www.caladimola.it\/\",\"logo\":{\"@type\":\"ImageObject\",\"inLanguage\":\"fr-FR\",\"@id\":\"https:\/\/www.caladimola.it\/#\/schema\/logo\/image\/\",\"url\":\"https:\/\/www.caladimola.it\/wp-content\/uploads\/sites\/2\/2015\/03\/logo-cala-di-mola-blu.png\",\"contentUrl\":\"https:\/\/www.caladimola.it\/wp-content\/uploads\/sites\/2\/2015\/03\/logo-cala-di-mola-blu.png\",\"width\":250,\"height\":148,\"caption\":\"Hotel & Residence Cala di Mola\"},\"image\":{\"@id\":\"https:\/\/www.caladimola.it\/#\/schema\/logo\/image\/\"}}]}<\/script>\n<!-- \/ Yoast SEO plugin. -->","yoast_head_json":{"title":"Luncheonette Self-service - Hotel e Residence Cala di Mola","robots":{"index":"index","follow":"follow","max-snippet":"max-snippet:-1","max-image-preview":"max-image-preview:large","max-video-preview":"max-video-preview:-1"},"canonical":"https:\/\/www.caladimola.it\/fr\/luncheonette-self-service\/","og_locale":"fr_FR","og_type":"article","og_title":"Luncheonette Self-service - Hotel e Residence Cala di Mola","og_url":"https:\/\/www.caladimola.it\/fr\/luncheonette-self-service\/","og_site_name":"Hotel e Residence Cala di Mola","article_modified_time":"2016-01-03T11:39:10+00:00","twitter_card":"summary_large_image","twitter_misc":{"Dur\u00e9e de lecture estim\u00e9e":"1 minute"},"schema":{"@context":"https:\/\/schema.org","@graph":[{"@type":"WebPage","@id":"https:\/\/www.caladimola.it\/fr\/luncheonette-self-service\/","url":"https:\/\/www.caladimola.it\/fr\/luncheonette-self-service\/","name":"Luncheonette Self-service - Hotel e Residence Cala di Mola","isPartOf":{"@id":"https:\/\/www.caladimola.it\/#website"},"datePublished":"2015-10-02T15:17:30+00:00","dateModified":"2016-01-03T11:39:10+00:00","breadcrumb":{"@id":"https:\/\/www.caladimola.it\/fr\/luncheonette-self-service\/#breadcrumb"},"inLanguage":"fr-FR","potentialAction":[{"@type":"ReadAction","target":["https:\/\/www.caladimola.it\/fr\/luncheonette-self-service\/"]}]},{"@type":"BreadcrumbList","@id":"https:\/\/www.caladimola.it\/fr\/luncheonette-self-service\/#breadcrumb","itemListElement":[{"@type":"ListItem","position":1,"name":"Home","item":"https:\/\/www.caladimola.it\/fr\/home-fra\/"},{"@type":"ListItem","position":2,"name":"Luncheonette Self-service"}]},{"@type":"WebSite","@id":"https:\/\/www.caladimola.it\/#website","url":"https:\/\/www.caladimola.it\/","name":"Hotel e Residence Cala di Mola","description":"Hotel e Residence a Porto Azzurro Isola D&#039;Elba","publisher":{"@id":"https:\/\/www.caladimola.it\/#organization"},"potentialAction":[{"@type":"SearchAction","target":{"@type":"EntryPoint","urlTemplate":"https:\/\/www.caladimola.it\/?s={search_term_string}"},"query-input":{"@type":"PropertyValueSpecification","valueRequired":true,"valueName":"search_term_string"}}],"inLanguage":"fr-FR"},{"@type":"Organization","@id":"https:\/\/www.caladimola.it\/#organization","name":"Hotel & Residence Cala di Mola","url":"https:\/\/www.caladimola.it\/","logo":{"@type":"ImageObject","inLanguage":"fr-FR","@id":"https:\/\/www.caladimola.it\/#\/schema\/logo\/image\/","url":"https:\/\/www.caladimola.it\/wp-content\/uploads\/sites\/2\/2015\/03\/logo-cala-di-mola-blu.png","contentUrl":"https:\/\/www.caladimola.it\/wp-content\/uploads\/sites\/2\/2015\/03\/logo-cala-di-mola-blu.png","width":250,"height":148,"caption":"Hotel & Residence Cala di Mola"},"image":{"@id":"https:\/\/www.caladimola.it\/#\/schema\/logo\/image\/"}}]}},"_links":{"self":[{"href":"https:\/\/www.caladimola.it\/fr\/wp-json\/wp\/v2\/pages\/4458","targetHints":{"allow":["GET"]}}],"collection":[{"href":"https:\/\/www.caladimola.it\/fr\/wp-json\/wp\/v2\/pages"}],"about":[{"href":"https:\/\/www.caladimola.it\/fr\/wp-json\/wp\/v2\/types\/page"}],"author":[{"embeddable":true,"href":"https:\/\/www.caladimola.it\/fr\/wp-json\/wp\/v2\/users\/1"}],"replies":[{"embeddable":true,"href":"https:\/\/www.caladimola.it\/fr\/wp-json\/wp\/v2\/comments?post=4458"}],"version-history":[{"count":2,"href":"https:\/\/www.caladimola.it\/fr\/wp-json\/wp\/v2\/pages\/4458\/revisions"}],"predecessor-version":[{"id":4656,"href":"https:\/\/www.caladimola.it\/fr\/wp-json\/wp\/v2\/pages\/4458\/revisions\/4656"}],"wp:attachment":[{"href":"https:\/\/www.caladimola.it\/fr\/wp-json\/wp\/v2\/media?parent=4458"}],"curies":[{"name":"wp","href":"https:\/\/api.w.org\/{rel}","templated":true}]}}